{"id":8472,"date":"2026-02-26T14:24:04","date_gmt":"2026-02-26T13:24:04","guid":{"rendered":"https:\/\/skischule-innsbruck.com\/?post_type=product&#038;p=8472"},"modified":"2026-03-02T21:23:11","modified_gmt":"2026-03-02T20:23:11","slug":"figl-verleih-ganzer-tag-skielehre","status":"publish","type":"product","link":"https:\/\/skischule-innsbruck.com\/en\/booking\/figl-verleih-ganzer-tag-skielehre\/","title":{"rendered":"Figl Verleih &#8211; Ganzer Tag (SkielehrerIn)"},"content":{"rendered":"<ul>\n<li>For proper functioning of the binding, ski boots with a sole length of at least 270 mm (approx. european shoe size 37, depending on the model) must be worn. Please note that ski touring boots are not always compatible with the Figl binding.<\/li>\n<li>Ski boots can be rented on site at a special price of \u20ac 8.00.<\/li>\n<li>The rules of conduct and general terms and conditions must be accepted on site by means of a signature.<\/li>\n<\/ul>\n<p><a href=\"https:\/\/skischule-innsbruck.com\/en\/snow-fun\/figl-verleih\/\" target=\"_blank\" rel=\"noopener\">Find more info on the website.<\/a><\/p>\n<p><a href=\"https:\/\/skischule-innsbruck.com\/en\/veranstaltungsorte-treffpunkte\/\" target=\"_blank\" rel=\"noopener\">Meeting point &amp; Path descriptions<\/a><\/p>","protected":false},"excerpt":{"rendered":"<p>Voraussetzung: Skischuhe mit Sohlenl\u00e4nge von mind. 270 mm (ca. Schuhgr\u00f6\u00dfe 37, je nach Modell). Bitte beachte, dass Skitourenschuhe nicht immer mit der Figl-Bindung kompatibel sind. Skischuhe k\u00f6nnen vor Ort zum Sonderpreis von \u20ac 8,00 ausgeliehen werden. Die Verhaltensregeln und AGBs m\u00fcssen vor Ort mittels Unterschrift akzeptiert werden. Mehr Informationen finden Sie auf der Figl-Seite Anfahrt [&hellip;]<\/p>\n","protected":false},"featured_media":1272,"comment_status":"closed","ping_status":"closed","template":"","meta":[],"product_brand":[],"product_cat":[40],"product_tag":[],"class_list":{"0":"post-8472","1":"product","2":"type-product","3":"status-publish","4":"has-post-thumbnail","6":"product_cat-figln","8":"first","9":"instock","10":"virtual","11":"sold-individually","12":"taxable","13":"purchasable","14":"product-type-booking"},"acf":[],"_links":{"self":[{"href":"https:\/\/skischule-innsbruck.com\/en\/wp-json\/wp\/v2\/product\/8472","targetHints":{"allow":["GET"]}}],"collection":[{"href":"https:\/\/skischule-innsbruck.com\/en\/wp-json\/wp\/v2\/product"}],"about":[{"href":"https:\/\/skischule-innsbruck.com\/en\/wp-json\/wp\/v2\/types\/product"}],"replies":[{"embeddable":true,"href":"https:\/\/skischule-innsbruck.com\/en\/wp-json\/wp\/v2\/comments?post=8472"}],"wp:featuredmedia":[{"embeddable":true,"href":"https:\/\/skischule-innsbruck.com\/en\/wp-json\/wp\/v2\/media\/1272"}],"wp:attachment":[{"href":"https:\/\/skischule-innsbruck.com\/en\/wp-json\/wp\/v2\/media?parent=8472"}],"wp:term":[{"taxonomy":"product_brand","embeddable":true,"href":"https:\/\/skischule-innsbruck.com\/en\/wp-json\/wp\/v2\/product_brand?post=8472"},{"taxonomy":"product_cat","embeddable":true,"href":"https:\/\/skischule-innsbruck.com\/en\/wp-json\/wp\/v2\/product_cat?post=8472"},{"taxonomy":"product_tag","embeddable":true,"href":"https:\/\/skischule-innsbruck.com\/en\/wp-json\/wp\/v2\/product_tag?post=8472"}],"curies":[{"name":"wp","href":"https:\/\/api.w.org\/{rel}","templated":true}]}}