{"id":7316,"date":"2025-09-10T22:48:13","date_gmt":"2025-09-10T20:48:13","guid":{"rendered":"https:\/\/skischule-innsbruck.com\/?post_type=product&#038;p=7316"},"modified":"2026-02-22T11:58:05","modified_gmt":"2026-02-22T10:58:05","slug":"ski-privatunterricht-vormittag-2-5h-skigebiete-im-grossraum-innsbruck","status":"publish","type":"product","link":"https:\/\/skischule-innsbruck.com\/en\/booking\/ski-privatunterricht-vormittag-2-5h-skigebiete-im-grossraum-innsbruck\/","title":{"rendered":"Ski \u2013 Private Lessons Morning (2.5h) Innsbruck Region"},"content":{"rendered":"<ul>\n<li>Individual lessons for children and adults<\/li>\n<li>For maximum flexibility &amp; fast learning success<\/li>\n<li>Start time 10:00 am<\/li>\n<li>Customized selection of the ski area adapted to individual skill level and weather conditions<\/li>\n<li>Meeting point with your snowsport instructor at the hotel\/ski rental: extra charge \u20ac 30,00 (travel to the skiing \narea by public transport) on request<\/li>\n<\/ul>\n<p><a href=\"https:\/\/skischule-innsbruck.com\/en\/kinder\/\">More information for private classes for children<\/a><\/p>\n<p><a href=\"https:\/\/skischule-innsbruck.com\/en\/erwachsene\/\">More information for private classes for adults<\/a><\/p>","protected":false},"excerpt":{"rendered":"<p>Individualunterricht f\u00fcr Kinder und Erwachsene Maximale Flexibilit\u00e4t und schneller Lernerfolg Startzeit 10:00 Uhr Individuelle Wahl des Skigebiets, angepasst an K\u00f6nnensstufe und Wetterbedingungen Treffpunkt im Hotel und gemeinsame Skibus-Fahrt ins Skigebiet gegen Aufpreis (\u20ac 30,-) optional m\u00f6glich Mehr Infos zu Privatunterricht f\u00fcr Kinder Mehr Infos zu Privatunterricht f\u00fcr Erwachsene<\/p>","protected":false},"featured_media":2728,"comment_status":"closed","ping_status":"closed","template":"","meta":[],"product_brand":[],"product_cat":[42],"product_tag":[],"class_list":{"0":"post-7316","1":"product","2":"type-product","3":"status-publish","4":"has-post-thumbnail","6":"product_cat-erw-privat-neu","8":"first","9":"instock","10":"virtual","11":"sold-individually","12":"taxable","13":"purchasable","14":"product-type-booking"},"acf":[],"_links":{"self":[{"href":"https:\/\/skischule-innsbruck.com\/en\/wp-json\/wp\/v2\/product\/7316","targetHints":{"allow":["GET"]}}],"collection":[{"href":"https:\/\/skischule-innsbruck.com\/en\/wp-json\/wp\/v2\/product"}],"about":[{"href":"https:\/\/skischule-innsbruck.com\/en\/wp-json\/wp\/v2\/types\/product"}],"replies":[{"embeddable":true,"href":"https:\/\/skischule-innsbruck.com\/en\/wp-json\/wp\/v2\/comments?post=7316"}],"wp:featuredmedia":[{"embeddable":true,"href":"https:\/\/skischule-innsbruck.com\/en\/wp-json\/wp\/v2\/media\/2728"}],"wp:attachment":[{"href":"https:\/\/skischule-innsbruck.com\/en\/wp-json\/wp\/v2\/media?parent=7316"}],"wp:term":[{"taxonomy":"product_brand","embeddable":true,"href":"https:\/\/skischule-innsbruck.com\/en\/wp-json\/wp\/v2\/product_brand?post=7316"},{"taxonomy":"product_cat","embeddable":true,"href":"https:\/\/skischule-innsbruck.com\/en\/wp-json\/wp\/v2\/product_cat?post=7316"},{"taxonomy":"product_tag","embeddable":true,"href":"https:\/\/skischule-innsbruck.com\/en\/wp-json\/wp\/v2\/product_tag?post=7316"}],"curies":[{"name":"wp","href":"https:\/\/api.w.org\/{rel}","templated":true}]}}