{"id":2624,"date":"2021-11-30T16:32:03","date_gmt":"2021-11-30T15:32:03","guid":{"rendered":"https:\/\/skischule-innsbruck.com\/?post_type=product&#038;p=2624"},"modified":"2024-09-09T18:37:15","modified_gmt":"2024-09-09T16:37:15","slug":"mondschein-rodeln","status":"publish","type":"product","link":"https:\/\/skischule-innsbruck.com\/en\/booking\/mondschein-rodeln\/","title":{"rendered":"Moonlight Sledging"},"content":{"rendered":"<ul>\n<li>Every Thursday, no special knowledge necessary<\/li>\n<li>Pick up at the hotel in Innsbruck<\/li>\n<li>One price covers everything: toboggan, transfer, guide and a hot drink<\/li>\n<li>Bookable for individuals (we recommend a minimum age of 12 years)<\/li>\n<li>Duration depends on the chosen toboggan run (approx. 7 pm to 10:30 pm)<\/li>\n<\/ul>\n<p><a href=\"https:\/\/skischule-innsbruck.com\/en\/rodeln\/mondschein-rodeln\/\" target=\"_blank\" rel=\"noopener\">Find more info on the website.<\/a><\/p>","protected":false},"excerpt":{"rendered":"<p>Jeden Donnerstag, keine Vorkenntnisse notwendig Abholung beim Hotel in Innsbruck Ein Preis f\u00fcr alles: Rodel, Transfer, Guide und ein Hei\u00dfgetr\u00e4nk im Preis inklusive F\u00fcr Kinder und Erwachsene buchbar (wir empfehlen einen Mindestalter von 12 Jahren) Dauer ist abh\u00e4ngig von der gew\u00e4hlten Rodelbahn (ca. 19:00 Uhr bis 22:30 Uhr) Mehr Infos finden Sie auf der Kursseite<\/p>","protected":false},"featured_media":2625,"comment_status":"closed","ping_status":"closed","template":"","meta":[],"product_brand":[],"product_cat":[39],"product_tag":[],"class_list":{"0":"post-2624","1":"product","2":"type-product","3":"status-publish","4":"has-post-thumbnail","6":"product_cat-bus","8":"first","9":"instock","10":"virtual","11":"sold-individually","12":"taxable","13":"purchasable","14":"product-type-booking"},"acf":[],"_links":{"self":[{"href":"https:\/\/skischule-innsbruck.com\/en\/wp-json\/wp\/v2\/product\/2624","targetHints":{"allow":["GET"]}}],"collection":[{"href":"https:\/\/skischule-innsbruck.com\/en\/wp-json\/wp\/v2\/product"}],"about":[{"href":"https:\/\/skischule-innsbruck.com\/en\/wp-json\/wp\/v2\/types\/product"}],"replies":[{"embeddable":true,"href":"https:\/\/skischule-innsbruck.com\/en\/wp-json\/wp\/v2\/comments?post=2624"}],"wp:featuredmedia":[{"embeddable":true,"href":"https:\/\/skischule-innsbruck.com\/en\/wp-json\/wp\/v2\/media\/2625"}],"wp:attachment":[{"href":"https:\/\/skischule-innsbruck.com\/en\/wp-json\/wp\/v2\/media?parent=2624"}],"wp:term":[{"taxonomy":"product_brand","embeddable":true,"href":"https:\/\/skischule-innsbruck.com\/en\/wp-json\/wp\/v2\/product_brand?post=2624"},{"taxonomy":"product_cat","embeddable":true,"href":"https:\/\/skischule-innsbruck.com\/en\/wp-json\/wp\/v2\/product_cat?post=2624"},{"taxonomy":"product_tag","embeddable":true,"href":"https:\/\/skischule-innsbruck.com\/en\/wp-json\/wp\/v2\/product_tag?post=2624"}],"curies":[{"name":"wp","href":"https:\/\/api.w.org\/{rel}","templated":true}]}}