{"id":2622,"date":"2021-11-30T12:32:08","date_gmt":"2021-11-30T11:32:08","guid":{"rendered":"https:\/\/skischule-innsbruck.com\/?post_type=product&#038;p=2622"},"modified":"2026-02-15T09:37:17","modified_gmt":"2026-02-15T08:37:17","slug":"snowboard-gruppenkurs","status":"publish","type":"product","link":"https:\/\/skischule-innsbruck.com\/en\/booking\/snowboard-gruppenkurs\/","title":{"rendered":"Snowboard - Group lesson for beginners"},"content":{"rendered":"<ul>\n<li><strong>This is a beginner snowboard course!<\/strong><\/li>\n<li>Safe and communicative learning of new techniques<\/li>\n<li>For adults, teenagers, and children from 8 years old <strong>(beginners only!)<\/strong><\/li>\n<li>Duration per day: 2.5h<\/li>\n<li>Class starting time in the Patscherkofel ski area at 9:30 am or 10 am (depending on the date)<\/li>\n<\/ul>\n<p><a href=\"https:\/\/skischule-innsbruck.com\/en\/erwachsene\/snowboard-erwachsene\/gruppenkurs\/\" target=\"_blank\" rel=\"noopener\">Find more info on the website.<\/a><\/p>\n<p>We are pleased to offer private classes for advanced snowboarders to address your skill level explicitly!<\/p>","protected":false},"excerpt":{"rendered":"<p>Dies ist ein Anf\u00e4nger Snowboardkurs! Leistungshomogene Gruppen &#8211; Sicher und gesellig neue Techniken erlernen F\u00fcr Erwachsene, Teenager und Kinder ab 8 Jahre (nur Anf\u00e4nger!) Unterrichtsdauer pro Tag 2,5 h Kursbeginn im Skigebiet Patscherkofel um 9:30 Uhr bzw. 10:00 Uhr (je nach Termin) Mehr Infos finden Sie auf der Kursseite. F\u00fcr Snowboarder:innen mit Erfahrung bieten wir [&hellip;]<\/p>\n","protected":false},"featured_media":1131,"comment_status":"closed","ping_status":"closed","template":"","meta":[],"product_brand":[],"product_cat":[33],"product_tag":[],"class_list":{"0":"post-2622","1":"product","2":"type-product","3":"status-publish","4":"has-post-thumbnail","6":"product_cat-erw-gruppe","8":"first","9":"instock","10":"virtual","11":"sold-individually","12":"taxable","13":"purchasable","14":"product-type-booking"},"acf":[],"_links":{"self":[{"href":"https:\/\/skischule-innsbruck.com\/en\/wp-json\/wp\/v2\/product\/2622","targetHints":{"allow":["GET"]}}],"collection":[{"href":"https:\/\/skischule-innsbruck.com\/en\/wp-json\/wp\/v2\/product"}],"about":[{"href":"https:\/\/skischule-innsbruck.com\/en\/wp-json\/wp\/v2\/types\/product"}],"replies":[{"embeddable":true,"href":"https:\/\/skischule-innsbruck.com\/en\/wp-json\/wp\/v2\/comments?post=2622"}],"wp:featuredmedia":[{"embeddable":true,"href":"https:\/\/skischule-innsbruck.com\/en\/wp-json\/wp\/v2\/media\/1131"}],"wp:attachment":[{"href":"https:\/\/skischule-innsbruck.com\/en\/wp-json\/wp\/v2\/media?parent=2622"}],"wp:term":[{"taxonomy":"product_brand","embeddable":true,"href":"https:\/\/skischule-innsbruck.com\/en\/wp-json\/wp\/v2\/product_brand?post=2622"},{"taxonomy":"product_cat","embeddable":true,"href":"https:\/\/skischule-innsbruck.com\/en\/wp-json\/wp\/v2\/product_cat?post=2622"},{"taxonomy":"product_tag","embeddable":true,"href":"https:\/\/skischule-innsbruck.com\/en\/wp-json\/wp\/v2\/product_tag?post=2622"}],"curies":[{"name":"wp","href":"https:\/\/api.w.org\/{rel}","templated":true}]}}