{"id":2600,"date":"2021-11-30T09:49:39","date_gmt":"2021-11-30T08:49:39","guid":{"rendered":"https:\/\/skischule-innsbruck.com\/?post_type=product&#038;p=2600"},"modified":"2025-08-06T20:48:32","modified_gmt":"2025-08-06T18:48:32","slug":"baernhards-snowshuttle","status":"publish","type":"product","link":"https:\/\/skischule-innsbruck.com\/en\/booking\/baernhards-snowshuttle\/","title":{"rendered":"B\u00e4rnhards SnowShuttle"},"content":{"rendered":"<ul>\n<li>Shuttle from Innsbruck City to Mountain Patscherkofel and back.<\/li>\n<li>Bus stops: Marktplatz, Tivoli, Igls Altes Rathaus<\/li>\n<li>Bookable for the following dates<\/li>\n<li>Dates:\n<ul>\n<li>02.-05. J\u00e4nner 2026 (Weihnachtsferien 2. Woche)<\/li>\n<li>09-13 February 2026 (Tyrolean semester break)<\/li>\n<\/ul>\n<\/li>\n<\/ul>\n<p><a href=\"https:\/\/skischule-innsbruck.com\/en\/baernhards-snowshuttle\/\" target=\"_blank\" rel=\"noopener\">More info about departure times and bus stops<\/a><\/p>","protected":false},"excerpt":{"rendered":"<p>Transfer von Innsbruck Stadt zum Patscherkofel &amp; retour Ein- und Ausstiegsm\u00f6glichkeiten: Haltestelle Marktplatz, Haltestelle Tivoli, Haltestelle Igls Altes Rathaus Buchbar f\u00fcr alle Kurse zu den angegebenen Terminen Termine: 02.-05. J\u00e4nner 2026 (Weihnachtsferien 2. Woche) 09.-13. Feber 2026 (Tiroler Semesterferien) Genaue Infos zu Abfahrtszeiten und Haltestellen<\/p>","protected":false},"featured_media":2609,"comment_status":"closed","ping_status":"closed","template":"","meta":[],"product_brand":[],"product_cat":[39],"product_tag":[],"class_list":{"0":"post-2600","1":"product","2":"type-product","3":"status-publish","4":"has-post-thumbnail","6":"product_cat-bus","8":"first","9":"instock","10":"virtual","11":"sold-individually","12":"taxable","13":"purchasable","14":"product-type-booking"},"acf":[],"_links":{"self":[{"href":"https:\/\/skischule-innsbruck.com\/en\/wp-json\/wp\/v2\/product\/2600","targetHints":{"allow":["GET"]}}],"collection":[{"href":"https:\/\/skischule-innsbruck.com\/en\/wp-json\/wp\/v2\/product"}],"about":[{"href":"https:\/\/skischule-innsbruck.com\/en\/wp-json\/wp\/v2\/types\/product"}],"replies":[{"embeddable":true,"href":"https:\/\/skischule-innsbruck.com\/en\/wp-json\/wp\/v2\/comments?post=2600"}],"wp:featuredmedia":[{"embeddable":true,"href":"https:\/\/skischule-innsbruck.com\/en\/wp-json\/wp\/v2\/media\/2609"}],"wp:attachment":[{"href":"https:\/\/skischule-innsbruck.com\/en\/wp-json\/wp\/v2\/media?parent=2600"}],"wp:term":[{"taxonomy":"product_brand","embeddable":true,"href":"https:\/\/skischule-innsbruck.com\/en\/wp-json\/wp\/v2\/product_brand?post=2600"},{"taxonomy":"product_cat","embeddable":true,"href":"https:\/\/skischule-innsbruck.com\/en\/wp-json\/wp\/v2\/product_cat?post=2600"},{"taxonomy":"product_tag","embeddable":true,"href":"https:\/\/skischule-innsbruck.com\/en\/wp-json\/wp\/v2\/product_tag?post=2600"}],"curies":[{"name":"wp","href":"https:\/\/api.w.org\/{rel}","templated":true}]}}