{"id":2597,"date":"2021-11-30T09:17:15","date_gmt":"2021-11-30T08:17:15","guid":{"rendered":"https:\/\/skischule-innsbruck.com\/?post_type=product&#038;p=2597"},"modified":"2025-08-06T20:50:53","modified_gmt":"2025-08-06T18:50:53","slug":"betreutes-mittagessen","status":"publish","type":"product","link":"https:\/\/skischule-innsbruck.com\/en\/booking\/betreutes-mittagessen\/","title":{"rendered":"Supervised Lunch"},"content":{"rendered":"<ul>\n<li>Drink (juice \"ski water\" or tap water) and a child-friendly warm meal every day<\/li>\n<li>Please inform us about allergies and intolerances at least 2 days before the beginning of the course.<\/li>\n<li>We recommend booking this offer to provide full-day care. Children without lunch supervision must be picked up for the duration of the lunch break.<\/li>\n<\/ul>","protected":false},"excerpt":{"rendered":"<p>Jeden Tag ein Getr\u00e4nk (Verd\u00fcnnungssaft &#8222;Skiwasser&#8220; oder Leitungswasser) und eine kindgerechte warme Speise Bitte geben Sie uns sp\u00e4testens 2 Tage vor Kursbeginn etwaige Allergien und Unvertr\u00e4glichkeiten bekannt Wir empfehlen eine Buchung dieses Angebots, um eine Ganztagesbetreuung zu gew\u00e4hrleisten. Kinder ohne Mittagsbetreuung m\u00fcssen f\u00fcr die Dauer der Mittagspause abgeholt werden.<\/p>","protected":false},"featured_media":2598,"comment_status":"closed","ping_status":"closed","template":"","meta":[],"product_brand":[],"product_cat":[38],"product_tag":[],"class_list":{"0":"post-2597","1":"product","2":"type-product","3":"status-publish","4":"has-post-thumbnail","6":"product_cat-mittagessen","8":"first","9":"instock","10":"virtual","11":"sold-individually","12":"taxable","13":"purchasable","14":"product-type-booking"},"acf":[],"_links":{"self":[{"href":"https:\/\/skischule-innsbruck.com\/en\/wp-json\/wp\/v2\/product\/2597","targetHints":{"allow":["GET"]}}],"collection":[{"href":"https:\/\/skischule-innsbruck.com\/en\/wp-json\/wp\/v2\/product"}],"about":[{"href":"https:\/\/skischule-innsbruck.com\/en\/wp-json\/wp\/v2\/types\/product"}],"replies":[{"embeddable":true,"href":"https:\/\/skischule-innsbruck.com\/en\/wp-json\/wp\/v2\/comments?post=2597"}],"wp:featuredmedia":[{"embeddable":true,"href":"https:\/\/skischule-innsbruck.com\/en\/wp-json\/wp\/v2\/media\/2598"}],"wp:attachment":[{"href":"https:\/\/skischule-innsbruck.com\/en\/wp-json\/wp\/v2\/media?parent=2597"}],"wp:term":[{"taxonomy":"product_brand","embeddable":true,"href":"https:\/\/skischule-innsbruck.com\/en\/wp-json\/wp\/v2\/product_brand?post=2597"},{"taxonomy":"product_cat","embeddable":true,"href":"https:\/\/skischule-innsbruck.com\/en\/wp-json\/wp\/v2\/product_cat?post=2597"},{"taxonomy":"product_tag","embeddable":true,"href":"https:\/\/skischule-innsbruck.com\/en\/wp-json\/wp\/v2\/product_tag?post=2597"}],"curies":[{"name":"wp","href":"https:\/\/api.w.org\/{rel}","templated":true}]}}