{"id":2580,"date":"2021-11-29T17:10:30","date_gmt":"2021-11-29T16:10:30","guid":{"rendered":"https:\/\/skischule-innsbruck.com\/?post_type=product&#038;p=2580"},"modified":"2026-02-19T13:29:01","modified_gmt":"2026-02-19T12:29:01","slug":"snowboard-supermini","status":"publish","type":"product","link":"https:\/\/skischule-innsbruck.com\/en\/booking\/snowboard-supermini\/","title":{"rendered":"Snowboard &#8211; Supermini"},"content":{"rendered":"<ul>\n<li>Playful teaching approach for first small successes on the snowboard<\/li>\n<li>For beginners between 5 and 7.5 years old<\/li>\n<li>Kursstart Montag &#8211; Freitag um 13:15 Uhr (weitere Uhrzeiten auf Anfrage)<\/li>\n<li>Short lesson time (45 - 60 min)<\/li>\n<li>Maximum 2 children per instructor<\/li>\n<\/ul>\n<p><a href=\"https:\/\/skischule-innsbruck.com\/en\/kinder\/snowboard-kinder\/snowboard-supermini\/\" target=\"_blank\" rel=\"noopener\">Find more info on the website.<\/a><\/p>\n<p><a href=\"https:\/\/skischule-innsbruck.com\/en\/veranstaltungsorte-treffpunkte\/\">Meeting point &amp; Path descriptions<\/a><\/p>","protected":false},"excerpt":{"rendered":"<p>Spielerischer Lehransatz f\u00fcr erste kleine Erfolge am Snowboard F\u00fcr Anf\u00e4ngerInnen zwischen 5 und 7,5 Jahre Kursstart Montag &#8211; Freitag um 13:15 Uhr (weitere Uhrzeiten auf Anfrage) Kurze Unterrichtszeit (45 \u2013 60 min) Maximal 2 Kinder pro LehrerIn Mehr Infos finden Sie auf der Kursseite Treffpunkte &amp; Wegbeschreibungen<\/p>","protected":false},"featured_media":612,"comment_status":"closed","ping_status":"closed","template":"","meta":[],"product_brand":[],"product_cat":[34],"product_tag":[],"class_list":{"0":"post-2580","1":"product","2":"type-product","3":"status-publish","4":"has-post-thumbnail","6":"product_cat-erw-privat","8":"first","9":"instock","10":"virtual","11":"sold-individually","12":"taxable","13":"purchasable","14":"product-type-booking"},"acf":[],"_links":{"self":[{"href":"https:\/\/skischule-innsbruck.com\/en\/wp-json\/wp\/v2\/product\/2580","targetHints":{"allow":["GET"]}}],"collection":[{"href":"https:\/\/skischule-innsbruck.com\/en\/wp-json\/wp\/v2\/product"}],"about":[{"href":"https:\/\/skischule-innsbruck.com\/en\/wp-json\/wp\/v2\/types\/product"}],"replies":[{"embeddable":true,"href":"https:\/\/skischule-innsbruck.com\/en\/wp-json\/wp\/v2\/comments?post=2580"}],"wp:featuredmedia":[{"embeddable":true,"href":"https:\/\/skischule-innsbruck.com\/en\/wp-json\/wp\/v2\/media\/612"}],"wp:attachment":[{"href":"https:\/\/skischule-innsbruck.com\/en\/wp-json\/wp\/v2\/media?parent=2580"}],"wp:term":[{"taxonomy":"product_brand","embeddable":true,"href":"https:\/\/skischule-innsbruck.com\/en\/wp-json\/wp\/v2\/product_brand?post=2580"},{"taxonomy":"product_cat","embeddable":true,"href":"https:\/\/skischule-innsbruck.com\/en\/wp-json\/wp\/v2\/product_cat?post=2580"},{"taxonomy":"product_tag","embeddable":true,"href":"https:\/\/skischule-innsbruck.com\/en\/wp-json\/wp\/v2\/product_tag?post=2580"}],"curies":[{"name":"wp","href":"https:\/\/api.w.org\/{rel}","templated":true}]}}