{"id":2578,"date":"2021-11-29T16:35:30","date_gmt":"2021-11-29T15:35:30","guid":{"rendered":"https:\/\/skischule-innsbruck.com\/?post_type=product&#038;p=2578"},"modified":"2024-09-10T15:11:56","modified_gmt":"2024-09-10T13:11:56","slug":"ski-kinder-gruppenkurs-ganztag","status":"publish","type":"product","link":"https:\/\/skischule-innsbruck.com\/en\/booking\/ski-kinder-gruppenkurs-ganztag\/","title":{"rendered":"Ski Kinder &#8211; Gruppenkurs Ganztag ALT"},"content":{"rendered":"<ul>\n<li>For advanced skiers from 6 years<\/li>\n<li>4 hours of lessons per day in small, homogeneous groups<\/li>\n<li>Kursbeginn im Skigebiet Patscherkofel um 9:30 Uhr<\/li>\n<li>Final competition with medal and certificate for every child (special rule during Christmas vacations)<\/li>\n<li class=\"translation-block\">Add the product <a href=\"https:\/\/skischule-innsbruck.com\/en\/booking\/betreutes-mittagessen\/\" target=\"_self\">\u201eSupervised Lunch\u201c<\/a> for full-day-care.<\/li>\n<li class=\"translation-block\"><strong>For Christmas and semester break please book <a href=\"https:\/\/skischule-innsbruck.com\/en\/booking\/ski-kinder-gruppenkurs-ganztag-ferien\/\" target=\"_self\">here<\/a>.<\/strong><\/li>\n<\/ul>\n<p><a href=\"https:\/\/skischule-innsbruck.com\/en\/kinder\/ski-kinder\/gruppenkurs-ganztag\/\" target=\"_blank\" rel=\"noopener\">Find more info on the website.<\/a><\/p>","protected":false},"excerpt":{"rendered":"<p>F\u00fcr fortgeschrittene Kinder ab 6 Jahre Pro Tag 4 Stunden Unterricht in kleinen, leistungshomogenen Gruppen Kursbeginn im Skigebiet Patscherkofel um 9:30 Uhr Moderierter Abschlussbewerb mit Medaille und Urkunde f\u00fcr alle teilnehmenden Kinder (Sonderregelug in den Weihnachtsferien) F\u00fcgen Sie das Produkt &#8222;Betreutes Mittagessen&#8220; hinzu, um eine Ganztagesbetreuung zu gew\u00e4hrleisten. F\u00fcr die Weihnachts- und Semesterferien klicken Sie [&hellip;]<\/p>\n","protected":false},"featured_media":602,"comment_status":"closed","ping_status":"closed","template":"","meta":[],"product_brand":[],"product_cat":[35],"product_tag":[],"class_list":{"0":"post-2578","1":"product","2":"type-product","3":"status-publish","4":"has-post-thumbnail","6":"product_cat-kinder-gruppe","8":"first","9":"instock","10":"virtual","11":"sold-individually","12":"taxable","13":"purchasable","14":"product-type-booking"},"acf":[],"_links":{"self":[{"href":"https:\/\/skischule-innsbruck.com\/en\/wp-json\/wp\/v2\/product\/2578","targetHints":{"allow":["GET"]}}],"collection":[{"href":"https:\/\/skischule-innsbruck.com\/en\/wp-json\/wp\/v2\/product"}],"about":[{"href":"https:\/\/skischule-innsbruck.com\/en\/wp-json\/wp\/v2\/types\/product"}],"replies":[{"embeddable":true,"href":"https:\/\/skischule-innsbruck.com\/en\/wp-json\/wp\/v2\/comments?post=2578"}],"wp:featuredmedia":[{"embeddable":true,"href":"https:\/\/skischule-innsbruck.com\/en\/wp-json\/wp\/v2\/media\/602"}],"wp:attachment":[{"href":"https:\/\/skischule-innsbruck.com\/en\/wp-json\/wp\/v2\/media?parent=2578"}],"wp:term":[{"taxonomy":"product_brand","embeddable":true,"href":"https:\/\/skischule-innsbruck.com\/en\/wp-json\/wp\/v2\/product_brand?post=2578"},{"taxonomy":"product_cat","embeddable":true,"href":"https:\/\/skischule-innsbruck.com\/en\/wp-json\/wp\/v2\/product_cat?post=2578"},{"taxonomy":"product_tag","embeddable":true,"href":"https:\/\/skischule-innsbruck.com\/en\/wp-json\/wp\/v2\/product_tag?post=2578"}],"curies":[{"name":"wp","href":"https:\/\/api.w.org\/{rel}","templated":true}]}}