{"id":2577,"date":"2021-11-29T16:27:00","date_gmt":"2021-11-29T15:27:00","guid":{"rendered":"https:\/\/skischule-innsbruck.com\/?post_type=product&#038;p=2577"},"modified":"2025-08-06T21:51:23","modified_gmt":"2025-08-06T19:51:23","slug":"ski-kinder-special-deal-gruppenkurs-ferien","status":"publish","type":"product","link":"https:\/\/skischule-innsbruck.com\/en\/booking\/ski-kinder-special-deal-gruppenkurs-ferien\/","title":{"rendered":"Snowboard Kids - Special Deal Group Course (Tyrol Holidays)"},"content":{"rendered":"<p><strong>Course Dates:\u00a0<\/strong><\/p>\n<ul>\n<li>03.-05. J\u00e4nner 2026<\/li>\n<li>10.-12. Feber 2026<\/li>\n<\/ul>\n<p><a href=\"https:\/\/skischule-innsbruck.com\/en\/kinder\/snowboard-kinder\/special-deal-gruppenkurs\/\" target=\"_blank\" rel=\"noopener\">Find more info on the website.<\/a><\/p>\n<ul>\n<li>3 days with 4 hours intensive training program in small, performance-homogeneous groups (single days not possible!)<\/li>\n<li>For beginner and advanced snowboard-kids and snowboard-teenies from 8 years<\/li>\n<li>In small, homogeneous-level groups<\/li>\n<li class=\"translation-block\">Add the product <a href=\"https:\/\/skischule-innsbruck.com\/en\/booking\/betreutes-mittagessen\/\" target=\"_self\">\u201eSupervised Lunch\u201c<\/a> for full-day-care.<\/li>\n<\/ul>","protected":false},"excerpt":{"rendered":"<p>Kurstermine:\u00a0 03.-05. J\u00e4nner 2026 10.-12. Feber 2026 Mehr Informationen finden Sie auf der Kursseite. 3 Tage \u00e1 4 Stunden\u00a0 intensives Trainingsprogramm in kleinen, leistungshomogenen Gruppen (Einzeltage nicht m\u00f6glich!) F\u00fcr Beginner und fortgeschrittene Snowboard-Kinder ab 8 Jahren sowie f\u00fcr Teenager Kursstart im Skigebiet Patscherkofel um 10:00 Uhr; Kursende um 15:00 Uhr Ganztagesbetreuung bei Buchung von &#8222;Betreutes [&hellip;]<\/p>\n","protected":false},"featured_media":2642,"comment_status":"closed","ping_status":"closed","template":"","meta":[],"product_brand":[],"product_cat":[35],"product_tag":[],"class_list":{"0":"post-2577","1":"product","2":"type-product","3":"status-publish","4":"has-post-thumbnail","6":"product_cat-kinder-gruppe","8":"first","9":"instock","10":"virtual","11":"sold-individually","12":"taxable","13":"purchasable","14":"product-type-booking"},"acf":[],"_links":{"self":[{"href":"https:\/\/skischule-innsbruck.com\/en\/wp-json\/wp\/v2\/product\/2577","targetHints":{"allow":["GET"]}}],"collection":[{"href":"https:\/\/skischule-innsbruck.com\/en\/wp-json\/wp\/v2\/product"}],"about":[{"href":"https:\/\/skischule-innsbruck.com\/en\/wp-json\/wp\/v2\/types\/product"}],"replies":[{"embeddable":true,"href":"https:\/\/skischule-innsbruck.com\/en\/wp-json\/wp\/v2\/comments?post=2577"}],"wp:featuredmedia":[{"embeddable":true,"href":"https:\/\/skischule-innsbruck.com\/en\/wp-json\/wp\/v2\/media\/2642"}],"wp:attachment":[{"href":"https:\/\/skischule-innsbruck.com\/en\/wp-json\/wp\/v2\/media?parent=2577"}],"wp:term":[{"taxonomy":"product_brand","embeddable":true,"href":"https:\/\/skischule-innsbruck.com\/en\/wp-json\/wp\/v2\/product_brand?post=2577"},{"taxonomy":"product_cat","embeddable":true,"href":"https:\/\/skischule-innsbruck.com\/en\/wp-json\/wp\/v2\/product_cat?post=2577"},{"taxonomy":"product_tag","embeddable":true,"href":"https:\/\/skischule-innsbruck.com\/en\/wp-json\/wp\/v2\/product_tag?post=2577"}],"curies":[{"name":"wp","href":"https:\/\/api.w.org\/{rel}","templated":true}]}}