{"id":2570,"date":"2021-11-29T15:41:14","date_gmt":"2021-11-29T14:41:14","guid":{"rendered":"https:\/\/skischule-innsbruck.com\/?post_type=product&#038;p=2570"},"modified":"2026-02-19T13:29:39","modified_gmt":"2026-02-19T12:29:39","slug":"ski-privatunterricht-nachmittag-2-5h","status":"publish","type":"product","link":"https:\/\/skischule-innsbruck.com\/en\/booking\/ski-privatunterricht-nachmittag-2-5h\/","title":{"rendered":"Ski \u2013 Private Lessons Afternoon (2.5h) Innsbruck Ski Areas"},"content":{"rendered":"<ul>\n<li>Individual lessons for children and adults for all skill levels<\/li>\n<li>For maximum flexibility &amp; fast learning success<\/li>\n<li>Course duration from 1.15 pm to 3.45 pm (2.5h)<\/li>\n<li>Customized selection of the ski area adapted to individual skill level and weather conditions<\/li>\n<li>We kindly ask you to arrive at your<a href=\"https:\/\/skischule-innsbruck.com\/en\/veranstaltungsorte-treffpunkte\/\"> selected meeting point<\/a> 5\u201310 minutes before the start of the lesson, so that the lesson can begin on time.<\/li>\n<\/ul>\n<p><a href=\"https:\/\/skischule-innsbruck.com\/en\/kinder\/\">More information for private classes for children<\/a><\/p>\n<p><a href=\"https:\/\/skischule-innsbruck.com\/en\/erwachsene\/\">More information for private classes for adults<\/a><\/p>\n<p><a href=\"https:\/\/skischule-innsbruck.com\/en\/veranstaltungsorte-treffpunkte\/\">Meeting point &amp; Path descriptions<\/a><\/p>","protected":false},"excerpt":{"rendered":"<p>Individualunterricht f\u00fcr Kinder und Erwachsene f\u00fcr alle K\u00f6nnensstufen Maximale Flexibilit\u00e4t und schneller Lernerfolg Kursdauer von 13:15-15:45 Uhr (2.5h) Individuelle Wahl des Skigebiets, angepasst an K\u00f6nnensstufe und Wetterbedingungen Wir bitten Sie, 5\u201310 Minuten vor Kursbeginn am von Ihnen gew\u00e4hlten Treffpunkt zu erscheinen, damit der Unterricht p\u00fcnktlich starten kann. Mehr Infos zu Privatunterricht f\u00fcr Kinder Mehr Infos [&hellip;]<\/p>\n","protected":false},"featured_media":2646,"comment_status":"closed","ping_status":"closed","template":"","meta":[],"product_brand":[],"product_cat":[34],"product_tag":[],"class_list":{"0":"post-2570","1":"product","2":"type-product","3":"status-publish","4":"has-post-thumbnail","6":"product_cat-erw-privat","8":"first","9":"instock","10":"virtual","11":"sold-individually","12":"taxable","13":"purchasable","14":"product-type-booking"},"acf":[],"_links":{"self":[{"href":"https:\/\/skischule-innsbruck.com\/en\/wp-json\/wp\/v2\/product\/2570","targetHints":{"allow":["GET"]}}],"collection":[{"href":"https:\/\/skischule-innsbruck.com\/en\/wp-json\/wp\/v2\/product"}],"about":[{"href":"https:\/\/skischule-innsbruck.com\/en\/wp-json\/wp\/v2\/types\/product"}],"replies":[{"embeddable":true,"href":"https:\/\/skischule-innsbruck.com\/en\/wp-json\/wp\/v2\/comments?post=2570"}],"wp:featuredmedia":[{"embeddable":true,"href":"https:\/\/skischule-innsbruck.com\/en\/wp-json\/wp\/v2\/media\/2646"}],"wp:attachment":[{"href":"https:\/\/skischule-innsbruck.com\/en\/wp-json\/wp\/v2\/media?parent=2570"}],"wp:term":[{"taxonomy":"product_brand","embeddable":true,"href":"https:\/\/skischule-innsbruck.com\/en\/wp-json\/wp\/v2\/product_brand?post=2570"},{"taxonomy":"product_cat","embeddable":true,"href":"https:\/\/skischule-innsbruck.com\/en\/wp-json\/wp\/v2\/product_cat?post=2570"},{"taxonomy":"product_tag","embeddable":true,"href":"https:\/\/skischule-innsbruck.com\/en\/wp-json\/wp\/v2\/product_tag?post=2570"}],"curies":[{"name":"wp","href":"https:\/\/api.w.org\/{rel}","templated":true}]}}