{"id":2567,"date":"2021-11-28T16:55:59","date_gmt":"2021-11-28T15:55:59","guid":{"rendered":"https:\/\/skischule-innsbruck.com\/?post_type=product&#038;p=2567"},"modified":"2025-08-06T21:54:17","modified_gmt":"2025-08-06T19:54:17","slug":"ski-kinder-ski-freestyle","status":"publish","type":"product","link":"https:\/\/skischule-innsbruck.com\/en\/booking\/ski-kinder-ski-freestyle\/","title":{"rendered":"Ski Kids - Freestyle Group Course 3 Days"},"content":{"rendered":"<p><strong>Course Dates:\u00a0<\/strong><\/p>\n<ul>\n<li>03.-05. J\u00e4nner 2026<\/li>\n<li>10.-12. Feber 2026<\/li>\n<\/ul>\n<p>&nbsp;<\/p>\n<ul>\n<li>Cool training program: piste tricks, 180', 360', rails, boxes, build and shape your own little kickers<\/li>\n<li>For advanced skiers (minimum skiing level 4) from 8 years and older<\/li>\n<li>3 days \u00e1 4 hours of instruction in small, performance-homogeneous groups (individual days not possible!)<\/li>\n<li>In small, homogeneous-level groups<\/li>\n<li class=\"translation-block\">Add the product <a href=\"https:\/\/skischule-innsbruck.com\/en\/booking\/betreutes-mittagessen\/\" target=\"_self\">\u201eSupervised Lunch\u201c<\/a> for full-day-care.<\/li>\n<li>Book <a href=\"https:\/\/skischule-innsbruck.com\/en\/booking\/baernhards-snowshuttle\/\" target=\"_blank\" rel=\"noopener\">B\u00e4rnhard\u00b4s Snowshuttle<\/a> to this course to use the transfer from Innsbruck to Patscherkofel &amp; back<\/li>\n<\/ul>\n<p><a href=\"https:\/\/skischule-innsbruck.com\/en\/kinder\/ski-kinder\/gruppenkurs-halbtag\/\">Find more info on the website.<\/a><\/p>","protected":false},"excerpt":{"rendered":"<p>Kurstermine:\u00a0 03.-05. J\u00e4nner 2026 10.-12. Feber 2026 &nbsp; Cooles Trainingsprogramm: Pistentricks, 180er, 360er, Rails, Boxen, bauen und shapen eigener kleiner Kicker F\u00fcr fortgeschrittene Ski-Kinder ab 8 Jahren sowie f\u00fcr Teenager 3 Tage \u00e1 4 Stunden Unterricht in kleinen, leistungshomogenen Gruppen (Einzeltage nicht m\u00f6glich!) Kursstart im Skigebiet Patscherkofel um 10:00 Uhr; Kursende um 15:00 Uhr Ganztagesbetreuung [&hellip;]<\/p>\n","protected":false},"featured_media":2568,"comment_status":"closed","ping_status":"closed","template":"","meta":[],"product_brand":[],"product_cat":[35],"product_tag":[],"class_list":{"0":"post-2567","1":"product","2":"type-product","3":"status-publish","4":"has-post-thumbnail","6":"product_cat-kinder-gruppe","8":"first","9":"instock","10":"virtual","11":"sold-individually","12":"taxable","13":"purchasable","14":"product-type-booking"},"acf":[],"_links":{"self":[{"href":"https:\/\/skischule-innsbruck.com\/en\/wp-json\/wp\/v2\/product\/2567","targetHints":{"allow":["GET"]}}],"collection":[{"href":"https:\/\/skischule-innsbruck.com\/en\/wp-json\/wp\/v2\/product"}],"about":[{"href":"https:\/\/skischule-innsbruck.com\/en\/wp-json\/wp\/v2\/types\/product"}],"replies":[{"embeddable":true,"href":"https:\/\/skischule-innsbruck.com\/en\/wp-json\/wp\/v2\/comments?post=2567"}],"wp:featuredmedia":[{"embeddable":true,"href":"https:\/\/skischule-innsbruck.com\/en\/wp-json\/wp\/v2\/media\/2568"}],"wp:attachment":[{"href":"https:\/\/skischule-innsbruck.com\/en\/wp-json\/wp\/v2\/media?parent=2567"}],"wp:term":[{"taxonomy":"product_brand","embeddable":true,"href":"https:\/\/skischule-innsbruck.com\/en\/wp-json\/wp\/v2\/product_brand?post=2567"},{"taxonomy":"product_cat","embeddable":true,"href":"https:\/\/skischule-innsbruck.com\/en\/wp-json\/wp\/v2\/product_cat?post=2567"},{"taxonomy":"product_tag","embeddable":true,"href":"https:\/\/skischule-innsbruck.com\/en\/wp-json\/wp\/v2\/product_tag?post=2567"}],"curies":[{"name":"wp","href":"https:\/\/api.w.org\/{rel}","templated":true}]}}