{"id":2526,"date":"2021-11-26T14:43:57","date_gmt":"2021-11-26T13:43:57","guid":{"rendered":"https:\/\/skischule-innsbruck.com\/?post_type=product&#038;p=2526"},"modified":"2026-02-22T12:00:09","modified_gmt":"2026-02-22T11:00:09","slug":"ski-privatunterricht-vormittag-2-5h","status":"publish","type":"product","link":"https:\/\/skischule-innsbruck.com\/en\/booking\/ski-privatunterricht-vormittag-2-5h\/","title":{"rendered":"Ski \u2013 Private Lessons Morning (2.5h) Innsbruck Ski Areas"},"content":{"rendered":"<ul>\n<li>Individual lessons for children and adults for all skill levels<\/li>\n<li>For maximum flexibility &amp; fast learning success<\/li>\n<li>Course duration from 10 am to 12.30 pm (2.5h)<\/li>\n<li>Customized selection of the ski area adapted to individual skill level and weather conditions<\/li>\n<li>Meeting point with your snowsport instructor at the hotel\/ski rental: extra charge \u20ac 30,00 (travel to the skiing \narea by public transport) on request<\/li>\n<li>We kindly ask you to arrive at your<a href=\"https:\/\/skischule-innsbruck.com\/en\/veranstaltungsorte-treffpunkte\/\"> selected meeting point<\/a> 5\u201310 minutes before the start of the lesson, so that the lesson can begin on time.<\/li>\n<\/ul>\n<p><a href=\"https:\/\/skischule-innsbruck.com\/en\/kinder\/\">More information for private classes for children<\/a><\/p>\n<p><a href=\"https:\/\/skischule-innsbruck.com\/en\/erwachsene\/\">More information for private classes for adults<\/a><\/p>\n<p><a href=\"https:\/\/skischule-innsbruck.com\/en\/veranstaltungsorte-treffpunkte\/\">Meeting point &amp; Path descriptions<\/a><\/p>","protected":false},"excerpt":{"rendered":"<p>Individualunterricht f\u00fcr Kinder und Erwachsene f\u00fcr alle K\u00f6nnensstufen Maximale Flexibilit\u00e4t und schneller Lernerfolg Kursdauer von 10:00 &#8211; 12:30 Uhr (2.5h) Individuelle Wahl des Skigebiets, angepasst an K\u00f6nnensstufe und Wetterbedingungen Treffpunkt im Hotel und gemeinsame Skibus-Fahrt ins Skigebiet gegen Aufpreis (\u20ac 30,-) optional m\u00f6glich Wir bitten Sie, 5\u201310 Minuten vor Kursbeginn am von Ihnen gew\u00e4hlten Treffpunkt [&hellip;]<\/p>\n","protected":false},"featured_media":2646,"comment_status":"closed","ping_status":"closed","template":"","meta":[],"product_brand":[],"product_cat":[34],"product_tag":[],"class_list":{"0":"post-2526","1":"product","2":"type-product","3":"status-publish","4":"has-post-thumbnail","6":"product_cat-erw-privat","8":"first","9":"instock","10":"virtual","11":"sold-individually","12":"taxable","13":"purchasable","14":"product-type-booking"},"acf":[],"_links":{"self":[{"href":"https:\/\/skischule-innsbruck.com\/en\/wp-json\/wp\/v2\/product\/2526","targetHints":{"allow":["GET"]}}],"collection":[{"href":"https:\/\/skischule-innsbruck.com\/en\/wp-json\/wp\/v2\/product"}],"about":[{"href":"https:\/\/skischule-innsbruck.com\/en\/wp-json\/wp\/v2\/types\/product"}],"replies":[{"embeddable":true,"href":"https:\/\/skischule-innsbruck.com\/en\/wp-json\/wp\/v2\/comments?post=2526"}],"wp:featuredmedia":[{"embeddable":true,"href":"https:\/\/skischule-innsbruck.com\/en\/wp-json\/wp\/v2\/media\/2646"}],"wp:attachment":[{"href":"https:\/\/skischule-innsbruck.com\/en\/wp-json\/wp\/v2\/media?parent=2526"}],"wp:term":[{"taxonomy":"product_brand","embeddable":true,"href":"https:\/\/skischule-innsbruck.com\/en\/wp-json\/wp\/v2\/product_brand?post=2526"},{"taxonomy":"product_cat","embeddable":true,"href":"https:\/\/skischule-innsbruck.com\/en\/wp-json\/wp\/v2\/product_cat?post=2526"},{"taxonomy":"product_tag","embeddable":true,"href":"https:\/\/skischule-innsbruck.com\/en\/wp-json\/wp\/v2\/product_tag?post=2526"}],"curies":[{"name":"wp","href":"https:\/\/api.w.org\/{rel}","templated":true}]}}