{"id":2112,"date":"2021-11-04T15:20:30","date_gmt":"2021-11-04T14:20:30","guid":{"rendered":"https:\/\/skischule-innsbruck.com\/?post_type=product&#038;p=2112"},"modified":"2026-02-22T12:00:34","modified_gmt":"2026-02-22T11:00:34","slug":"ski-gruppenkurs-halbtag-kinder-1-tag","status":"publish","type":"product","link":"https:\/\/skischule-innsbruck.com\/en\/booking\/ski-gruppenkurs-halbtag-kinder-1-tag\/","title":{"rendered":"Ski Kids - Group Half Day"},"content":{"rendered":"<ul>\n<li>For beginners &amp; advanced children from 4 years<\/li>\n<li>2.5 hours of lessons per day in small, homogeneous groups<\/li>\n<li>Class starting time in Patscherkofel ski area at 9:30 am \/ 10 am (depending on the date)<\/li>\n<li>Final competition with medal and certificate for every child<\/li>\n<li>During the Christmas and Tyrolean semester vacations we offer <a href=\"https:\/\/skischule-innsbruck.com\/en\/booking\/baernhards-snowshuttle\/\" target=\"_blank\" rel=\"noopener\">B\u00e4rnhard\u00b4s Snowshuttle<\/a> for this course. Book this product to take advantage of the transfer from Innsbruck city to Patscherkofel &amp; back.<\/li>\n<\/ul>\n<p><a href=\"https:\/\/skischule-innsbruck.com\/en\/kinder\/ski-kinder\/gruppenkurs-halbtag\/\">Find more info on the website.<\/a><\/p>","protected":false},"excerpt":{"rendered":"<p>F\u00fcr Anf\u00e4nger &amp; fortgeschrittene Kinder ab 4 Jahre Pro Tag 2,5 Stunden Unterricht in kleinen, leistungshomogenen Gruppen Kursbeginn im Skigebiet Patscherkofel um 9:30 Uhr \/ 10:00 Uhr (je nach Termin) Moderierter Abschlussbewerb mit Medaille und Urkunde f\u00fcr alle teilnehmenden Kinder In den Weihnachts- und Tiroler Semesterferien bieten wir B\u00e4rnhards Snowshuttle f\u00fcr diesen Kurs an. Buche [&hellip;]<\/p>\n","protected":false},"featured_media":2647,"comment_status":"closed","ping_status":"closed","template":"","meta":[],"product_brand":[],"product_cat":[35],"product_tag":[],"class_list":{"0":"post-2112","1":"product","2":"type-product","3":"status-publish","4":"has-post-thumbnail","6":"product_cat-kinder-gruppe","8":"first","9":"instock","10":"virtual","11":"sold-individually","12":"taxable","13":"purchasable","14":"product-type-booking"},"acf":[],"_links":{"self":[{"href":"https:\/\/skischule-innsbruck.com\/en\/wp-json\/wp\/v2\/product\/2112","targetHints":{"allow":["GET"]}}],"collection":[{"href":"https:\/\/skischule-innsbruck.com\/en\/wp-json\/wp\/v2\/product"}],"about":[{"href":"https:\/\/skischule-innsbruck.com\/en\/wp-json\/wp\/v2\/types\/product"}],"replies":[{"embeddable":true,"href":"https:\/\/skischule-innsbruck.com\/en\/wp-json\/wp\/v2\/comments?post=2112"}],"wp:featuredmedia":[{"embeddable":true,"href":"https:\/\/skischule-innsbruck.com\/en\/wp-json\/wp\/v2\/media\/2647"}],"wp:attachment":[{"href":"https:\/\/skischule-innsbruck.com\/en\/wp-json\/wp\/v2\/media?parent=2112"}],"wp:term":[{"taxonomy":"product_brand","embeddable":true,"href":"https:\/\/skischule-innsbruck.com\/en\/wp-json\/wp\/v2\/product_brand?post=2112"},{"taxonomy":"product_cat","embeddable":true,"href":"https:\/\/skischule-innsbruck.com\/en\/wp-json\/wp\/v2\/product_cat?post=2112"},{"taxonomy":"product_tag","embeddable":true,"href":"https:\/\/skischule-innsbruck.com\/en\/wp-json\/wp\/v2\/product_tag?post=2112"}],"curies":[{"name":"wp","href":"https:\/\/api.w.org\/{rel}","templated":true}]}}