{"id":926,"date":"2021-09-12T15:41:06","date_gmt":"2021-09-12T13:41:06","guid":{"rendered":"https:\/\/www.skischule-innsbruck.at\/?page_id=926"},"modified":"2025-12-03T16:40:45","modified_gmt":"2025-12-03T15:40:45","slug":"jobs","status":"publish","type":"page","link":"https:\/\/skischule-innsbruck.com\/en\/jobs\/","title":{"rendered":"Jobs"},"content":{"rendered":"<div data-elementor-type=\"wp-page\" data-elementor-id=\"926\" class=\"elementor elementor-926\" data-elementor-post-type=\"page\">\n\t\t\t\t\t\t<section class=\"elementor-section elementor-top-section elementor-element elementor-element-f8f2afa elementor-section-height-min-height elementor-section-boxed elementor-section-height-default elementor-section-items-middle\" data-id=\"f8f2afa\" data-element_type=\"section\" data-e-type=\"section\" data-settings=\"{&quot;background_background&quot;:&quot;classic&quot;}\">\n\t\t\t\t\t\t\t<div class=\"elementor-background-overlay\"><\/div>\n\t\t\t\t\t\t\t<div class=\"elementor-container elementor-column-gap-default\">\n\t\t\t\t\t<div class=\"elementor-column elementor-col-100 elementor-top-column elementor-element elementor-element-234fb03\" data-id=\"234fb03\" data-element_type=\"column\" data-e-type=\"column\">\n\t\t\t<div class=\"elementor-widget-wrap elementor-element-populated\">\n\t\t\t\t\t\t<div class=\"elementor-element elementor-element-17cc9b8 elementor-widget elementor-widget-heading\" data-id=\"17cc9b8\" data-element_type=\"widget\" data-e-type=\"widget\" data-widget_type=\"heading.default\">\n\t\t\t\t<div class=\"elementor-widget-container\">\n\t\t\t\t\t<h1 class=\"elementor-heading-title elementor-size-default\">Jobs<\/h1>\t\t\t\t<\/div>\n\t\t\t\t<\/div>\n\t\t\t\t<div class=\"elementor-element elementor-element-9ae83b3 elementor-widget elementor-widget-text-editor\" data-id=\"9ae83b3\" data-element_type=\"widget\" data-e-type=\"widget\" data-widget_type=\"text-editor.default\">\n\t\t\t\t<div class=\"elementor-widget-container\">\n\t\t\t\t\t\t\t\t\t<p>Du teilst die Leidenschaft des Wintersports mit uns?<\/p><p>Du brauchst eine Ausrede dem Uni-Stress zu entkommen und m\u00f6chtest gleichzeitig dein Studentenkonto aufbessern?<\/p><p>Du m\u00f6chtest G\u00e4sten aus aller Welt unvergessliche Erlebnisse bieten?<\/p>\t\t\t\t\t\t\t\t<\/div>\n\t\t\t\t<\/div>\n\t\t\t\t\t<\/div>\n\t\t<\/div>\n\t\t\t\t\t<\/div>\n\t\t<\/section>\n\t\t\t\t<section class=\"elementor-section elementor-top-section elementor-element elementor-element-d41f3d8 elementor-section-boxed elementor-section-height-default elementor-section-height-default\" data-id=\"d41f3d8\" data-element_type=\"section\" data-e-type=\"section\">\n\t\t\t\t\t\t<div class=\"elementor-container elementor-column-gap-default\">\n\t\t\t\t\t<div class=\"elementor-column elementor-col-100 elementor-top-column elementor-element elementor-element-a8f39e2\" data-id=\"a8f39e2\" data-element_type=\"column\" data-e-type=\"column\">\n\t\t\t<div class=\"elementor-widget-wrap elementor-element-populated\">\n\t\t\t\t\t\t<div class=\"elementor-element elementor-element-3fc3e1a elementor-widget elementor-widget-text-editor\" data-id=\"3fc3e1a\" data-element_type=\"widget\" data-e-type=\"widget\" data-widget_type=\"text-editor.default\">\n\t\t\t\t<div class=\"elementor-widget-container\">\n\t\t\t\t\t\t\t\t\t<p>Zur Verst\u00e4rkung unseres Teams suchen wir f\u00fcr die kommende Wintersaison 2025\/26 (Dezember-M\u00e4rz) motivierte und <strong>qualifizierte Ski- und Snowboardlehrer (m\/w\/d)<\/strong>. Unsere Unterrichts-Gebiete sind super easy mit \u00d6ffis von der Uni aus erreichbar und somit bist du nach deiner Arbeit schnell wieder in der Bib \u2013 oder doch noch eine Abfahrt mit deinen Arbeitskolleg:innen?<\/p><p>Was du mitbringst:<\/p><ul><li>Professionelle Durchf\u00fchrung von Ski- und Snowboardunterricht f\u00fcr alle Altersgruppen je nach Ausbildungsgrad (mindestens Anw\u00e4rter-Niveau, h\u00f6here Qualifikation von Vorteil)<\/li><li>Freude am Vermitteln von Ski- und Snowboardtechniken<\/li><li>Begeisterung dem Gast ein unvergessliches Erlebnis in den Alpen zu bieten<\/li><li>Fremdsprachenkenntnisse von Vorteil<\/li><\/ul><p>Wir bieten:<\/p><ul><li>Eine abwechslungsreiche T\u00e4tigkeit in einem internationalen Team<\/li><li>Freie Nutzung der Liftanlagen w\u00e4hrend der Arbeitszeit<\/li><li>Kostenbeteiligungen an Verbundskarten<\/li><\/ul><p>Hast du Lust Teil unseres Teams zu werden?<\/p><p>Bewerbung <a href=\"mailto: info@skischule-innsbruck.com\">here<\/a><\/p>\t\t\t\t\t\t\t\t<\/div>\n\t\t\t\t<\/div>\n\t\t\t\t\t<\/div>\n\t\t<\/div>\n\t\t\t\t\t<\/div>\n\t\t<\/section>\n\t\t\t\t<\/div>","protected":false},"excerpt":{"rendered":"<p>Jobs Du teilst die Leidenschaft des Wintersports mit uns? Du brauchst eine Ausrede dem Uni-Stress zu entkommen und m\u00f6chtest gleichzeitig dein Studentenkonto aufbessern? Du m\u00f6chtest G\u00e4sten aus aller Welt unvergessliche Erlebnisse bieten? Zur Verst\u00e4rkung unseres Teams suchen wir f\u00fcr die kommende Wintersaison 2025\/26 (Dezember-M\u00e4rz) motivierte und qualifizierte Ski- und Snowboardlehrer (m\/w\/d). Unsere Unterrichts-Gebiete sind super [&hellip;]<\/p>\n","protected":false},"author":1,"featured_media":0,"parent":0,"menu_order":0,"comment_status":"closed","ping_status":"closed","template":"elementor_header_footer","meta":{"footnotes":""},"class_list":["post-926","page","type-page","status-publish","hentry"],"acf":[],"_links":{"self":[{"href":"https:\/\/skischule-innsbruck.com\/en\/wp-json\/wp\/v2\/pages\/926","targetHints":{"allow":["GET"]}}],"collection":[{"href":"https:\/\/skischule-innsbruck.com\/en\/wp-json\/wp\/v2\/pages"}],"about":[{"href":"https:\/\/skischule-innsbruck.com\/en\/wp-json\/wp\/v2\/types\/page"}],"author":[{"embeddable":true,"href":"https:\/\/skischule-innsbruck.com\/en\/wp-json\/wp\/v2\/users\/1"}],"replies":[{"embeddable":true,"href":"https:\/\/skischule-innsbruck.com\/en\/wp-json\/wp\/v2\/comments?post=926"}],"version-history":[{"count":44,"href":"https:\/\/skischule-innsbruck.com\/en\/wp-json\/wp\/v2\/pages\/926\/revisions"}],"predecessor-version":[{"id":7663,"href":"https:\/\/skischule-innsbruck.com\/en\/wp-json\/wp\/v2\/pages\/926\/revisions\/7663"}],"wp:attachment":[{"href":"https:\/\/skischule-innsbruck.com\/en\/wp-json\/wp\/v2\/media?parent=926"}],"curies":[{"name":"wp","href":"https:\/\/api.w.org\/{rel}","templated":true}]}}