{"id":868,"date":"2021-09-12T15:05:13","date_gmt":"2021-09-12T13:05:13","guid":{"rendered":"https:\/\/www.skischule-innsbruck.at\/?page_id=868"},"modified":"2026-03-02T21:43:43","modified_gmt":"2026-03-02T20:43:43","slug":"figl-verleih","status":"publish","type":"page","link":"https:\/\/skischule-innsbruck.com\/en\/snow-fun\/figl-verleih\/","title":{"rendered":"Figl Rental"},"content":{"rendered":"<div data-elementor-type=\"wp-page\" data-elementor-id=\"868\" class=\"elementor elementor-868\" data-elementor-post-type=\"page\">\n\t\t\t\t\t\t<section class=\"elementor-section elementor-top-section elementor-element elementor-element-cd9a32b elementor-section-boxed elementor-section-height-default elementor-section-height-default\" data-id=\"cd9a32b\" data-element_type=\"section\" data-e-type=\"section\" data-settings=\"{&quot;background_background&quot;:&quot;classic&quot;}\">\n\t\t\t\t\t\t\t<div class=\"elementor-background-overlay\"><\/div>\n\t\t\t\t\t\t\t<div class=\"elementor-container elementor-column-gap-default\">\n\t\t\t\t\t<div class=\"elementor-column elementor-col-100 elementor-top-column elementor-element elementor-element-cea490b\" data-id=\"cea490b\" data-element_type=\"column\" data-e-type=\"column\" data-settings=\"{&quot;background_background&quot;:&quot;classic&quot;}\">\n\t\t\t<div class=\"elementor-widget-wrap elementor-element-populated\">\n\t\t\t\t\t\t<div class=\"elementor-element elementor-element-6319a11 elementor-widget elementor-widget-heading\" data-id=\"6319a11\" data-element_type=\"widget\" data-e-type=\"widget\" data-widget_type=\"heading.default\">\n\t\t\t\t<div class=\"elementor-widget-container\">\n\t\t\t\t\t<h1 class=\"elementor-heading-title elementor-size-default\">Figl Rental<\/h1>\t\t\t\t<\/div>\n\t\t\t\t<\/div>\n\t\t\t\t<div class=\"elementor-element elementor-element-4c2f248 elementor-widget elementor-widget-text-editor\" data-id=\"4c2f248\" data-element_type=\"widget\" data-e-type=\"widget\" data-widget_type=\"text-editor.default\">\n\t\t\t\t<div class=\"elementor-widget-container\">\n\t\t\t\t\t\t\t\t\t<p>The springtime fun for Innsbruckers<\/p>\t\t\t\t\t\t\t\t<\/div>\n\t\t\t\t<\/div>\n\t\t\t\t\t<\/div>\n\t\t<\/div>\n\t\t\t\t\t<\/div>\n\t\t<\/section>\n\t\t\t\t<section class=\"elementor-section elementor-top-section elementor-element elementor-element-5405d96 elementor-section-boxed elementor-section-height-default elementor-section-height-default\" data-id=\"5405d96\" data-element_type=\"section\" data-e-type=\"section\">\n\t\t\t\t\t\t<div class=\"elementor-container elementor-column-gap-default\">\n\t\t\t\t\t<div class=\"elementor-column elementor-col-50 elementor-top-column elementor-element elementor-element-2c56463\" data-id=\"2c56463\" data-element_type=\"column\" data-e-type=\"column\">\n\t\t\t<div class=\"elementor-widget-wrap elementor-element-populated\">\n\t\t\t\t\t\t<div class=\"elementor-element elementor-element-7017661 elementor-widget elementor-widget-text-editor\" data-id=\"7017661\" data-element_type=\"widget\" data-e-type=\"widget\" data-widget_type=\"text-editor.default\">\n\t\t\t\t<div class=\"elementor-widget-container\">\n\t\t\t\t\t\t\t\t\t<p><strong>Book your pair of Figl for the biggest fun of spring season!<\/strong><\/p><p><strong>Scroll down!<\/strong><\/p><p>When the temperatures are soaring, the first trees are in bloom, but the \"Baggersee\" is still too cold, then hikers in shorts meet smiling Figlers with loose T-shirts, ski pants and a thick layer of sunscreen on the Seegrube. It's Figl time and therefore busy on the Nordkette, because the best time of every Figl fan has begun!<\/p><p>Note: This is only the rental of the sports equipment. The sport is done individually and without supervision.<\/p><p><strong>Attention! <\/strong>For proper functioning of the binding, ski boots with a sole length of at least 270 mm (approx. european shoe size 37, depending on the model) must be worn. Please note that ski touring boots are not always compatible with the Figl binding.<\/p><p>Ski boots can be rented for extra charge.<\/p><p>A limited number of Figl with laces are available for children and people with \"small feet\". These cannot be pre-booked. We also recommend wearing ski boots (no mountain boots or snowboard boots).<\/p><p><strong data-start=\"92\" data-end=\"116\">Reserve online, pick up at station Seegrube<\/strong><\/p><p><strong>During the week, from Monday to Friday, no reservation is necessary \u2013 there are guaranteed to be enough Figl available on site!<\/strong><br data-start=\"359\" data-end=\"362\" \/><strong>For Saturdays and Sundays, we recommend making a reservation.<\/strong><\/p><p data-start=\"92\" data-end=\"116\"><strong data-start=\"92\" data-end=\"116\">Payment &amp; Pickup\u00a0<\/strong><\/p><ul><li data-start=\"118\" data-end=\"262\">Reservations can be made until 12:00 AM on the day before.<\/li><li data-start=\"118\" data-end=\"262\">For bookings of <strong data-start=\"138\" data-end=\"154\">\u201cFull Day\u201d<\/strong> the Figl can be picked up from <strong data-start=\"174\" data-end=\"187\">9:00 AM<\/strong> at any time and must be returned no later than <strong data-start=\"226\" data-end=\"239\">4:00 PM<\/strong> .<\/li><li data-start=\"264\" data-end=\"421\">For bookings of <strong data-start=\"284\" data-end=\"299\">\u201cMorning\u201d<\/strong> the Figl can also be picked up from <strong data-start=\"329\" data-end=\"342\">9:00 AM<\/strong> and must be returned no later than <strong data-start=\"385\" data-end=\"398\">to 12:30 pm<\/strong> .<\/li><\/ul><p data-start=\"428\" data-end=\"450\"><strong data-start=\"428\" data-end=\"450\">Afternoon Booking<\/strong><\/p><ul><li data-start=\"452\" data-end=\"723\">The afternoon cannot be booked online for organizational reasons.<br data-start=\"522\" data-end=\"525\" \/>You can either stop by spontaneously and hope that Figl are still available on site, or choose the option <strong data-start=\"632\" data-end=\"648\">\u201cFull Day\u201d<\/strong> choose this option and the Figl are guaranteed and reserved for you for the entire day.<\/li><\/ul><p data-start=\"730\" data-end=\"751\"><strong data-start=\"730\" data-end=\"751\">Cancellation Policy<\/strong><\/p><ul><li>In the event of cancellation, a processing fee of <strong data-start=\"835\" data-end=\"862\">\u20ac 5.00 per reservation<\/strong>\u00a0(not per pair of Figl) will be retained.<\/li><li data-start=\"899\" data-end=\"1095\">Cancellations are possible until no later than <strong data-start=\"933\" data-end=\"973\">10:00 PM on the day before the reservation<\/strong> by email to <strong data-start=\"988\" data-end=\"1020\"><a class=\"decorated-link cursor-pointer\" rel=\"noopener\" data-start=\"990\" data-end=\"1018\">info@skischule-innsbruck.com<\/a><\/strong> possible.<br data-start=\"1029\" data-end=\"1032\" \/>No refunds are possible for cancellations made after this deadline.<\/li><\/ul><p><strong>Rules of conduct:<\/strong><\/p><ul><li>&#8222;Please be gentle, it\u00b4s a rental!&#8220;<\/li><li>Do not make any jumps that could cause the Figl to bend. Thank you!<\/li><li>Moving on the flat only in skate step (do not roll over the Figl tip!)<\/li><li>Figln is on your own risk.<\/li><\/ul><div>The general terms and conditions of the sports shop \"Die B\u00f6rse\" (Unique Sports Products GmbH) and the terms of payment of the Innsbruck Ski and Snowboard School GnbR apply.<\/div>\t\t\t\t\t\t\t\t<\/div>\n\t\t\t\t<\/div>\n\t\t\t\t\t<\/div>\n\t\t<\/div>\n\t\t\t\t<div class=\"elementor-column elementor-col-50 elementor-top-column elementor-element elementor-element-c1db6f3\" data-id=\"c1db6f3\" data-element_type=\"column\" data-e-type=\"column\" data-settings=\"{&quot;background_background&quot;:&quot;classic&quot;}\">\n\t\t\t<div class=\"elementor-widget-wrap elementor-element-populated\">\n\t\t\t\t\t\t<section class=\"elementor-section elementor-inner-section elementor-element elementor-element-26be672 elementor-section-boxed elementor-section-height-default elementor-section-height-default\" data-id=\"26be672\" data-element_type=\"section\" data-e-type=\"section\" data-settings=\"{&quot;background_background&quot;:&quot;classic&quot;}\">\n\t\t\t\t\t\t<div class=\"elementor-container elementor-column-gap-default\">\n\t\t\t\t\t<div class=\"elementor-column elementor-col-100 elementor-inner-column elementor-element elementor-element-63754b0\" data-id=\"63754b0\" data-element_type=\"column\" data-e-type=\"column\">\n\t\t\t<div class=\"elementor-widget-wrap elementor-element-populated\">\n\t\t\t\t\t\t<div class=\"elementor-element elementor-element-d1b2972 elementor-widget elementor-widget-heading\" data-id=\"d1b2972\" data-element_type=\"widget\" data-e-type=\"widget\" data-widget_type=\"heading.default\">\n\t\t\t\t<div class=\"elementor-widget-container\">\n\t\t\t\t\t<h2 class=\"elementor-heading-title elementor-size-default\">Factsheet<\/h2>\t\t\t\t<\/div>\n\t\t\t\t<\/div>\n\t\t\t\t<div class=\"elementor-element elementor-element-3e98631 elementor-position-inline-start elementor-view-default elementor-mobile-position-block-start elementor-widget elementor-widget-icon-box\" data-id=\"3e98631\" data-element_type=\"widget\" data-e-type=\"widget\" data-widget_type=\"icon-box.default\">\n\t\t\t\t<div class=\"elementor-widget-container\">\n\t\t\t\t\t\t\t<div class=\"elementor-icon-box-wrapper\">\n\n\t\t\t\t\t\t<div class=\"elementor-icon-box-icon\">\n\t\t\t\t<a href=\"https:\/\/maps.app.goo.gl\/Ya5cbE1spi943xS68\" class=\"elementor-icon\" tabindex=\"-1\" aria-label=\"Rental station\">\n\t\t\t\t<svg xmlns=\"http:\/\/www.w3.org\/2000\/svg\" xmlns:xlink=\"http:\/\/www.w3.org\/1999\/xlink\" id=\"Capa_1\" x=\"0px\" y=\"0px\" viewbox=\"0 0 368.16 368.16\" style=\"enable-background:new 0 0 368.16 368.16;\" xml:space=\"preserve\"><g>\t<g>\t\t<g>\t\t\t<path d=\"M184.08,0c-74.992,0-136,61.008-136,136c0,24.688,11.072,51.24,11.536,52.36c3.576,8.488,10.632,21.672,15.72,29.4     l93.248,141.288c3.816,5.792,9.464,9.112,15.496,9.112s11.68-3.32,15.496-9.104l93.256-141.296     c5.096-7.728,12.144-20.912,15.72-29.4c0.464-1.112,11.528-27.664,11.528-52.36C320.08,61.008,259.072,0,184.08,0z      M293.8,182.152c-3.192,7.608-9.76,19.872-14.328,26.8l-93.256,141.296c-1.84,2.792-2.424,2.792-4.264,0L88.696,208.952     c-4.568-6.928-11.136-19.2-14.328-26.808C74.232,181.816,64.08,157.376,64.08,136c0-66.168,53.832-120,120-120     c66.168,0,120,53.832,120,120C304.08,157.408,293.904,181.912,293.8,182.152z\"><\/path>\t\t\t<path d=\"M184.08,64.008c-39.704,0-72,32.304-72,72c0,39.696,32.296,72,72,72c39.704,0,72-32.304,72-72     C256.08,96.312,223.784,64.008,184.08,64.008z M184.08,192.008c-30.872,0-56-25.12-56-56s25.128-56,56-56s56,25.12,56,56     S214.952,192.008,184.08,192.008z\"><\/path>\t\t<\/g>\t<\/g><\/g><g><\/g><g><\/g><g><\/g><g><\/g><g><\/g><g><\/g><g><\/g><g><\/g><g><\/g><g><\/g><g><\/g><g><\/g><g><\/g><g><\/g><g><\/g><\/svg>\t\t\t\t<\/a>\n\t\t\t<\/div>\n\t\t\t\n\t\t\t\t\t\t<div class=\"elementor-icon-box-content\">\n\n\t\t\t\t\t\t\t\t\t<h3 class=\"elementor-icon-box-title\">\n\t\t\t\t\t\t<a href=\"https:\/\/maps.app.goo.gl\/Ya5cbE1spi943xS68\" >\n\t\t\t\t\t\t\tRental station\t\t\t\t\t\t<\/a>\n\t\t\t\t\t<\/h3>\n\t\t\t\t\n\t\t\t\t\t\t\t\t\t<p class=\"elementor-icon-box-description\">\n\t\t\t\t\t\tSkischool office \/ Ski rental at station Nordkette\n\n\t\t\t\t\t<\/p>\n\t\t\t\t\n\t\t\t<\/div>\n\t\t\t\n\t\t<\/div>\n\t\t\t\t\t\t<\/div>\n\t\t\t\t<\/div>\n\t\t\t\t\t<\/div>\n\t\t<\/div>\n\t\t\t\t\t<\/div>\n\t\t<\/section>\n\t\t\t\t<section class=\"elementor-section elementor-inner-section elementor-element elementor-element-78aa699 elementor-section-boxed elementor-section-height-default elementor-section-height-default\" data-id=\"78aa699\" data-element_type=\"section\" data-e-type=\"section\" data-settings=\"{&quot;background_background&quot;:&quot;classic&quot;}\">\n\t\t\t\t\t\t<div class=\"elementor-container elementor-column-gap-default\">\n\t\t\t\t\t<div class=\"elementor-column elementor-col-100 elementor-inner-column elementor-element elementor-element-f74b845\" data-id=\"f74b845\" data-element_type=\"column\" data-e-type=\"column\">\n\t\t\t<div class=\"elementor-widget-wrap elementor-element-populated\">\n\t\t\t\t\t\t<div class=\"elementor-element elementor-element-5b2d41a elementor-widget elementor-widget-heading\" data-id=\"5b2d41a\" data-element_type=\"widget\" data-e-type=\"widget\" data-widget_type=\"heading.default\">\n\t\t\t\t<div class=\"elementor-widget-container\">\n\t\t\t\t\t<h2 class=\"elementor-heading-title elementor-size-default\">Prices<\/h2>\t\t\t\t<\/div>\n\t\t\t\t<\/div>\n\t\t\t\t<div class=\"elementor-element elementor-element-11c45f7 elementor-widget elementor-widget-text-editor\" data-id=\"11c45f7\" data-element_type=\"widget\" data-e-type=\"widget\" data-widget_type=\"text-editor.default\">\n\t\t\t\t<div class=\"elementor-widget-container\">\n\t\t\t\t\t\t\t\t\t<p><strong>Figl Season starting February 28, 2026<\/strong><\/p><p data-start=\"0\" data-end=\"49\"><strong>Full Day until 4:00 PM<\/strong><br data-start=\"7\" data-end=\"10\" \/>Adults: \u20ac 26.00<br data-start=\"29\" data-end=\"32\" data-is-only-node=\"\" \/>Children: \u20ac 20.00<\/p><p data-start=\"51\" data-end=\"100\"><strong>Morning until 12:30 PM <\/strong>Adults: \u20ac 18.00<br data-start=\"80\" data-end=\"83\" data-is-only-node=\"\" \/>Children: \u20ac 14.00<\/p><p data-start=\"51\" data-end=\"100\"><strong>Afternoon from 1:00 PM onwards.\u00a0<\/strong><br \/>(No online reservation possible.)<br \/>Adults: \u20ac 18.00<br \/>Children: \u20ac 14.00<\/p>\t\t\t\t\t\t\t\t<\/div>\n\t\t\t\t<\/div>\n\t\t\t\t\t<\/div>\n\t\t<\/div>\n\t\t\t\t\t<\/div>\n\t\t<\/section>\n\t\t\t\t<div class=\"elementor-element elementor-element-f3474b0 elementor-invisible elementor-widget elementor-widget-heading\" data-id=\"f3474b0\" data-element_type=\"widget\" data-e-type=\"widget\" data-settings=\"{&quot;_animation&quot;:&quot;pulse&quot;}\" data-widget_type=\"heading.default\">\n\t\t\t\t<div class=\"elementor-widget-container\">\n\t\t\t\t\t<h3 class=\"elementor-heading-title elementor-size-default\"><a href=\"https:\/\/skischule-innsbruck.com\/en\/booking\/figl-verleih-ganzer-tag\/\">Booking: Full Day<\/a><\/h3>\t\t\t\t<\/div>\n\t\t\t\t<\/div>\n\t\t\t\t<div class=\"elementor-element elementor-element-4864545 elementor-invisible elementor-widget elementor-widget-heading\" data-id=\"4864545\" data-element_type=\"widget\" data-e-type=\"widget\" data-settings=\"{&quot;_animation&quot;:&quot;pulse&quot;}\" data-widget_type=\"heading.default\">\n\t\t\t\t<div class=\"elementor-widget-container\">\n\t\t\t\t\t<h3 class=\"elementor-heading-title elementor-size-default\"><a href=\"https:\/\/skischule-innsbruck.com\/en\/booking\/figl-verleih-vormittag\/\">Booking: Morning<\/a><\/h3>\t\t\t\t<\/div>\n\t\t\t\t<\/div>\n\t\t\t\t\t<\/div>\n\t\t<\/div>\n\t\t\t\t\t<\/div>\n\t\t<\/section>\n\t\t\t\t<\/div>","protected":false},"excerpt":{"rendered":"<p>Figl-Verleih Die Fr\u00fchlingsgaudi der Innsbruckerinnen und Innsbrucker Reserviere hier dein Paar Figl f\u00fcr die gr\u00f6\u00dfte Gaudi der Saison! Ganz nach unten scrollen! Wenn die Temperaturen in die H\u00f6he schie\u00dfen, die ersten B\u00e4ume bl\u00fchen, aber der Baggersee noch zu kalt ist, dann treffen auf der Seegrube Wanderer in kurzen Hosen auf lachende Figlerinnen und Figler mit [&hellip;]<\/p>\n","protected":false},"author":1,"featured_media":0,"parent":799,"menu_order":0,"comment_status":"closed","ping_status":"closed","template":"elementor_header_footer","meta":{"footnotes":""},"class_list":["post-868","page","type-page","status-publish","hentry"],"acf":[],"_links":{"self":[{"href":"https:\/\/skischule-innsbruck.com\/en\/wp-json\/wp\/v2\/pages\/868","targetHints":{"allow":["GET"]}}],"collection":[{"href":"https:\/\/skischule-innsbruck.com\/en\/wp-json\/wp\/v2\/pages"}],"about":[{"href":"https:\/\/skischule-innsbruck.com\/en\/wp-json\/wp\/v2\/types\/page"}],"author":[{"embeddable":true,"href":"https:\/\/skischule-innsbruck.com\/en\/wp-json\/wp\/v2\/users\/1"}],"replies":[{"embeddable":true,"href":"https:\/\/skischule-innsbruck.com\/en\/wp-json\/wp\/v2\/comments?post=868"}],"version-history":[{"count":127,"href":"https:\/\/skischule-innsbruck.com\/en\/wp-json\/wp\/v2\/pages\/868\/revisions"}],"predecessor-version":[{"id":8635,"href":"https:\/\/skischule-innsbruck.com\/en\/wp-json\/wp\/v2\/pages\/868\/revisions\/8635"}],"up":[{"embeddable":true,"href":"https:\/\/skischule-innsbruck.com\/en\/wp-json\/wp\/v2\/pages\/799"}],"wp:attachment":[{"href":"https:\/\/skischule-innsbruck.com\/en\/wp-json\/wp\/v2\/media?parent=868"}],"curies":[{"name":"wp","href":"https:\/\/api.w.org\/{rel}","templated":true}]}}