{"id":840,"date":"2021-09-12T14:58:04","date_gmt":"2021-09-12T12:58:04","guid":{"rendered":"https:\/\/www.skischule-innsbruck.at\/?page_id=840"},"modified":"2021-09-18T18:34:53","modified_gmt":"2021-09-18T16:34:53","slug":"rodeln","status":"publish","type":"page","link":"https:\/\/skischule-innsbruck.com\/en\/rodeln\/","title":{"rendered":"Tobogganing"},"content":{"rendered":"<div data-elementor-type=\"wp-page\" data-elementor-id=\"840\" class=\"elementor elementor-840\" data-elementor-post-type=\"page\">\n\t\t\t\t\t\t<section class=\"elementor-section elementor-top-section elementor-element elementor-element-f8f2afa elementor-section-height-min-height elementor-section-boxed elementor-section-height-default elementor-section-items-middle\" data-id=\"f8f2afa\" data-element_type=\"section\" data-e-type=\"section\" data-settings=\"{&quot;background_background&quot;:&quot;classic&quot;}\">\n\t\t\t\t\t\t\t<div class=\"elementor-background-overlay\"><\/div>\n\t\t\t\t\t\t\t<div class=\"elementor-container elementor-column-gap-default\">\n\t\t\t\t\t<div class=\"elementor-column elementor-col-100 elementor-top-column elementor-element elementor-element-234fb03\" data-id=\"234fb03\" data-element_type=\"column\" data-e-type=\"column\">\n\t\t\t<div class=\"elementor-widget-wrap elementor-element-populated\">\n\t\t\t\t\t\t<div class=\"elementor-element elementor-element-17cc9b8 elementor-widget elementor-widget-heading\" data-id=\"17cc9b8\" data-element_type=\"widget\" data-e-type=\"widget\" data-widget_type=\"heading.default\">\n\t\t\t\t<div class=\"elementor-widget-container\">\n\t\t\t\t\t<h1 class=\"elementor-heading-title elementor-size-default\">Tobogganing<\/h1>\t\t\t\t<\/div>\n\t\t\t\t<\/div>\n\t\t\t\t<div class=\"elementor-element elementor-element-9ae83b3 elementor-widget elementor-widget-text-editor\" data-id=\"9ae83b3\" data-element_type=\"widget\" data-e-type=\"widget\" data-widget_type=\"text-editor.default\">\n\t\t\t\t<div class=\"elementor-widget-container\">\n\t\t\t\t\t\t\t\t\t<p>Sledding fun for the entire family<\/p>\t\t\t\t\t\t\t\t<\/div>\n\t\t\t\t<\/div>\n\t\t\t\t\t<\/div>\n\t\t<\/div>\n\t\t\t\t\t<\/div>\n\t\t<\/section>\n\t\t\t\t<section class=\"elementor-section elementor-top-section elementor-element elementor-element-d41f3d8 elementor-section-boxed elementor-section-height-default elementor-section-height-default\" data-id=\"d41f3d8\" data-element_type=\"section\" data-e-type=\"section\">\n\t\t\t\t\t\t<div class=\"elementor-container elementor-column-gap-default\">\n\t\t\t\t\t<div class=\"elementor-column elementor-col-100 elementor-top-column elementor-element elementor-element-a8f39e2\" data-id=\"a8f39e2\" data-element_type=\"column\" data-e-type=\"column\">\n\t\t\t<div class=\"elementor-widget-wrap elementor-element-populated\">\n\t\t\t\t\t\t<div class=\"elementor-element elementor-element-717fec6 elementor-widget elementor-widget-heading\" data-id=\"717fec6\" data-element_type=\"widget\" data-e-type=\"widget\" data-widget_type=\"heading.default\">\n\t\t\t\t<div class=\"elementor-widget-container\">\n\t\t\t\t\t<h3 class=\"elementor-heading-title elementor-size-default\">Pick your desired course:<\/h3>\t\t\t\t<\/div>\n\t\t\t\t<\/div>\n\t\t\t\t<section class=\"elementor-section elementor-inner-section elementor-element elementor-element-6435774 elementor-section-boxed elementor-section-height-default elementor-section-height-default\" data-id=\"6435774\" data-element_type=\"section\" data-e-type=\"section\">\n\t\t\t\t\t\t<div class=\"elementor-container elementor-column-gap-default\">\n\t\t\t\t\t<div class=\"make-column-clickable-elementor elementor-column elementor-col-50 elementor-inner-column elementor-element elementor-element-3baa0ef hoverscale\" style=\"cursor: pointer;\" data-column-clickable=\"https:\/\/skischule-innsbruck.com\/en\/rodeln\/rodeln-am-tag\/\" data-column-clickable-blank=\"_self\" data-id=\"3baa0ef\" data-element_type=\"column\" data-e-type=\"column\">\n\t\t\t<div class=\"elementor-widget-wrap elementor-element-populated\">\n\t\t\t\t\t\t<div class=\"elementor-element elementor-element-e7b40f7 sameheight  elementor-view-default elementor-position-block-start elementor-mobile-position-block-start elementor-widget elementor-widget-icon-box\" data-id=\"e7b40f7\" data-element_type=\"widget\" data-e-type=\"widget\" data-widget_type=\"icon-box.default\">\n\t\t\t\t<div class=\"elementor-widget-container\">\n\t\t\t\t\t\t\t<div class=\"elementor-icon-box-wrapper\">\n\n\t\t\t\t\t\t<div class=\"elementor-icon-box-icon\">\n\t\t\t\t<span  class=\"elementor-icon\">\n\t\t\t\t<svg xmlns=\"http:\/\/www.w3.org\/2000\/svg\" id=\"Capa_1\" height=\"512\" viewbox=\"0 0 512.004 512.004\" width=\"512\"><g><path d=\"m495.48 363.355h-33.032v-33.865c18.82-3.84 33.032-20.513 33.032-40.456v-173.417c0-9.108-7.407-16.516-16.516-16.516h-15.93c-13.237 0-25.674 5.153-35.038 14.517l-25.352 25.352c-6.243 6.243-14.542 9.678-23.362 9.678h-119.41c-20.414 0-37.986 15.244-40.868 35.451l-6.631 46.368c-2.742 19.266-19.489 33.791-38.953 33.791h-16.516c-40.984 0-74.321-33.337-74.321-74.321v-33.032c0-22.767-18.523-41.29-41.29-41.29s-41.29 18.523-41.29 41.29c0 13.659 11.115 24.774 24.774 24.774 2.907 0 5.665-.595 8.258-1.519v26.293c0 65.518 51.158 119.17 115.611 123.448v33.453h-51.43c-22.693 0-42.784-13.279-48.854-32.305-3.287-10.314-12.758-17.243-23.568-17.243-2.676 0-5.318.429-7.837 1.263-6.276 2.081-11.363 6.491-14.328 12.412-2.956 5.921-3.444 12.643-1.346 18.935 13.246 39.77 50.316 66.485 92.241 66.485h401.963c9.108 0 16.516-7.407 16.516-16.516v-16.516c-.007-9.106-7.414-16.514-16.523-16.514zm-66.063 0v-33.032h16.516v33.032zm-16.516-33.031v33.032h-214.706v-33.032zm26.772-205.028c6.243-6.243 14.542-9.678 23.37-9.678h15.93v60.737c-13.642-16.871-34.477-27.705-57.814-27.705-1.842 0-3.6.306-5.384.545zm-210.94 107.51 6.631-46.368c1.718-12.131 12.263-21.272 24.51-21.272h119.41c3.353 0 6.656-.339 9.868-.983-5.714 7.085-9.282 15.971-9.282 25.756 0 22.767 18.523 41.29 41.29 41.29 13.659 0 24.774-11.115 24.774-24.774s-11.115-24.774-24.774-24.774h-8.258v16.516h8.258c4.558 0 8.258 3.7 8.258 8.258s-3.7 8.258-8.258 8.258c-13.659 0-24.774-11.115-24.774-24.774s11.115-24.774 24.774-24.774c31.867 0 57.806 25.938 57.806 57.806v41.29h-107.56c5.244-6.92 8.473-15.442 8.473-24.774 0-22.767-18.523-41.29-41.29-41.29-13.659 0-24.774 11.115-24.774 24.774s11.115 24.774 24.774 24.774h8.258v-16.516h-8.258c-4.558 0-8.258-3.7-8.258-8.258s3.7-8.258 8.258-8.258c13.659 0 24.774 11.115 24.774 24.774s-11.115 24.774-24.774 24.774h-125.67c8.299-8.308 14.063-19.192 15.814-31.455zm-179.181-26.351v-57.806h-16.516v8.258c0 4.558-3.7 8.258-8.258 8.258s-8.258-3.7-8.258-8.258c0-13.659 11.115-24.774 24.774-24.774s24.774 11.115 24.774 24.774v33.032c0 50.084 40.753 90.837 90.837 90.837h322.059v8.258c0 13.659-11.115 24.774-24.774 24.774h-297.285c-59.193 0-107.353-48.161-107.353-107.353zm115.611 123.869h16.516v33.032h-16.516zm330.317 66.063h-401.954c-34.799 0-65.568-22.181-76.568-55.188-.702-2.098-.537-4.344.454-6.317.983-1.974 2.676-3.444 4.773-4.145.826-.264 1.718-.413 2.61-.413 3.6 0 6.738 2.304 7.837 5.739 8.241 25.79 34.791 43.808 64.594 43.808h398.264v16.516z\"><\/path><\/g><\/svg>\t\t\t\t<\/span>\n\t\t\t<\/div>\n\t\t\t\n\t\t\t\t\t\t<div class=\"elementor-icon-box-content\">\n\n\t\t\t\t\t\t\t\t\t<h3 class=\"elementor-icon-box-title\">\n\t\t\t\t\t\t<span  >\n\t\t\t\t\t\t\tSledging during the day\t\t\t\t\t\t<\/span>\n\t\t\t\t\t<\/h3>\n\t\t\t\t\n\t\t\t\t\t\t\t\t\t<p class=\"elementor-icon-box-description\">\n\t\t\t\t\t\tExperience winterwonderland\t\t\t\t\t<\/p>\n\t\t\t\t\n\t\t\t<\/div>\n\t\t\t\n\t\t<\/div>\n\t\t\t\t\t\t<\/div>\n\t\t\t\t<\/div>\n\t\t\t\t\t<\/div>\n\t\t<\/div>\n\t\t\t\t<div class=\"make-column-clickable-elementor elementor-column elementor-col-50 elementor-inner-column elementor-element elementor-element-5415d31 hoverscale\" style=\"cursor: pointer;\" data-column-clickable=\"https:\/\/skischule-innsbruck.com\/en\/rodeln\/mondschein-rodeln\/\" data-column-clickable-blank=\"_self\" data-id=\"5415d31\" data-element_type=\"column\" data-e-type=\"column\">\n\t\t\t<div class=\"elementor-widget-wrap elementor-element-populated\">\n\t\t\t\t\t\t<div class=\"elementor-element elementor-element-3711730 sameheight  elementor-view-default elementor-position-block-start elementor-mobile-position-block-start elementor-widget elementor-widget-icon-box\" data-id=\"3711730\" data-element_type=\"widget\" data-e-type=\"widget\" data-widget_type=\"icon-box.default\">\n\t\t\t\t<div class=\"elementor-widget-container\">\n\t\t\t\t\t\t\t<div class=\"elementor-icon-box-wrapper\">\n\n\t\t\t\t\t\t<div class=\"elementor-icon-box-icon\">\n\t\t\t\t<span  class=\"elementor-icon\">\n\t\t\t\t<svg xmlns=\"http:\/\/www.w3.org\/2000\/svg\" height=\"511pt\" viewbox=\"0 0 511 511.99992\" width=\"511pt\"><path d=\"m486.828125 307.027344c-36.738281 33.320312-84.238281 51.671875-133.738281 51.671875-109.886719 0-199.289063-89.398438-199.289063-199.289063 0-49.5 18.351563-96.996094 51.671875-133.738281 10.304688-11.363281-.746094-29.238281-15.535156-25.046875-108.429688 30.714844-189.4375 130.582031-189.4375 250.765625 0 144.03125 116.558594 260.609375 260.609375 260.609375 119.90625 0 219.972656-80.734375 250.765625-189.4375 4.183594-14.757812-13.65625-25.859375-25.046875-15.535156zm-225.71875 174.3125c-126.792969 0-229.949219-103.15625-229.949219-229.949219 0-85.132813 47.5-162.375 120.066406-202.027344-18.316406 33.503907-28.085937 71.242188-28.085937 110.046875 0 126.792969 103.152344 229.949219 229.949219 229.949219 38.808594 0 76.542968-9.769531 110.046875-28.085937-39.652344 72.566406-116.894531 120.066406-202.027344 120.066406zm0 0\"><\/path><path d=\"m254.363281 202.359375 36.308594 18.15625 18.15625 36.308594c2.597656 5.191406 7.902344 8.472656 13.710937 8.472656 5.804688 0 11.113282-3.28125 13.710938-8.472656l18.15625-36.308594 36.308594-18.15625c5.191406-2.597656 8.472656-7.90625 8.472656-13.710937 0-5.808594-3.28125-11.117188-8.472656-13.714844l-36.308594-18.152344-18.15625-36.308594c-2.597656-5.195312-7.90625-8.476562-13.710938-8.476562-5.808593 0-11.117187 3.28125-13.710937 8.476562l-18.15625 36.308594-36.308594 18.152344c-5.195312 2.597656-8.476562 7.90625-8.476562 13.714844 0 5.804687 3.28125 11.113281 8.476562 13.710937zm54.589844-20.441406c2.96875-1.484375 5.375-3.890625 6.855469-6.855469l6.730468-13.457031 6.730469 13.457031c1.480469 2.964844 3.886719 5.371094 6.855469 6.855469l13.457031 6.726562-13.460937 6.730469c-2.964844 1.484375-5.371094 3.890625-6.851563 6.855469l-6.730469 13.457031-6.730468-13.457031c-1.480469-2.964844-3.886719-5.371094-6.855469-6.855469l-13.457031-6.726562zm0 0\"><\/path><path d=\"m414.410156 82.761719h15.328125v15.328125c0 8.46875 6.863281 15.332031 15.332031 15.332031 8.464844 0 15.328126-6.863281 15.328126-15.332031v-15.328125h15.328124c8.46875 0 15.332032-6.863281 15.332032-15.332031 0-8.464844-6.863282-15.328126-15.332032-15.328126h-15.328124v-15.332031c0-8.464843-6.863282-15.328125-15.328126-15.328125-8.46875 0-15.332031 6.863282-15.332031 15.328125v15.332031h-15.328125c-8.46875 0-15.332031 6.863282-15.332031 15.328126 0 8.46875 6.863281 15.332031 15.332031 15.332031zm0 0\"><\/path><\/svg>\t\t\t\t<\/span>\n\t\t\t<\/div>\n\t\t\t\n\t\t\t\t\t\t<div class=\"elementor-icon-box-content\">\n\n\t\t\t\t\t\t\t\t\t<h3 class=\"elementor-icon-box-title\">\n\t\t\t\t\t\t<span  >\n\t\t\t\t\t\t\tMoonlight Sledging\t\t\t\t\t\t<\/span>\n\t\t\t\t\t<\/h3>\n\t\t\t\t\n\t\t\t\t\t\t\t\t\t<p class=\"elementor-icon-box-description\">\n\t\t\t\t\t\tSpecial evening program\t\t\t\t\t<\/p>\n\t\t\t\t\n\t\t\t<\/div>\n\t\t\t\n\t\t<\/div>\n\t\t\t\t\t\t<\/div>\n\t\t\t\t<\/div>\n\t\t\t\t\t<\/div>\n\t\t<\/div>\n\t\t\t\t\t<\/div>\n\t\t<\/section>\n\t\t\t\t\t<\/div>\n\t\t<\/div>\n\t\t\t\t\t<\/div>\n\t\t<\/section>\n\t\t\t\t<\/div>","protected":false},"excerpt":{"rendered":"<p>Rodeln Spa\u00df am Schlitten f\u00fcr die ganze Familie W\u00e4hle deinen gew\u00fcnschten Kurs aus: Rodeln am Tag Tags\u00fcber im Winter Wonderland Mondschein-Rodeln Ein ganz besonderes Abendprogramm Rodeln am Tag Tags\u00fcber im Winter Wonderland Mondschein-Rodeln Ein ganz besonderes Abendprogramm<\/p>","protected":false},"author":1,"featured_media":0,"parent":0,"menu_order":0,"comment_status":"closed","ping_status":"closed","template":"elementor_header_footer","meta":{"footnotes":""},"class_list":["post-840","page","type-page","status-publish","hentry"],"acf":[],"_links":{"self":[{"href":"https:\/\/skischule-innsbruck.com\/en\/wp-json\/wp\/v2\/pages\/840","targetHints":{"allow":["GET"]}}],"collection":[{"href":"https:\/\/skischule-innsbruck.com\/en\/wp-json\/wp\/v2\/pages"}],"about":[{"href":"https:\/\/skischule-innsbruck.com\/en\/wp-json\/wp\/v2\/types\/page"}],"author":[{"embeddable":true,"href":"https:\/\/skischule-innsbruck.com\/en\/wp-json\/wp\/v2\/users\/1"}],"replies":[{"embeddable":true,"href":"https:\/\/skischule-innsbruck.com\/en\/wp-json\/wp\/v2\/comments?post=840"}],"version-history":[{"count":22,"href":"https:\/\/skischule-innsbruck.com\/en\/wp-json\/wp\/v2\/pages\/840\/revisions"}],"predecessor-version":[{"id":1661,"href":"https:\/\/skischule-innsbruck.com\/en\/wp-json\/wp\/v2\/pages\/840\/revisions\/1661"}],"wp:attachment":[{"href":"https:\/\/skischule-innsbruck.com\/en\/wp-json\/wp\/v2\/media?parent=840"}],"curies":[{"name":"wp","href":"https:\/\/api.w.org\/{rel}","templated":true}]}}