{"id":799,"date":"2021-09-12T14:39:41","date_gmt":"2021-09-12T12:39:41","guid":{"rendered":"https:\/\/www.skischule-innsbruck.at\/?page_id=799"},"modified":"2021-09-20T13:34:53","modified_gmt":"2021-09-20T11:34:53","slug":"snow-fun","status":"publish","type":"page","link":"https:\/\/skischule-innsbruck.com\/en\/snow-fun\/","title":{"rendered":"Snow &#038; Fun"},"content":{"rendered":"<div data-elementor-type=\"wp-page\" data-elementor-id=\"799\" class=\"elementor elementor-799\" data-elementor-post-type=\"page\">\n\t\t\t\t\t\t<section class=\"elementor-section elementor-top-section elementor-element elementor-element-f8f2afa elementor-section-height-min-height elementor-section-boxed elementor-section-height-default elementor-section-items-middle\" data-id=\"f8f2afa\" data-element_type=\"section\" data-e-type=\"section\" data-settings=\"{&quot;background_background&quot;:&quot;classic&quot;}\">\n\t\t\t\t\t\t\t<div class=\"elementor-background-overlay\"><\/div>\n\t\t\t\t\t\t\t<div class=\"elementor-container elementor-column-gap-default\">\n\t\t\t\t\t<div class=\"elementor-column elementor-col-100 elementor-top-column elementor-element elementor-element-234fb03\" data-id=\"234fb03\" data-element_type=\"column\" data-e-type=\"column\">\n\t\t\t<div class=\"elementor-widget-wrap elementor-element-populated\">\n\t\t\t\t\t\t<div class=\"elementor-element elementor-element-17cc9b8 elementor-widget elementor-widget-heading\" data-id=\"17cc9b8\" data-element_type=\"widget\" data-e-type=\"widget\" data-widget_type=\"heading.default\">\n\t\t\t\t<div class=\"elementor-widget-container\">\n\t\t\t\t\t<h1 class=\"elementor-heading-title elementor-size-default\">Snow &amp; Fun<\/h1>\t\t\t\t<\/div>\n\t\t\t\t<\/div>\n\t\t\t\t<div class=\"elementor-element elementor-element-9ae83b3 elementor-widget elementor-widget-text-editor\" data-id=\"9ae83b3\" data-element_type=\"widget\" data-e-type=\"widget\" data-widget_type=\"text-editor.default\">\n\t\t\t\t<div class=\"elementor-widget-container\">\n\t\t\t\t\t\t\t\t\t<p>Powder snow, firn and more<\/p>\t\t\t\t\t\t\t\t<\/div>\n\t\t\t\t<\/div>\n\t\t\t\t\t<\/div>\n\t\t<\/div>\n\t\t\t\t\t<\/div>\n\t\t<\/section>\n\t\t\t\t<section class=\"elementor-section elementor-top-section elementor-element elementor-element-d41f3d8 elementor-section-boxed elementor-section-height-default elementor-section-height-default\" data-id=\"d41f3d8\" data-element_type=\"section\" data-e-type=\"section\">\n\t\t\t\t\t\t<div class=\"elementor-container elementor-column-gap-default\">\n\t\t\t\t\t<div class=\"elementor-column elementor-col-100 elementor-top-column elementor-element elementor-element-a8f39e2\" data-id=\"a8f39e2\" data-element_type=\"column\" data-e-type=\"column\">\n\t\t\t<div class=\"elementor-widget-wrap elementor-element-populated\">\n\t\t\t\t\t\t<div class=\"elementor-element elementor-element-717fec6 elementor-widget elementor-widget-heading\" data-id=\"717fec6\" data-element_type=\"widget\" data-e-type=\"widget\" data-widget_type=\"heading.default\">\n\t\t\t\t<div class=\"elementor-widget-container\">\n\t\t\t\t\t<h3 class=\"elementor-heading-title elementor-size-default\">Please choose your activity:<\/h3>\t\t\t\t<\/div>\n\t\t\t\t<\/div>\n\t\t\t\t<section class=\"elementor-section elementor-inner-section elementor-element elementor-element-dfdbb57 elementor-section-boxed elementor-section-height-default elementor-section-height-default\" data-id=\"dfdbb57\" data-element_type=\"section\" data-e-type=\"section\">\n\t\t\t\t\t\t<div class=\"elementor-container elementor-column-gap-default\">\n\t\t\t\t\t<div class=\"make-column-clickable-elementor elementor-column elementor-col-50 elementor-inner-column elementor-element elementor-element-22e6b8f hoverscale\" style=\"cursor: pointer;\" data-column-clickable=\"https:\/\/skischule-innsbruck.com\/en\/snow-fun\/schnupperskitour\/\" data-column-clickable-blank=\"_self\" data-id=\"22e6b8f\" data-element_type=\"column\" data-e-type=\"column\">\n\t\t\t<div class=\"elementor-widget-wrap elementor-element-populated\">\n\t\t\t\t\t\t<div class=\"elementor-element elementor-element-ecd44c2 sameheight  elementor-view-default elementor-position-block-start elementor-mobile-position-block-start elementor-widget elementor-widget-icon-box\" data-id=\"ecd44c2\" data-element_type=\"widget\" data-e-type=\"widget\" data-widget_type=\"icon-box.default\">\n\t\t\t\t<div class=\"elementor-widget-container\">\n\t\t\t\t\t\t\t<div class=\"elementor-icon-box-wrapper\">\n\n\t\t\t\t\t\t<div class=\"elementor-icon-box-icon\">\n\t\t\t\t<span  class=\"elementor-icon\">\n\t\t\t\t<svg xmlns=\"http:\/\/www.w3.org\/2000\/svg\" xmlns:xlink=\"http:\/\/www.w3.org\/1999\/xlink\" id=\"Capa_1\" x=\"0px\" y=\"0px\" viewbox=\"0 0 512 512\" style=\"enable-background:new 0 0 512 512;\" xml:space=\"preserve\"><path d=\"M137.829,62.485c4.143,0,7.5-3.358,7.5-7.5V40.717c0-4.142-3.357-7.5-7.5-7.5s-7.5,3.358-7.5,7.5v14.267  C130.329,59.127,133.687,62.485,137.829,62.485z\"><\/path><path d=\"M130.329,171.911v14.267c0,4.142,3.357,7.5,7.5,7.5s7.5-3.358,7.5-7.5v-14.267c0-4.142-3.357-7.5-7.5-7.5  S130.329,167.769,130.329,171.911z\"><\/path><path d=\"M91.186,77.411c2.926,2.928,7.675,2.93,10.607,0c2.929-2.929,2.929-7.678-0.001-10.607L91.703,56.716  c-2.928-2.93-7.677-2.929-10.607,0c-2.929,2.929-2.929,7.678,0.001,10.607L91.186,77.411z\"><\/path><path d=\"M184.474,149.484c-2.93-2.929-7.678-2.929-10.608,0c-2.929,2.929-2.929,7.678,0,10.607l10.089,10.089  c2.93,2.929,7.678,2.929,10.608,0s2.929-7.678,0-10.607L184.474,149.484z\"><\/path><path d=\"M65.099,120.948h14.268c4.143,0,7.5-3.358,7.5-7.5s-3.357-7.5-7.5-7.5H65.099c-4.143,0-7.5,3.358-7.5,7.5  S60.956,120.948,65.099,120.948z\"><\/path><path d=\"M188.792,113.448c0,4.142,3.357,7.5,7.5,7.5h14.268c4.143,0,7.5-3.358,7.5-7.5s-3.357-7.5-7.5-7.5h-14.268  C192.15,105.948,188.792,109.306,188.792,113.448z\"><\/path><path d=\"M91.185,149.484l-10.089,10.089c-4.741,4.741-1.316,12.804,5.304,12.804c1.919,0,3.839-0.732,5.304-2.197l10.089-10.089  c2.929-2.929,2.929-7.678,0-10.607C98.863,146.555,94.115,146.555,91.185,149.484z\"><\/path><path d=\"M184.473,77.411l10.089-10.088c2.93-2.929,2.93-7.677,0.001-10.607c-2.929-2.929-7.678-2.93-10.607,0l-10.09,10.088  c-2.93,2.929-2.93,7.677-0.001,10.607C176.794,80.34,181.545,80.341,184.473,77.411z\"><\/path><path d=\"M511.98,453.889c-0.553-13.77-13.389-24.985-27.765-22.628c-5.776-11.045,19.465,39.324-84.221-168.046l0,0l-35.54-71.08  c-7.053-14.107-27.176-14.06-34.205,0c-3.186,6.373-23.974,47.949-28.283,56.564l-42.528-85.056l0,0  c-6.4-12.806-24.695-12.806-31.097,0l-34.863,69.727c-1.475,2.949-5.697,2.971-7.182,0c-6.403-12.805-24.696-12.804-31.098,0  L98.806,346.159l-1.528-3.057c-4.727-9.453-18.147-9.356-22.825,0V343.1c0,0.001,0,0,0,0.001L14.111,463.783H7.5  c-4.143,0-7.5,3.358-7.5,7.5s3.357,7.5,7.5,7.5c8.099,0,369.663,0,377.738,0c4.143,0,7.5-3.358,7.5-7.5s-3.357-7.5-7.5-7.5h-83.082  c-3.351,0-6.045-2.736-6-6.088c0.047-3.287,3.097-6.287,6.659-5.875c5.714,0.663,10.841-3.095,11.917-8.742  c1.28-6.696,7.161-11.549,13.976-11.549c5.014,0,9.795,2.694,12.369,7.213c2.468,4.334,7.493,6.545,12.232,5.505  c1.09-0.239,3.6-1.345,7.051-0.232c8.77,2.829,10.445-5.056,18.902-3.375c5.891,1.175,11.559-2.819,12.348-8.724  c1.544-11.552,11.501-20.263,23.161-20.263c8.419,0,16.226,4.576,20.371,11.941c2.406,4.275,6.992,6.727,11.666,6.519  c1.078-0.048,2.162-0.237,3.224-0.578c8.9-2.855,18.148,1.875,21.551,10.09c2.276,5.495,8.301,8.367,14.014,6.679  c5.628-1.663,11.172,2.635,11.395,8.185c0.205,5.113-3.862,9.294-8.912,9.294h-67.839c-4.143,0-7.5,3.358-7.5,7.5s3.357,7.5,7.5,7.5  h67.839C501.656,478.783,512.525,467.528,511.98,453.889z M343.666,198.842c1.523-3.043,5.855-3.031,7.371,0  c2.893,5.786,24.754,49.508,33.149,66.299l-26.435,27.01c-0.641,0.653-1.682,0.697-2.374,0.102l-16.021-13.786  c-7.153-6.157-17.969-5.191-23.918,2.145l-8.589,10.595c-0.628,0.776-1.782,0.868-2.527,0.18l-4.737-4.382  C329.317,227.541,328.55,229.075,343.666,198.842z M85.864,353.819l20.472,40.944l-10.889,11.126l-12.005-10.33  c-5.353-4.606-12.871-4.541-18.063-0.774L85.864,353.819z M30.883,463.783l21.909-43.819c10.749,2.692,15.566-5.822,21.189-12.757  l11.976,10.305c5.82,5.009,14.58,4.623,19.942-0.854l7.535-7.699l27.413,54.824L30.883,463.783L30.883,463.783z M194.425,463.783  h-36.807l-50.427-100.854l61.426-122.85c0.883-1.765,3.381-1.766,4.264,0.001c7.01,14.02,27.012,14.005,34.016,0l34.863-69.729  c0.883-1.765,3.38-1.765,4.263,0l0,0l47.56,95.119C289.333,273.966,202.624,447.386,194.425,463.783z M454.524,413.712  c-2.441,0.063-4.855,0.398-7.212,1.002c-7.014-11.22-19.342-18.062-32.54-18.062c-17.6,0-32.837,12.088-37.15,28.777  c-4.936-0.111-9.909,1.151-14.337,3.832c-3.476-0.86-7.141-0.962-10.666-0.295c-5.44-7.733-14.369-12.438-23.91-12.438  c-12.809,0-24,8.346-27.832,20.292c-10.777,0.654-19.562,9.577-19.719,20.661v0.001c-0.029,2.058,0.302,4.373,0.862,6.299h-70.822  L292.6,300.976l1.538,1.423c0,0,0,0,0.001,0c7.09,6.558,18.279,5.76,24.365-1.746l8.589-10.594c0.621-0.765,1.737-0.862,2.481-0.223  l16.022,13.787c6.672,5.74,16.722,5.309,22.878-0.98l22.811-23.308l67.26,134.519C457.227,413.725,455.862,413.677,454.524,413.712z  \"><\/path><path d=\"M137.829,158.322c16.641,0,31.833-9.141,39.648-23.854c1.942-3.658,0.552-8.199-3.106-10.143s-8.198-0.552-10.143,3.105  c-5.205,9.802-15.321,15.89-26.399,15.89c-16.472,0-29.873-13.401-29.873-29.873s13.401-29.873,29.873-29.873  c11.078,0,21.193,6.088,26.399,15.89c1.942,3.657,6.483,5.049,10.143,3.105c3.658-1.943,5.049-6.483,3.106-10.143  c-7.814-14.714-23.007-23.854-39.648-23.854c-24.743,0-44.874,20.13-44.874,44.874S113.086,158.322,137.829,158.322z\"><\/path><g><\/g><g><\/g><g><\/g><g><\/g><g><\/g><g><\/g><g><\/g><g><\/g><g><\/g><g><\/g><g><\/g><g><\/g><g><\/g><g><\/g><g><\/g><\/svg>\t\t\t\t<\/span>\n\t\t\t<\/div>\n\t\t\t\n\t\t\t\t\t\t<div class=\"elementor-icon-box-content\">\n\n\t\t\t\t\t\t\t\t\t<h3 class=\"elementor-icon-box-title\">\n\t\t\t\t\t\t<span  >\n\t\t\t\t\t\t\tTaster Skitouring\t\t\t\t\t\t<\/span>\n\t\t\t\t\t<\/h3>\n\t\t\t\t\n\t\t\t\t\t\t\t\t\t<p class=\"elementor-icon-box-description\">\n\t\t\t\t\t\tDiscovering a new passion with the right know-how\t\t\t\t\t<\/p>\n\t\t\t\t\n\t\t\t<\/div>\n\t\t\t\n\t\t<\/div>\n\t\t\t\t\t\t<\/div>\n\t\t\t\t<\/div>\n\t\t\t\t\t<\/div>\n\t\t<\/div>\n\t\t\t\t<div class=\"make-column-clickable-elementor elementor-column elementor-col-50 elementor-inner-column elementor-element elementor-element-cc4b000 hoverscale\" style=\"cursor: pointer;\" data-column-clickable=\"https:\/\/skischule-innsbruck.com\/en\/snow-fun\/ski-snowboard-guiding\/\" data-column-clickable-blank=\"_self\" data-id=\"cc4b000\" data-element_type=\"column\" data-e-type=\"column\">\n\t\t\t<div class=\"elementor-widget-wrap elementor-element-populated\">\n\t\t\t\t\t\t<div class=\"elementor-element elementor-element-1b9e867 sameheight  elementor-view-default elementor-position-block-start elementor-mobile-position-block-start elementor-widget elementor-widget-icon-box\" data-id=\"1b9e867\" data-element_type=\"widget\" data-e-type=\"widget\" data-widget_type=\"icon-box.default\">\n\t\t\t\t<div class=\"elementor-widget-container\">\n\t\t\t\t\t\t\t<div class=\"elementor-icon-box-wrapper\">\n\n\t\t\t\t\t\t<div class=\"elementor-icon-box-icon\">\n\t\t\t\t<span  class=\"elementor-icon\">\n\t\t\t\t<svg xmlns=\"http:\/\/www.w3.org\/2000\/svg\" id=\"Capa_1\" height=\"512\" viewbox=\"0 0 512 512\" width=\"512\"><g><path d=\"m476.722 419.372-45.855-26.475c-2.32-1.34-5.18-1.34-7.5 0s-3.75 3.815-3.75 6.495v7.04 45.91 34.67c0 4.142 3.357 7.5 7.5 7.5s7.5-3.358 7.5-7.5v-30.34l42.105-24.31c2.32-1.34 3.75-3.815 3.75-6.495s-1.43-5.155-3.75-6.495zm-42.105 19.98v-26.969l23.355 13.484z\"><\/path><path d=\"m115.05 436.394-45.856-26.475c-2.32-1.34-5.18-1.34-7.5 0s-3.75 3.815-3.75 6.495v7.04 45.91 35.135c0 4.142 3.357 7.5 7.5 7.5s7.5-3.358 7.5-7.5v-30.805l42.106-24.31c2.32-1.34 3.75-3.815 3.75-6.495s-1.429-5.155-3.75-6.495zm-42.106 19.98v-26.969l23.356 13.484z\"><\/path><path d=\"m52.921 64.881h22.617c-.124 1.152-.188 2.311-.188 3.47 0 8.671 3.373 16.82 9.492 22.937 6.12 6.134 14.27 9.512 22.948 9.512h8.94c4.143 0 7.5-3.358 7.5-7.5s-3.357-7.5-7.5-7.5h-8.94c-4.665 0-9.044-1.814-12.337-5.113-3.291-3.291-5.103-7.672-5.103-12.336 0-2.698.595-5.274 1.769-7.657 1.145-2.325 1.008-5.075-.36-7.275-1.369-2.2-3.777-3.538-6.368-3.538h-32.47c-4.658 0-9.039-1.816-12.337-5.114-3.29-3.29-5.103-7.667-5.103-12.326 0-9.616 7.823-17.44 17.439-17.44h73.82c4.658 0 9.039 1.816 12.336 5.113 3.291 3.291 5.104 7.668 5.104 12.327 0 2.698-.595 5.274-1.769 7.657-1.145 2.325-1.008 5.075.36 7.275 1.369 2.2 3.777 3.538 6.368 3.538h32.471c4.659 0 9.034 1.814 12.332 5.119 3.294 3.286 5.107 7.662 5.107 12.321 0 9.622-7.823 17.45-17.439 17.45h-34.88c-4.143 0-7.5 3.358-7.5 7.5s3.357 7.5 7.5 7.5h34.88c17.887 0 32.439-14.557 32.439-32.45 0-8.672-3.378-16.818-9.5-22.927-6.121-6.134-14.268-9.513-22.939-9.513h-22.611c.12-1.144.181-2.301.181-3.47 0-8.665-3.373-16.809-9.496-22.933-6.13-6.13-14.278-9.507-22.943-9.507h-73.82c-17.887 0-32.439 14.552-32.439 32.44 0 8.666 3.373 16.811 9.496 22.933 6.129 6.13 14.278 9.507 22.943 9.507z\"><\/path><path d=\"m511.878 305.971c-.739-4.075-4.642-6.778-8.719-6.04l-8.455 1.535-116.527-201.823c-11.949-20.704-33.355-33.066-57.262-33.069-.003 0-.004 0-.007 0-23.906 0-45.318 12.362-57.273 33.068l-86.928 150.563-.591-1.023c-7.277-12.604-20.31-20.13-34.864-20.13-.001 0 0 0-.001 0-14.553 0-27.588 7.526-34.865 20.13l-79.203 137.182-21.022 3.817c-4.075.74-6.779 4.644-6.039 8.719.657 3.623 3.814 6.162 7.37 6.162.444 0 .896-.04 1.349-.122l496.998-90.25c4.075-.74 6.779-4.644 6.039-8.719zm-235.252-198.829c9.244-16.01 25.798-25.568 44.284-25.568h.005c18.482.002 35.032 9.56 44.271 25.568l95.684 165.723c-4.273 5.837-11.041 9.345-18.441 9.345-12.616 0-22.88-10.269-22.88-22.89 0-20.887-16.993-37.88-37.88-37.88-3.693 0-7.358.537-10.893 1.596-3.968 1.189-6.221 5.369-5.032 9.337 1.188 3.968 5.368 6.219 9.337 5.032 2.137-.64 4.353-.965 6.588-.965 12.616 0 22.88 10.264 22.88 22.88 0 20.892 16.993 37.89 37.88 37.89 10.057 0 19.408-3.91 26.349-10.649l10.25 17.753-351.784 63.88c1.123-3.479 2.626-6.866 4.514-10.133l41.278-71.495c6.931 6.736 16.281 10.644 26.345 10.644 20.887 0 37.88-16.997 37.88-37.89 0-12.616 10.264-22.88 22.88-22.88 12.622 0 22.891 10.264 22.891 22.88 0 20.892 16.993 37.89 37.88 37.89s37.88-16.997 37.88-37.89c0-2.202.308-4.349.916-6.383 1.186-3.969-1.071-8.147-5.04-9.333s-8.147 1.071-9.333 5.039c-1.023 3.428-1.543 7.02-1.543 10.677 0 12.622-10.264 22.89-22.88 22.89s-22.88-10.269-22.88-22.89c0-20.887-16.998-37.88-37.89-37.88-20.887 0-37.88 16.993-37.88 37.88 0 12.622-10.264 22.89-22.88 22.89-7.41 0-14.177-3.508-18.435-9.345zm-157.25 149.539c4.566-7.909 12.744-12.63 21.876-12.63 9.131 0 17.308 4.722 21.875 12.633l4.922 8.518-28.012 48.517c-5.497-3.807-12.092-5.947-18.906-5.947-18.278 0-33.149 14.871-33.149 33.15 0 10.013-8.146 18.16-18.16 18.16-2.968 0-5.824-.716-8.383-2.051zm-65.446 113.356c4.818 2.638 10.245 4.044 15.892 4.044 18.284 0 33.16-14.875 33.16-33.16 0-10.008 8.142-18.15 18.149-18.15 4.229 0 8.192 1.423 11.374 3.993l-13.737 23.794c-3.761 6.51-6.339 13.414-7.733 20.578l-64.503 11.714z\"><\/path><path d=\"m499.326 346.097-244.681 44.43c-4.075.74-6.779 4.644-6.039 8.719.657 3.623 3.814 6.162 7.37 6.162.445 0 .896-.04 1.349-.122l244.681-44.43c4.075-.74 6.779-4.644 6.039-8.719-.739-4.076-4.65-6.776-8.719-6.04z\"><\/path><path d=\"m371.99 405.755c-.739-4.075-4.639-6.777-8.719-6.04l-196.996 35.771c-4.075.74-6.779 4.644-6.039 8.719.657 3.623 3.814 6.162 7.37 6.162.444 0 .896-.04 1.349-.122l196.996-35.771c4.075-.74 6.779-4.644 6.039-8.719z\"><\/path><path d=\"m390.265 443.275-77.527 14.078c-4.075.74-6.779 4.644-6.039 8.719.657 3.623 3.814 6.162 7.37 6.162.444 0 .896-.04 1.349-.122l77.527-14.078c4.075-.74 6.779-4.644 6.039-8.719-.739-4.075-4.64-6.777-8.719-6.04z\"><\/path><\/g><\/svg>\t\t\t\t<\/span>\n\t\t\t<\/div>\n\t\t\t\n\t\t\t\t\t\t<div class=\"elementor-icon-box-content\">\n\n\t\t\t\t\t\t\t\t\t<h3 class=\"elementor-icon-box-title\">\n\t\t\t\t\t\t<span  >\n\t\t\t\t\t\t\tSki \/ Snowboard Guiding\t\t\t\t\t\t<\/span>\n\t\t\t\t\t<\/h3>\n\t\t\t\t\n\t\t\t\t\t\t\t\t\t<p class=\"elementor-icon-box-description\">\n\t\t\t\t\t\tUnique experience in the Tyrolean Alps\t\t\t\t\t<\/p>\n\t\t\t\t\n\t\t\t<\/div>\n\t\t\t\n\t\t<\/div>\n\t\t\t\t\t\t<\/div>\n\t\t\t\t<\/div>\n\t\t\t\t\t<\/div>\n\t\t<\/div>\n\t\t\t\t\t<\/div>\n\t\t<\/section>\n\t\t\t\t<section class=\"elementor-section elementor-inner-section elementor-element elementor-element-b144e3c elementor-section-boxed elementor-section-height-default elementor-section-height-default\" data-id=\"b144e3c\" data-element_type=\"section\" data-e-type=\"section\">\n\t\t\t\t\t\t<div class=\"elementor-container elementor-column-gap-default\">\n\t\t\t\t\t<div class=\"make-column-clickable-elementor elementor-column elementor-col-50 elementor-inner-column elementor-element elementor-element-e630303 hoverscale\" style=\"cursor: pointer;\" data-column-clickable=\"https:\/\/skischule-innsbruck.com\/en\/snow-fun\/schneeschuhwandern\/\" data-column-clickable-blank=\"_self\" data-id=\"e630303\" data-element_type=\"column\" data-e-type=\"column\">\n\t\t\t<div class=\"elementor-widget-wrap elementor-element-populated\">\n\t\t\t\t\t\t<div class=\"elementor-element elementor-element-f445834 sameheight  elementor-view-default elementor-position-block-start elementor-mobile-position-block-start elementor-widget elementor-widget-icon-box\" data-id=\"f445834\" data-element_type=\"widget\" data-e-type=\"widget\" data-widget_type=\"icon-box.default\">\n\t\t\t\t<div class=\"elementor-widget-container\">\n\t\t\t\t\t\t\t<div class=\"elementor-icon-box-wrapper\">\n\n\t\t\t\t\t\t<div class=\"elementor-icon-box-icon\">\n\t\t\t\t<span  class=\"elementor-icon\">\n\t\t\t\t<svg xmlns=\"http:\/\/www.w3.org\/2000\/svg\" height=\"512\" viewbox=\"0 0 48 48\" width=\"512\"><g id=\"Line\"><path d=\"m23 27.98c.01-5.325-.007-14.573 0-19.98-.277-7.932-11.717-7.947-12 0 .001 9.649 0 22.337 0 32 .277 7.932 11.717 7.947 12 0 0 0 0-12.019 0-12.02zm-2-6.38c-2.619-.756-5.381-.756-8 0v-1.903c2.603-.885 5.397-.885 8 0zm-8 2.111c2.604-.887 5.396-.887 8 0v2.892c-2.62-.757-5.38-.757-8 0zm4-19.711c2.206 0 4 1.794 4 4v9.603c-2.62-.757-5.38-.757-8 0v-9.603c0-2.206 1.794-4 4-4zm0 40c-2.206 0-4-1.794-4-4v-11.289c2.604-.887 5.396-.887 8 0v11.289c0 2.206-1.794 4-4 4z\"><\/path><path d=\"m7 2c-1.654 0-3 1.346-3 3v7c0 1.302.839 2.402 2 2.816v25.184h-1c-.552 0-1 .447-1 1s.448 1 1 1h1v3c0 .553.448 1 1 1s1-.447 1-1v-3h1c.552 0 1-.447 1-1s-.448-1-1-1h-1v-25.184c1.161-.414 2-1.514 2-2.816v-7c0-1.654-1.346-3-3-3zm1 10c-.006 1.305-1.993 1.309-2 0v-7c.006-1.305 1.993-1.309 2 0z\"><\/path><path d=\"m37 27.98c.01-5.325-.007-14.573 0-19.98-.277-7.932-11.717-7.947-12 0 .001 9.649 0 22.337 0 32 .277 7.932 11.717 7.947 12 0 0 0 0-12.019 0-12.02zm-2-6.38c-2.619-.756-5.381-.756-8 0v-1.903c2.603-.885 5.397-.885 8 0zm-8 2.111c2.604-.887 5.396-.887 8 0v2.892c-2.62-.757-5.38-.757-8 0zm4-19.711c2.206 0 4 1.794 4 4v9.603c-2.62-.757-5.38-.757-8 0v-9.603c0-2.206 1.794-4 4-4zm0 40c-2.206 0-4-1.794-4-4v-11.289c2.604-.887 5.396-.887 8 0v11.289c0 2.206-1.794 4-4 4z\"><\/path><path d=\"m41 2c-1.654 0-3 1.346-3 3v7c0 1.302.839 2.402 2 2.816v25.184h-1c-.552 0-1 .447-1 1s.448 1 1 1h1v3c0 .553.448 1 1 1s1-.447 1-1v-3h1c.552 0 1-.447 1-1s-.448-1-1-1h-1v-25.184c1.161-.414 2-1.514 2-2.816v-7c0-1.654-1.346-3-3-3zm1 10c-.006 1.305-1.993 1.309-2 0v-7c.006-1.305 1.993-1.309 2 0z\"><\/path><\/g><\/svg>\t\t\t\t<\/span>\n\t\t\t<\/div>\n\t\t\t\n\t\t\t\t\t\t<div class=\"elementor-icon-box-content\">\n\n\t\t\t\t\t\t\t\t\t<h3 class=\"elementor-icon-box-title\">\n\t\t\t\t\t\t<span  >\n\t\t\t\t\t\t\tSnow shoe hiking\t\t\t\t\t\t<\/span>\n\t\t\t\t\t<\/h3>\n\t\t\t\t\n\t\t\t\t\t\t\t\t\t<p class=\"elementor-icon-box-description\">\n\t\t\t\t\t\tExperience winter in a very special way\t\t\t\t\t<\/p>\n\t\t\t\t\n\t\t\t<\/div>\n\t\t\t\n\t\t<\/div>\n\t\t\t\t\t\t<\/div>\n\t\t\t\t<\/div>\n\t\t\t\t\t<\/div>\n\t\t<\/div>\n\t\t\t\t<div class=\"make-column-clickable-elementor elementor-column elementor-col-50 elementor-inner-column elementor-element elementor-element-4b5dd2b hoverscale\" style=\"cursor: pointer;\" data-column-clickable=\"https:\/\/skischule-innsbruck.com\/en\/snow-fun\/figl-verleih\/\" data-column-clickable-blank=\"_self\" data-id=\"4b5dd2b\" data-element_type=\"column\" data-e-type=\"column\">\n\t\t\t<div class=\"elementor-widget-wrap elementor-element-populated\">\n\t\t\t\t\t\t<div class=\"elementor-element elementor-element-000afd7 sameheight  elementor-view-default elementor-position-block-start elementor-mobile-position-block-start elementor-widget elementor-widget-icon-box\" data-id=\"000afd7\" data-element_type=\"widget\" data-e-type=\"widget\" data-widget_type=\"icon-box.default\">\n\t\t\t\t<div class=\"elementor-widget-container\">\n\t\t\t\t\t\t\t<div class=\"elementor-icon-box-wrapper\">\n\n\t\t\t\t\t\t<div class=\"elementor-icon-box-icon\">\n\t\t\t\t<span  class=\"elementor-icon\">\n\t\t\t\t<svg xmlns=\"http:\/\/www.w3.org\/2000\/svg\" id=\"Capa_1\" height=\"512\" viewbox=\"0 0 510 510\" width=\"512\"><g><path d=\"m165 0c-41.355 0-75 33.645-75 75v360c0 41.355 33.645 75 75 75s75-33.645 75-75c0-14.013 0-343.596 0-360 0-41.355-33.645-75-75-75zm-45 75c0-24.813 20.187-45 45-45 21.79 0 40.008 15.57 44.124 36.168l-89.124 44.562zm0 69.27 90-45v41.461l-90 45zm0 185.689c26.654 20.055 63.32 20.074 90 0v36.771l-90 45zm45 150.041c-21.47 0-39.466-15.118-43.928-35.266l88.928-44.464v34.73c0 24.814-20.187 45-45 45zm45-210c0 24.814-20.187 45-45 45s-45-20.186-45-45c0-9.581 0-40.141 0-50.73l90-45z\"><\/path><path d=\"m345 0c-41.355 0-75 33.645-75 75v360c0 41.355 33.645 75 75 75s75-33.645 75-75c0-14.013 0-343.596 0-360 0-41.355-33.645-75-75-75zm-45 75c0-24.813 20.187-45 45-45 21.79 0 40.008 15.57 44.124 36.168l-89.124 44.562zm90 24.27v41.461l-90 45v-41.461zm-90 230.689c26.654 20.055 63.32 20.074 90 0v36.771l-90 45zm45 150.041c-21.47 0-39.466-15.118-43.928-35.266l88.928-44.464v34.73c0 24.814-20.187 45-45 45zm45-210c0 24.814-20.187 45-45 45s-45-20.186-45-45c0-9.581 0-40.141 0-50.73l90-45z\"><\/path><\/g><\/svg>\t\t\t\t<\/span>\n\t\t\t<\/div>\n\t\t\t\n\t\t\t\t\t\t<div class=\"elementor-icon-box-content\">\n\n\t\t\t\t\t\t\t\t\t<h3 class=\"elementor-icon-box-title\">\n\t\t\t\t\t\t<span  >\n\t\t\t\t\t\t\tFigl Rental\t\t\t\t\t\t<\/span>\n\t\t\t\t\t<\/h3>\n\t\t\t\t\n\t\t\t\t\t\t\t\t\t<p class=\"elementor-icon-box-description\">\n\t\t\t\t\t\tThe springtime fun for Innsbruckers\t\t\t\t\t<\/p>\n\t\t\t\t\n\t\t\t<\/div>\n\t\t\t\n\t\t<\/div>\n\t\t\t\t\t\t<\/div>\n\t\t\t\t<\/div>\n\t\t\t\t\t<\/div>\n\t\t<\/div>\n\t\t\t\t\t<\/div>\n\t\t<\/section>\n\t\t\t\t\t<\/div>\n\t\t<\/div>\n\t\t\t\t\t<\/div>\n\t\t<\/section>\n\t\t\t\t<\/div>","protected":false},"excerpt":{"rendered":"<p>Snow &#038; Fun Tiefschnee, Firn und mehr! W\u00e4hle deine gew\u00fcnschte Aktivit\u00e4t aus: Schnupper-Skitour Mit dem richtigen Know How eine neue Leidenschaft entdecken Ski \/ Snowboard Guiding Das ultimative Erlebnis Schneeschuhwandern Dem Winter ganz nah Figl-Verleih Die Fr\u00fchlingsgaudi der Innsbruckerinnen und Innsbrucker Schnupper-Skitour Mit dem richtigen Know How eine neue Leidenschaft entdecken Ski \/ Snowboard Guiding [&hellip;]<\/p>\n","protected":false},"author":1,"featured_media":0,"parent":0,"menu_order":0,"comment_status":"closed","ping_status":"closed","template":"elementor_header_footer","meta":{"footnotes":""},"class_list":["post-799","page","type-page","status-publish","hentry"],"acf":[],"_links":{"self":[{"href":"https:\/\/skischule-innsbruck.com\/en\/wp-json\/wp\/v2\/pages\/799","targetHints":{"allow":["GET"]}}],"collection":[{"href":"https:\/\/skischule-innsbruck.com\/en\/wp-json\/wp\/v2\/pages"}],"about":[{"href":"https:\/\/skischule-innsbruck.com\/en\/wp-json\/wp\/v2\/types\/page"}],"author":[{"embeddable":true,"href":"https:\/\/skischule-innsbruck.com\/en\/wp-json\/wp\/v2\/users\/1"}],"replies":[{"embeddable":true,"href":"https:\/\/skischule-innsbruck.com\/en\/wp-json\/wp\/v2\/comments?post=799"}],"version-history":[{"count":25,"href":"https:\/\/skischule-innsbruck.com\/en\/wp-json\/wp\/v2\/pages\/799\/revisions"}],"predecessor-version":[{"id":1684,"href":"https:\/\/skischule-innsbruck.com\/en\/wp-json\/wp\/v2\/pages\/799\/revisions\/1684"}],"wp:attachment":[{"href":"https:\/\/skischule-innsbruck.com\/en\/wp-json\/wp\/v2\/media?parent=799"}],"curies":[{"name":"wp","href":"https:\/\/api.w.org\/{rel}","templated":true}]}}