{"id":762,"date":"2021-09-12T12:20:26","date_gmt":"2021-09-12T10:20:26","guid":{"rendered":"https:\/\/www.skischule-innsbruck.at\/?page_id=762"},"modified":"2025-08-06T22:15:07","modified_gmt":"2025-08-06T20:15:07","slug":"schnupperkurs","status":"publish","type":"page","link":"https:\/\/skischule-innsbruck.com\/en\/erwachsene\/ski-erwachsene\/schnupperkurs\/","title":{"rendered":"Taster lesson"},"content":{"rendered":"<div data-elementor-type=\"wp-page\" data-elementor-id=\"762\" class=\"elementor elementor-762\" data-elementor-post-type=\"page\">\n\t\t\t\t\t\t<section class=\"elementor-section elementor-top-section elementor-element elementor-element-cd9a32b elementor-section-boxed elementor-section-height-default elementor-section-height-default\" data-id=\"cd9a32b\" data-element_type=\"section\" data-e-type=\"section\" data-settings=\"{&quot;background_background&quot;:&quot;classic&quot;}\">\n\t\t\t\t\t\t\t<div class=\"elementor-background-overlay\"><\/div>\n\t\t\t\t\t\t\t<div class=\"elementor-container elementor-column-gap-default\">\n\t\t\t\t\t<div class=\"elementor-column elementor-col-100 elementor-top-column elementor-element elementor-element-cea490b\" data-id=\"cea490b\" data-element_type=\"column\" data-e-type=\"column\" data-settings=\"{&quot;background_background&quot;:&quot;classic&quot;}\">\n\t\t\t<div class=\"elementor-widget-wrap elementor-element-populated\">\n\t\t\t\t\t\t<div class=\"elementor-element elementor-element-6319a11 elementor-widget elementor-widget-heading\" data-id=\"6319a11\" data-element_type=\"widget\" data-e-type=\"widget\" data-widget_type=\"heading.default\">\n\t\t\t\t<div class=\"elementor-widget-container\">\n\t\t\t\t\t<h1 class=\"elementor-heading-title elementor-size-default\">Taster lesson<\/h1>\t\t\t\t<\/div>\n\t\t\t\t<\/div>\n\t\t\t\t<div class=\"elementor-element elementor-element-4c2f248 elementor-widget elementor-widget-text-editor\" data-id=\"4c2f248\" data-element_type=\"widget\" data-e-type=\"widget\" data-widget_type=\"text-editor.default\">\n\t\t\t\t<div class=\"elementor-widget-container\">\n\t\t\t\t\t\t\t\t\t<p>For beginners only<\/p>\t\t\t\t\t\t\t\t<\/div>\n\t\t\t\t<\/div>\n\t\t\t\t\t<\/div>\n\t\t<\/div>\n\t\t\t\t\t<\/div>\n\t\t<\/section>\n\t\t\t\t<section class=\"elementor-section elementor-top-section elementor-element elementor-element-5405d96 elementor-section-boxed elementor-section-height-default elementor-section-height-default\" data-id=\"5405d96\" data-element_type=\"section\" data-e-type=\"section\">\n\t\t\t\t\t\t<div class=\"elementor-container elementor-column-gap-default\">\n\t\t\t\t\t<div class=\"elementor-column elementor-col-50 elementor-top-column elementor-element elementor-element-2c56463\" data-id=\"2c56463\" data-element_type=\"column\" data-e-type=\"column\">\n\t\t\t<div class=\"elementor-widget-wrap elementor-element-populated\">\n\t\t\t\t\t\t<div class=\"elementor-element elementor-element-fe3bd44 elementor-widget elementor-widget-text-editor\" data-id=\"fe3bd44\" data-element_type=\"widget\" data-e-type=\"widget\" data-widget_type=\"text-editor.default\">\n\t\t\t\t<div class=\"elementor-widget-container\">\n\t\t\t\t\t\t\t\t\t<p>Ideal for beginners standing on skis for the first time.<\/p><ul><li>Only for beginners (level 1), minimum age 12 years (taster lesson for children under 12years on request)<\/li><li>Lesson duration: 1.5 hours for 1 person; 2 hours for 2 people; 2.5 hours for 3 or more people<\/li><li>Starting Time:<ul><li>Morning: Monday 09:30 am, except 09.02.2026 at 10:00 am; Tuesday to Sunday at 10:30 am except 27.12.2025 &amp; 02.01.2026 at 10:00 am<\/li><li>Afternoon daily 13:15 pm<\/li><\/ul><\/li><\/ul><p><strong><span class=\"miniheadline\">Your advantages at a glance:<\/span><\/strong><\/p><ul><li><span style=\"background-color: transparent; color: var( --e-global-color-text ); font-family: var( --e-global-typography-text-font-family ), Sans-serif; font-weight: var( --e-global-typography-text-font-weight );\">Gaining first experience in a like-minded community<\/span><\/li><li>Spontaneous and daily bookable<\/li><li>Building on this, a private or group course can be booked<\/li><\/ul><p>We kindly ask you to be at the meeting point 5-10 minutes prior to ensure a smooth and punctual start of the class for all participants!<\/p>\t\t\t\t\t\t\t\t<\/div>\n\t\t\t\t<\/div>\n\t\t\t\t\t<\/div>\n\t\t<\/div>\n\t\t\t\t<div class=\"elementor-column elementor-col-50 elementor-top-column elementor-element elementor-element-c1db6f3\" data-id=\"c1db6f3\" data-element_type=\"column\" data-e-type=\"column\" data-settings=\"{&quot;background_background&quot;:&quot;classic&quot;}\">\n\t\t\t<div class=\"elementor-widget-wrap elementor-element-populated\">\n\t\t\t\t\t\t<section class=\"elementor-section elementor-inner-section elementor-element elementor-element-26be672 elementor-section-boxed elementor-section-height-default elementor-section-height-default\" data-id=\"26be672\" data-element_type=\"section\" data-e-type=\"section\" data-settings=\"{&quot;background_background&quot;:&quot;classic&quot;}\">\n\t\t\t\t\t\t<div class=\"elementor-container elementor-column-gap-default\">\n\t\t\t\t\t<div class=\"elementor-column elementor-col-100 elementor-inner-column elementor-element elementor-element-63754b0\" data-id=\"63754b0\" data-element_type=\"column\" data-e-type=\"column\">\n\t\t\t<div class=\"elementor-widget-wrap elementor-element-populated\">\n\t\t\t\t\t\t<div class=\"elementor-element elementor-element-d1b2972 elementor-widget elementor-widget-heading\" data-id=\"d1b2972\" data-element_type=\"widget\" data-e-type=\"widget\" data-widget_type=\"heading.default\">\n\t\t\t\t<div class=\"elementor-widget-container\">\n\t\t\t\t\t<h2 class=\"elementor-heading-title elementor-size-default\">Factsheet<\/h2>\t\t\t\t<\/div>\n\t\t\t\t<\/div>\n\t\t\t\t<div class=\"elementor-element elementor-element-3e98631 elementor-position-inline-start elementor-view-default elementor-mobile-position-block-start elementor-widget elementor-widget-icon-box\" data-id=\"3e98631\" data-element_type=\"widget\" data-e-type=\"widget\" data-widget_type=\"icon-box.default\">\n\t\t\t\t<div class=\"elementor-widget-container\">\n\t\t\t\t\t\t\t<div class=\"elementor-icon-box-wrapper\">\n\n\t\t\t\t\t\t<div class=\"elementor-icon-box-icon\">\n\t\t\t\t<a href=\"https:\/\/skischule-innsbruck.com\/en\/veranstaltungsorte-treffpunkte\/\" class=\"elementor-icon\" tabindex=\"-1\" aria-label=\"Ski area\">\n\t\t\t\t<svg xmlns=\"http:\/\/www.w3.org\/2000\/svg\" xmlns:xlink=\"http:\/\/www.w3.org\/1999\/xlink\" id=\"Capa_1\" x=\"0px\" y=\"0px\" viewbox=\"0 0 368.16 368.16\" style=\"enable-background:new 0 0 368.16 368.16;\" xml:space=\"preserve\"><g>\t<g>\t\t<g>\t\t\t<path d=\"M184.08,0c-74.992,0-136,61.008-136,136c0,24.688,11.072,51.24,11.536,52.36c3.576,8.488,10.632,21.672,15.72,29.4     l93.248,141.288c3.816,5.792,9.464,9.112,15.496,9.112s11.68-3.32,15.496-9.104l93.256-141.296     c5.096-7.728,12.144-20.912,15.72-29.4c0.464-1.112,11.528-27.664,11.528-52.36C320.08,61.008,259.072,0,184.08,0z      M293.8,182.152c-3.192,7.608-9.76,19.872-14.328,26.8l-93.256,141.296c-1.84,2.792-2.424,2.792-4.264,0L88.696,208.952     c-4.568-6.928-11.136-19.2-14.328-26.808C74.232,181.816,64.08,157.376,64.08,136c0-66.168,53.832-120,120-120     c66.168,0,120,53.832,120,120C304.08,157.408,293.904,181.912,293.8,182.152z\"><\/path>\t\t\t<path d=\"M184.08,64.008c-39.704,0-72,32.304-72,72c0,39.696,32.296,72,72,72c39.704,0,72-32.304,72-72     C256.08,96.312,223.784,64.008,184.08,64.008z M184.08,192.008c-30.872,0-56-25.12-56-56s25.128-56,56-56s56,25.12,56,56     S214.952,192.008,184.08,192.008z\"><\/path>\t\t<\/g>\t<\/g><\/g><g><\/g><g><\/g><g><\/g><g><\/g><g><\/g><g><\/g><g><\/g><g><\/g><g><\/g><g><\/g><g><\/g><g><\/g><g><\/g><g><\/g><g><\/g><\/svg>\t\t\t\t<\/a>\n\t\t\t<\/div>\n\t\t\t\n\t\t\t\t\t\t<div class=\"elementor-icon-box-content\">\n\n\t\t\t\t\t\t\t\t\t<h3 class=\"elementor-icon-box-title\">\n\t\t\t\t\t\t<a href=\"https:\/\/skischule-innsbruck.com\/en\/veranstaltungsorte-treffpunkte\/\" >\n\t\t\t\t\t\t\tSki area\t\t\t\t\t\t<\/a>\n\t\t\t\t\t<\/h3>\n\t\t\t\t\n\t\t\t\t\t\t\t\t\t<p class=\"elementor-icon-box-description\">\n\t\t\t\t\t\tPatscherkofel, Nordkette\t\t\t\t\t<\/p>\n\t\t\t\t\n\t\t\t<\/div>\n\t\t\t\n\t\t<\/div>\n\t\t\t\t\t\t<\/div>\n\t\t\t\t<\/div>\n\t\t\t\t<div class=\"elementor-element elementor-element-56c341f elementor-position-inline-start elementor-view-default elementor-mobile-position-block-start elementor-widget elementor-widget-icon-box\" data-id=\"56c341f\" data-element_type=\"widget\" data-e-type=\"widget\" data-widget_type=\"icon-box.default\">\n\t\t\t\t<div class=\"elementor-widget-container\">\n\t\t\t\t\t\t\t<div class=\"elementor-icon-box-wrapper\">\n\n\t\t\t\t\t\t<div class=\"elementor-icon-box-icon\">\n\t\t\t\t<span  class=\"elementor-icon\">\n\t\t\t\t<svg xmlns=\"http:\/\/www.w3.org\/2000\/svg\" xmlns:xlink=\"http:\/\/www.w3.org\/1999\/xlink\" id=\"Capa_1\" x=\"0px\" y=\"0px\" viewbox=\"0 0 505.4 505.4\" style=\"enable-background:new 0 0 505.4 505.4;\" xml:space=\"preserve\"><g>\t<g>\t\t<path d=\"M437.1,233.45c14.8-10.4,24.6-27.7,24.6-47.2c0-31.9-25.8-57.7-57.7-57.7c-31.9,0-57.7,25.8-57.7,57.7    c0,19.5,9.7,36.8,24.6,47.2c-12.7,4.4-24.3,11.2-34.1,20c-13.5-11.5-29.4-20.3-46.8-25.5c21.1-12.8,35.3-36.1,35.3-62.6    c0-40.4-32.7-73.1-73.1-73.1c-40.4,0-73.1,32.8-73.1,73.1c0,26.5,14.1,49.8,35.3,62.6c-17.2,5.2-32.9,13.9-46.3,25.2    c-9.8-8.6-21.2-15.3-33.7-19.6c14.8-10.4,24.6-27.7,24.6-47.2c0-31.9-25.8-57.7-57.7-57.7s-57.7,25.8-57.7,57.7    c0,19.5,9.7,36.8,24.6,47.2C28.5,247.25,0,284.95,0,329.25v6.6c0,0.2,0.2,0.4,0.4,0.4h122.3c-0.7,5.5-1.1,11.2-1.1,16.9v6.8    c0,29.4,23.8,53.2,53.2,53.2h155c29.4,0,53.2-23.8,53.2-53.2v-6.8c0-5.7-0.4-11.4-1.1-16.9H505c0.2,0,0.4-0.2,0.4-0.4v-6.6    C505.2,284.85,476.8,247.15,437.1,233.45z M362.3,186.15c0-23,18.7-41.7,41.7-41.7s41.7,18.7,41.7,41.7    c0,22.7-18.3,41.2-40.9,41.7c-0.3,0-0.5,0-0.8,0s-0.5,0-0.8,0C380.5,227.45,362.3,208.95,362.3,186.15z M194.9,165.35    c0-31.5,25.6-57.1,57.1-57.1s57.1,25.6,57.1,57.1c0,30.4-23.9,55.3-53.8,57c-1.1,0-2.2,0-3.3,0c-1.1,0-2.2,0-3.3,0    C218.8,220.65,194.9,195.75,194.9,165.35z M59.3,186.15c0-23,18.7-41.7,41.7-41.7s41.7,18.7,41.7,41.7c0,22.7-18.3,41.2-40.9,41.7    c-0.3,0-0.5,0-0.8,0s-0.5,0-0.8,0C77.6,227.45,59.3,208.95,59.3,186.15z M125.5,320.15H16.2c4.5-42.6,40.5-76,84.2-76.3    c0.2,0,0.4,0,0.6,0s0.4,0,0.6,0c20.8,0.1,39.8,7.8,54.5,20.3C141.7,279.75,131,298.95,125.5,320.15z M366.8,359.95    c0,20.5-16.7,37.2-37.2,37.2h-155c-20.5,0-37.2-16.7-37.2-37.2v-6.8c0-62.1,49.6-112.9,111.3-114.7c1.1,0.1,2.3,0.1,3.4,0.1    s2.3,0,3.4-0.1c61.7,1.8,111.3,52.6,111.3,114.7V359.95z M378.7,320.15c-5.5-21.1-16-40-30.3-55.6c14.8-12.8,34-20.5,55-20.7    c0.2,0,0.4,0,0.6,0s0.4,0,0.6,0c43.7,0.3,79.7,33.7,84.2,76.3H378.7z\"><\/path>\t<\/g><\/g><g><\/g><g><\/g><g><\/g><g><\/g><g><\/g><g><\/g><g><\/g><g><\/g><g><\/g><g><\/g><g><\/g><g><\/g><g><\/g><g><\/g><g><\/g><\/svg>\t\t\t\t<\/span>\n\t\t\t<\/div>\n\t\t\t\n\t\t\t\t\t\t<div class=\"elementor-icon-box-content\">\n\n\t\t\t\t\t\t\t\t\t<h3 class=\"elementor-icon-box-title\">\n\t\t\t\t\t\t<span  >\n\t\t\t\t\t\t\tType of course\t\t\t\t\t\t<\/span>\n\t\t\t\t\t<\/h3>\n\t\t\t\t\n\t\t\t\t\t\t\t\t\t<p class=\"elementor-icon-box-description\">\n\t\t\t\t\t\tGroup\t\t\t\t\t<\/p>\n\t\t\t\t\n\t\t\t<\/div>\n\t\t\t\n\t\t<\/div>\n\t\t\t\t\t\t<\/div>\n\t\t\t\t<\/div>\n\t\t\t\t<div class=\"elementor-element elementor-element-fc13607 elementor-position-inline-start elementor-view-default elementor-mobile-position-block-start elementor-widget elementor-widget-icon-box\" data-id=\"fc13607\" data-element_type=\"widget\" data-e-type=\"widget\" data-widget_type=\"icon-box.default\">\n\t\t\t\t<div class=\"elementor-widget-container\">\n\t\t\t\t\t\t\t<div class=\"elementor-icon-box-wrapper\">\n\n\t\t\t\t\t\t<div class=\"elementor-icon-box-icon\">\n\t\t\t\t<a href=\"https:\/\/skischule-innsbruck.com\/en\/meine-koennensstufe\/\" class=\"elementor-icon\" tabindex=\"-1\" aria-label=\"Level\">\n\t\t\t\t<svg xmlns=\"http:\/\/www.w3.org\/2000\/svg\" id=\"Capa_1\" height=\"512\" viewbox=\"0 0 511.997 511.997\" width=\"512\"><path d=\"m173.677 82.889c4.142 0 7.5-3.358 7.5-7.5v-11.268c0-4.142-3.358-7.5-7.5-7.5s-7.5 3.358-7.5 7.5v11.268c0 4.142 3.358 7.5 7.5 7.5z\"><\/path><path d=\"m154.217 126.713c31.48 0 57.091-25.551 57.091-56.957 0-16.588-7.148-31.539-18.529-41.958h8.408c4.142 0 7.5-3.358 7.5-7.5s-3.358-7.5-7.5-7.5h-46.97c-31.48 0-57.092 25.551-57.092 56.958 0 31.406 25.611 56.957 57.092 56.957zm0-98.916c23.209 0 42.091 18.822 42.091 41.958 0 23.135-18.882 41.957-42.091 41.957s-42.092-18.822-42.092-41.957 18.882-41.958 42.092-41.958z\"><\/path><path d=\"m426.966 100.755-134.202 134.513c-4.079 4.091-4.079 10.748.002 14.84l20.763 20.812c1.981 1.987 4.62 3.081 7.43 3.081 2.809 0 5.447-1.093 7.428-3.079l134.177-134.487 11.437 11.463c1.862 1.868 4.247 2.897 6.713 2.897 4.086 0 7.599-2.805 8.743-6.98l22.17-80.91c.809-2.952.279-5.947-1.453-8.217-2.212-2.9-6.088-4.133-9.871-3.092l-80.708 22.221c-3.35.922-5.847 3.351-6.68 6.497s.134 6.493 2.587 8.951zm67.504-31.995-16.857 61.521-7.619-7.636c-1.981-1.987-4.62-3.081-7.43-3.081s-5.448 1.094-7.429 3.079l-134.177 134.487-14.409-14.442 134.202-134.512c4.082-4.093 4.082-10.751 0-14.841l-7.657-7.675z\"><\/path><path d=\"m501.449 304.223h-21.441c-4.142 0-7.5 3.358-7.5 7.5s3.358 7.5 7.5 7.5h16.941v164.977h-137.729v-107.179-57.798h85.788c4.142 0 7.5-3.358 7.5-7.5s-3.358-7.5-7.5-7.5h-90.288c-5.79 0-10.5 4.711-10.5 10.5v51.798h-49.02v-9.523c0-8.547-6.953-15.5-15.5-15.5h-9.952v-74.851c0-6.893-5.607-12.5-12.5-12.5h-44.458v-75.973h65.677c2.221 3.485 6.11 5.808 10.539 5.808h18.888c6.893 0 12.5-5.607 12.5-12.5v-29.917c0-6.893-5.607-12.5-12.5-12.5h-18.888c-4.43 0-8.32 2.323-10.541 5.809h-20.458c-4.142 0-7.5 3.358-7.5 7.5s3.358 7.5 7.5 7.5h18.499v13.301h-71.216c-4.142 0-7.5 3.358-7.5 7.5v95.75h-79.192v-99.493c0-9.406 7.682-17.058 17.124-17.058h87.286c4.142 0 7.5-3.358 7.5-7.5s-3.358-7.5-7.5-7.5h-87.286c-12.203 0-22.837 6.826-28.273 16.852l-78.857 78.646c-.892-.198-1.808-.31-2.744-.31-3.341 0-6.479 1.295-8.836 3.646l-13.349 13.311c-2.362 2.357-3.664 5.497-3.663 8.841 0 3.345 1.302 6.484 3.664 8.841l21.221 21.164c2.357 2.351 5.496 3.646 8.836 3.646 3.341 0 6.479-1.295 8.836-3.646l13.347-13.31c2.362-2.356 3.663-5.496 3.663-8.841 0-.928-.11-1.837-.305-2.722l44.335-44.217v187.939c-5.567 2.353-9.483 7.87-9.483 14.284v10.096h-44.853c-5.789 0-10.5 4.711-10.5 10.5v49.106c0 5.79 4.711 10.5 10.5 10.5h452.188c5.789 0 10.5-4.71 10.5-10.5v-173.977c0-5.789-4.71-10.5-10.5-10.5zm-209.942-160.157h13.888v24.917h-13.888zm-11.807 212.433c.257 0 .5.243.5.5v9.523h-53.424v-9.523c0-.257.243-.5.5-.5zm-124.166-75.074h46.063c6.172 0 11.193-5.017 11.193-11.183v-1.095h41.958v72.351h-21.935v-38.015c0-6.893-5.608-12.5-12.5-12.5h-64.778v-9.558zm-46.42 137.574c0-.257.243-.5.5-.5h52.424c.257 0 .5.243.5.5v10.096h-53.424zm-75.392-145.506-17.681-17.633 9.806-9.779 17.68 17.634zm16.308-24.478-9.444-9.42 63.012-62.843v18.839zm141.46 235.185h-137.729v-40.105h137.729zm0-107.179v52.073h-13.952v-10.096c0-8.547-6.953-15.5-15.5-15.5h-6.504v-38.776c0-4.142-3.358-7.5-7.5-7.5s-7.5 3.358-7.5 7.5v38.776h-21.936v-122.073h21.936v48.297c0 4.142 3.358 7.5 7.5 7.5s7.5-3.358 7.5-7.5v-23.739h62.278v38.767c-3.664 2.837-6.036 7.266-6.036 12.248v9.523h-9.786c-5.789 0-10.5 4.711-10.5 10.5zm152.73 107.179h-137.73v-102.679h137.73z\"><\/path><\/svg>\t\t\t\t<\/a>\n\t\t\t<\/div>\n\t\t\t\n\t\t\t\t\t\t<div class=\"elementor-icon-box-content\">\n\n\t\t\t\t\t\t\t\t\t<h3 class=\"elementor-icon-box-title\">\n\t\t\t\t\t\t<a href=\"https:\/\/skischule-innsbruck.com\/en\/meine-koennensstufe\/\" >\n\t\t\t\t\t\t\tLevel\t\t\t\t\t\t<\/a>\n\t\t\t\t\t<\/h3>\n\t\t\t\t\n\t\t\t\t\t\t\t\t\t<p class=\"elementor-icon-box-description\">\n\t\t\t\t\t\tLevel 1\t\t\t\t\t<\/p>\n\t\t\t\t\n\t\t\t<\/div>\n\t\t\t\n\t\t<\/div>\n\t\t\t\t\t\t<\/div>\n\t\t\t\t<\/div>\n\t\t\t\t<div class=\"elementor-element elementor-element-90c55af elementor-position-inline-start elementor-view-default elementor-mobile-position-block-start elementor-widget elementor-widget-icon-box\" data-id=\"90c55af\" data-element_type=\"widget\" data-e-type=\"widget\" data-widget_type=\"icon-box.default\">\n\t\t\t\t<div class=\"elementor-widget-container\">\n\t\t\t\t\t\t\t<div class=\"elementor-icon-box-wrapper\">\n\n\t\t\t\t\t\t<div class=\"elementor-icon-box-icon\">\n\t\t\t\t<span  class=\"elementor-icon\">\n\t\t\t\t<svg xmlns=\"http:\/\/www.w3.org\/2000\/svg\" height=\"480.96641pt\" viewbox=\"0 0 480.96641 480.96641\" width=\"480.96641pt\"><path d=\"m353.652344 7.3125c-9.75-9.75-25.558594-9.75-35.3125 0-9.75 9.753906-9.75 25.5625 0 35.3125l6.34375 6.34375-136 136h-74.75c-8.484375.023438-16.613282 3.394531-22.625 9.375-12.492188 12.496094-12.492188 32.753906 0 45.25l57.375 57.375-115.023438 115.023438c-16.285156 16.289062-27.835937 36.695312-33.421875 59.042968-.679687 2.722656.121094 5.601563 2.105469 7.589844 1.984375 1.984375 4.863281 2.78125 7.589844 2.105469 22.34375-5.585938 42.75-17.140625 59.039062-33.425781l115.023438-115.023438 57.378906 57.375c12.492188 12.492188 32.75 12.492188 45.246094 0 5.984375-6.011719 9.351562-14.140625 9.375-22.621094v-74.753906l136-136 6.34375 6.34375c9.753906 9.75 25.5625 9.75 35.3125 0s9.75-25.558594 0-35.3125zm-296 428.679688c-10.625 10.628906-23.300782 18.992187-37.253906 24.578124 5.585937-13.957031 13.945312-26.636718 24.574218-37.265624l115.023438-115.023438 12.6875 12.6875zm404.6875-284.679688c-3.546875 3.390625-9.136719 3.390625-12.6875 0l-12-12c-3.125-3.121094-8.1875-3.121094-11.3125 0l-144 144c-1.5 1.5-2.34375 3.535156-2.34375 5.65625v78.066406c-.011719 4.238282-1.699219 8.304688-4.6875 11.308594-6.335938 6.03125-16.289063 6.03125-22.625 0l-150.0625-150.0625c-6.246094-6.246094-6.246094-16.375 0-22.625 3.007812-2.988281 7.070312-4.671875 11.3125-4.6875h78.0625c2.121094 0 4.15625-.84375 5.65625-2.34375l144-144c3.125-3.125 3.125-8.1875 0-11.3125l-12-12c-3.496094-3.503906-3.496094-9.179688 0-12.6875 3.550781-3.390625 9.140625-3.390625 12.6875 0l120 120c3.5 3.507812 3.5 9.183594 0 12.6875zm0 0\"><\/path><\/svg>\t\t\t\t<\/span>\n\t\t\t<\/div>\n\t\t\t\n\t\t\t\t\t\t<div class=\"elementor-icon-box-content\">\n\n\t\t\t\t\t\t\t\t\t<h3 class=\"elementor-icon-box-title\">\n\t\t\t\t\t\t<span  >\n\t\t\t\t\t\t\tMeeting Point\t\t\t\t\t\t<\/span>\n\t\t\t\t\t<\/h3>\n\t\t\t\t\n\t\t\t\t\t\t\t\t\t<p class=\"elementor-icon-box-description\">\n\t\t\t\t\t\t<ul style=\"color:white;padding-left:0px\">\n<li>Office of the Innsbruck Ski &amp; Snowboard School in the building complex of the Patscherkofelbahn valley station<\/li>\n<li>Ski school office at the mountain station of the Nordkettenbahn<\/li>\n\t\t\t\t\t<\/p>\n\t\t\t\t\n\t\t\t<\/div>\n\t\t\t\n\t\t<\/div>\n\t\t\t\t\t\t<\/div>\n\t\t\t\t<\/div>\n\t\t\t\t\t<\/div>\n\t\t<\/div>\n\t\t\t\t\t<\/div>\n\t\t<\/section>\n\t\t\t\t<section class=\"elementor-section elementor-inner-section elementor-element elementor-element-78aa699 elementor-section-boxed elementor-section-height-default elementor-section-height-default\" data-id=\"78aa699\" data-element_type=\"section\" data-e-type=\"section\" data-settings=\"{&quot;background_background&quot;:&quot;classic&quot;}\">\n\t\t\t\t\t\t<div class=\"elementor-container elementor-column-gap-default\">\n\t\t\t\t\t<div class=\"elementor-column elementor-col-100 elementor-inner-column elementor-element elementor-element-f74b845\" data-id=\"f74b845\" data-element_type=\"column\" data-e-type=\"column\">\n\t\t\t<div class=\"elementor-widget-wrap elementor-element-populated\">\n\t\t\t\t\t\t<div class=\"elementor-element elementor-element-5b2d41a elementor-widget elementor-widget-heading\" data-id=\"5b2d41a\" data-element_type=\"widget\" data-e-type=\"widget\" data-widget_type=\"heading.default\">\n\t\t\t\t<div class=\"elementor-widget-container\">\n\t\t\t\t\t<h2 class=\"elementor-heading-title elementor-size-default\">Prices<\/h2>\t\t\t\t<\/div>\n\t\t\t\t<\/div>\n\t\t\t\t<div class=\"elementor-element elementor-element-11c45f7 elementor-widget elementor-widget-text-editor\" data-id=\"11c45f7\" data-element_type=\"widget\" data-e-type=\"widget\" data-widget_type=\"text-editor.default\">\n\t\t\t\t<div class=\"elementor-widget-container\">\n\t\t\t\t\t\t\t\t\t<p>Per person<\/p>\n<p><strong> \u20ac 90,00<\/strong><\/p>\t\t\t\t\t\t\t\t<\/div>\n\t\t\t\t<\/div>\n\t\t\t\t\t<\/div>\n\t\t<\/div>\n\t\t\t\t\t<\/div>\n\t\t<\/section>\n\t\t\t\t<div class=\"elementor-element elementor-element-17caaf6 elementor-invisible elementor-widget elementor-widget-heading\" data-id=\"17caaf6\" data-element_type=\"widget\" data-e-type=\"widget\" data-settings=\"{&quot;_animation&quot;:&quot;pulse&quot;}\" data-widget_type=\"heading.default\">\n\t\t\t\t<div class=\"elementor-widget-container\">\n\t\t\t\t\t<h3 class=\"elementor-heading-title elementor-size-default\"><a href=\"https:\/\/skischule-innsbruck.com\/en\/booking\/ski-schnupperkurs-vormittag\/\">Booking: Morning<\/a><\/h3>\t\t\t\t<\/div>\n\t\t\t\t<\/div>\n\t\t\t\t<div class=\"elementor-element elementor-element-93d708d elementor-invisible elementor-widget elementor-widget-heading\" data-id=\"93d708d\" data-element_type=\"widget\" data-e-type=\"widget\" data-settings=\"{&quot;_animation&quot;:&quot;pulse&quot;}\" data-widget_type=\"heading.default\">\n\t\t\t\t<div class=\"elementor-widget-container\">\n\t\t\t\t\t<h3 class=\"elementor-heading-title elementor-size-default\"><a href=\"https:\/\/skischule-innsbruck.com\/en\/booking\/ski-schnuppern-nachmittag\/\">Booking: Afternoon Class<\/a><\/h3>\t\t\t\t<\/div>\n\t\t\t\t<\/div>\n\t\t\t\t\t<\/div>\n\t\t<\/div>\n\t\t\t\t\t<\/div>\n\t\t<\/section>\n\t\t\t\t<\/div>","protected":false},"excerpt":{"rendered":"<p>Schnupperkurs Nur f\u00fcr NeueinsteigerInnen Ideal f\u00fcr Anf\u00e4nger, die sich erst mit den Skiern vertraut machen m\u00f6chten. Buchbar nur f\u00fcr NeueinsteigerInnen (Level 1), Mindestalter 12 Jahre (Schnupperkurse f\u00fcr Kinder unter 12 Jahren auf Anfrage) Unterrichtsdauer: 1,5h bei 1 Person; 2h bei 2 Personen; 2,5h ab 3 Personen Unterrichtsbeginn: Vormittag: Montag 09:30 Uhr, au\u00dfer am 09.02.2026 um [&hellip;]<\/p>\n","protected":false},"author":1,"featured_media":0,"parent":551,"menu_order":0,"comment_status":"closed","ping_status":"closed","template":"elementor_header_footer","meta":{"footnotes":""},"class_list":["post-762","page","type-page","status-publish","hentry"],"acf":[],"_links":{"self":[{"href":"https:\/\/skischule-innsbruck.com\/en\/wp-json\/wp\/v2\/pages\/762","targetHints":{"allow":["GET"]}}],"collection":[{"href":"https:\/\/skischule-innsbruck.com\/en\/wp-json\/wp\/v2\/pages"}],"about":[{"href":"https:\/\/skischule-innsbruck.com\/en\/wp-json\/wp\/v2\/types\/page"}],"author":[{"embeddable":true,"href":"https:\/\/skischule-innsbruck.com\/en\/wp-json\/wp\/v2\/users\/1"}],"replies":[{"embeddable":true,"href":"https:\/\/skischule-innsbruck.com\/en\/wp-json\/wp\/v2\/comments?post=762"}],"version-history":[{"count":70,"href":"https:\/\/skischule-innsbruck.com\/en\/wp-json\/wp\/v2\/pages\/762\/revisions"}],"predecessor-version":[{"id":7213,"href":"https:\/\/skischule-innsbruck.com\/en\/wp-json\/wp\/v2\/pages\/762\/revisions\/7213"}],"up":[{"embeddable":true,"href":"https:\/\/skischule-innsbruck.com\/en\/wp-json\/wp\/v2\/pages\/551"}],"wp:attachment":[{"href":"https:\/\/skischule-innsbruck.com\/en\/wp-json\/wp\/v2\/media?parent=762"}],"curies":[{"name":"wp","href":"https:\/\/api.w.org\/{rel}","templated":true}]}}