{"id":3179,"date":"2022-01-20T11:14:40","date_gmt":"2022-01-20T10:14:40","guid":{"rendered":"https:\/\/skischule-innsbruck.com\/?page_id=3179"},"modified":"2022-11-15T17:29:17","modified_gmt":"2022-11-15T16:29:17","slug":"familie","status":"publish","type":"page","link":"https:\/\/skischule-innsbruck.com\/en\/familie\/","title":{"rendered":"Family"},"content":{"rendered":"<div data-elementor-type=\"wp-page\" data-elementor-id=\"3179\" class=\"elementor elementor-3179\" data-elementor-post-type=\"page\">\n\t\t\t\t\t\t<section class=\"elementor-section elementor-top-section elementor-element elementor-element-f8f2afa elementor-section-height-min-height elementor-section-boxed elementor-section-height-default elementor-section-items-middle\" data-id=\"f8f2afa\" data-element_type=\"section\" data-e-type=\"section\" data-settings=\"{&quot;background_background&quot;:&quot;classic&quot;}\">\n\t\t\t\t\t\t\t<div class=\"elementor-background-overlay\"><\/div>\n\t\t\t\t\t\t\t<div class=\"elementor-container elementor-column-gap-default\">\n\t\t\t\t\t<div class=\"elementor-column elementor-col-100 elementor-top-column elementor-element elementor-element-234fb03\" data-id=\"234fb03\" data-element_type=\"column\" data-e-type=\"column\">\n\t\t\t<div class=\"elementor-widget-wrap elementor-element-populated\">\n\t\t\t\t\t\t<div class=\"elementor-element elementor-element-17cc9b8 elementor-widget elementor-widget-heading\" data-id=\"17cc9b8\" data-element_type=\"widget\" data-e-type=\"widget\" data-widget_type=\"heading.default\">\n\t\t\t\t<div class=\"elementor-widget-container\">\n\t\t\t\t\t<h1 class=\"elementor-heading-title elementor-size-default\"><span style=\"color:#5BABC3\">Family<\/span> Ski &amp; Snowboard-Kurse<\/h1>\t\t\t\t<\/div>\n\t\t\t\t<\/div>\n\t\t\t\t<div class=\"elementor-element elementor-element-9ae83b3 elementor-widget elementor-widget-text-editor\" data-id=\"9ae83b3\" data-element_type=\"widget\" data-e-type=\"widget\" data-widget_type=\"text-editor.default\">\n\t\t\t\t<div class=\"elementor-widget-container\">\n\t\t\t\t\t\t\t\t\t<p>Professional lessons for all skill levels<\/p>\t\t\t\t\t\t\t\t<\/div>\n\t\t\t\t<\/div>\n\t\t\t\t\t<\/div>\n\t\t<\/div>\n\t\t\t\t\t<\/div>\n\t\t<\/section>\n\t\t\t\t<section class=\"elementor-section elementor-top-section elementor-element elementor-element-d41f3d8 elementor-section-boxed elementor-section-height-default elementor-section-height-default\" data-id=\"d41f3d8\" data-element_type=\"section\" data-e-type=\"section\">\n\t\t\t\t\t\t<div class=\"elementor-container elementor-column-gap-default\">\n\t\t\t\t\t<div class=\"elementor-column elementor-col-100 elementor-top-column elementor-element elementor-element-a8f39e2\" data-id=\"a8f39e2\" data-element_type=\"column\" data-e-type=\"column\">\n\t\t\t<div class=\"elementor-widget-wrap elementor-element-populated\">\n\t\t\t\t\t\t<div class=\"elementor-element elementor-element-717fec6 elementor-widget elementor-widget-heading\" data-id=\"717fec6\" data-element_type=\"widget\" data-e-type=\"widget\" data-widget_type=\"heading.default\">\n\t\t\t\t<div class=\"elementor-widget-container\">\n\t\t\t\t\t<h3 class=\"elementor-heading-title elementor-size-default\">Pick your desired course:<\/h3>\t\t\t\t<\/div>\n\t\t\t\t<\/div>\n\t\t\t\t<section class=\"elementor-section elementor-inner-section elementor-element elementor-element-fa43c82 elementor-section-boxed elementor-section-height-default elementor-section-height-default\" data-id=\"fa43c82\" data-element_type=\"section\" data-e-type=\"section\">\n\t\t\t\t\t\t<div class=\"elementor-container elementor-column-gap-default\">\n\t\t\t\t\t<div class=\"make-column-clickable-elementor elementor-column elementor-col-50 elementor-inner-column elementor-element elementor-element-ef3fbf7 hoverscale\" style=\"cursor: pointer;\" data-column-clickable=\"https:\/\/skischule-innsbruck.com\/en\/familie-ski\/\" data-column-clickable-blank=\"_self\" data-id=\"ef3fbf7\" data-element_type=\"column\" data-e-type=\"column\">\n\t\t\t<div class=\"elementor-widget-wrap elementor-element-populated\">\n\t\t\t\t\t\t<div class=\"elementor-element elementor-element-64b14ae elementor-view-default elementor-position-block-start elementor-mobile-position-block-start elementor-widget elementor-widget-icon-box\" data-id=\"64b14ae\" data-element_type=\"widget\" data-e-type=\"widget\" data-widget_type=\"icon-box.default\">\n\t\t\t\t<div class=\"elementor-widget-container\">\n\t\t\t\t\t\t\t<div class=\"elementor-icon-box-wrapper\">\n\n\t\t\t\t\t\t<div class=\"elementor-icon-box-icon\">\n\t\t\t\t<a href=\"https:\/\/skischule-innsbruck.com\/en\/familie-ski\/\" class=\"elementor-icon\" tabindex=\"-1\" aria-label=\"Ski\">\n\t\t\t\t<svg xmlns=\"http:\/\/www.w3.org\/2000\/svg\" height=\"512pt\" viewbox=\"-19 0 512 512.11122\" width=\"512pt\"><path d=\"m413.929688 0c-18.261719-.0625-35.546876 8.257812-46.882813 22.578125-11.335937 14.316406-15.472656 33.046875-11.222656 50.808594-24.65625-15.195313-56.234375-13.113281-78.683594 5.1875l-58.691406 47.683593-95.574219-45.523437 4.335938-8.652344c2.105468-4.21875.394531-9.34375-3.824219-11.453125-4.21875-2.105468-9.34375-.394531-11.453125 3.824219l-4.496094 8.933594-26.90625-12.800781c-2.777344-1.578126-6.203125-1.476563-8.878906.269531-2.675782 1.746093-4.152344 4.835937-3.828125 8.015625.324219 3.175781 2.394531 5.90625 5.371093 7.074218l26.605469 12.671876-4.976562 9.941406c-2.105469 4.21875-.394531 9.347656 3.824219 11.453125s9.34375.394531 11.453124-3.824219l5.117188-10.238281 88.550781 42.207031-14.90625 12.109375c-5.199219 4.246094-9.597656 9.390625-12.980469 15.1875-11.933593 25.144531-3.644531 55.238281 19.480469 70.722656l81.070313 51.917969-84.113282 37.402344c-14 6.027344-22.546874 20.351562-21.207031 35.53125l-106.871093-65.167969c-2.605469-1.625-5.878907-1.726563-8.578126-.265625-2.699218 1.460938-4.40625 4.257812-4.472656 7.324219-.0625 3.070312 1.523438 5.933593 4.160156 7.507812l313.445313 191.148438c24.949219 15.34375 56.753906 13.820312 80.121094-3.839844 3.769531-2.828125 4.53125-8.179687 1.703125-11.949219-2.824219-3.769531-8.175782-4.535156-11.945313-1.707031-17.796875 13.429687-42 14.585937-60.996093 2.917969l-160.648438-97.976563c.554688-.214843 1.152344-.308593 1.707031-.554687l120.03125-53.378906c23.707031-10.683594 34.621094-38.28125 24.640625-62.292969-3.703125-8.894531-10.050781-16.441407-18.183594-21.613281l-64.101562-45.226563 22.1875-11.09375 30.011719 20.871094 26.453125 18.425781c12.941406 9.285156 30.496094 8.753906 42.855468-1.296875l29.011719 13.796875c2.753907 1.3125 5.996094 1.054688 8.507813-.675781 2.511718-1.726563 3.910156-4.664063 3.667968-7.703125-.238281-3.042969-2.085937-5.722656-4.835937-7.03125l-26.566406-12.648438c2.027343-5.355468 2.652343-11.136718 1.820312-16.800781-1.429687-9.25-6.578125-17.511719-14.253906-22.871094l-22.75-15.792969 2.5625-.539062c9.210937-1.992188 15.0625-11.070312 13.070313-20.28125l-5.117188-23.597656c-.460938-2.132813-1.179688-4.171875-1.828125-6.238282 21.953125 11.671876 48.835937 8.523438 67.5-7.898437 18.664063-16.425781 25.203125-42.691406 16.417969-65.949219-8.78125-23.253906-31.050782-38.6406248-55.910156-38.628906zm-23.738282 192.921875c3.847656 2.675781 6.425782 6.820313 7.128906 11.457031.699219 4.632813-.535156 9.355469-3.417968 13.050782-6.164063 7.113281-16.757813 8.300781-24.347656 2.730468l-20.71875-14.421875-12.507813-8.703125-27.460937-19.097656h-.042969l-7.824219-5.445312c-3.550781-2.464844-6.035156-6.191407-6.945312-10.417969l-3.269532-15.164063c-.964844-4.425781-.128906-9.054687 2.324219-12.863281 2.449219-3.808594 6.3125-6.488281 10.738281-7.445313l17.316406-3.746093c4.605469-.996094 7.535157-5.535157 6.539063-10.140625-.992187-4.609375-5.535156-7.539063-10.140625-6.542969l-17.3125 3.746094c-18.414062 4-30.117188 22.144531-26.164062 40.566406l3.265624 15.171875c1.527344 6.890625 5.15625 13.132812 10.386719 17.871094l-17.5 8.761718c-1.003906.503907-1.898437 1.195313-2.636719 2.039063-3.261718 3.769531-4.714843 8.769531-3.976562 13.699219.675781 4.773437 3.375 9.027344 7.40625 11.671875l64.734375 45.6875c5.332031 3.335937 9.503906 8.238281 11.945313 14.039062 6.40625 15.433594-.609376 33.167969-15.847657 40.035157l-120.0625 53.445312c-4.285156 1.902344-9.160156 1.960938-13.488281.160156-4.328125-1.800781-7.722656-5.300781-9.390625-9.683594-2.894531-8.976562 1.609375-18.667968 10.335937-22.246093l84.113282-37.453125c5.730468-2.550782 9.597656-8.046875 10.070312-14.304688.472656-6.257812-2.527344-12.269531-7.8125-15.65625l-81.066406-51.914062c-15.597656-10.636719-21.375-30.898438-13.730469-48.164063 2.320313-3.863281 5.296875-7.292969 8.800781-10.128906l88.269532-71.679687c20.335937-16.617188 49.964844-15.09375 68.488281 3.523437 7.402344 7.390625 12.507813 16.765625 14.703125 26.992187l5.117188 23.59375-12.109376 2.5625c-4.988281 1.066407-8.871093 5-9.871093 10.003907-1 5.007812 1.066406 10.128906 5.265625 13.035156zm23.738282-90.523437c-23.5625 0-42.667969-19.101563-42.667969-42.664063 0-23.566406 19.105469-42.667969 42.667969-42.667969s42.667968 19.101563 42.667968 42.667969c-.03125 23.550781-19.117187 42.636719-42.667968 42.664063zm0 0\"><\/path><path d=\"m76.863281 238.933594c3.808594.003906 7.15625-2.515625 8.210938-6.175782 1.050781-3.660156-.449219-7.574218-3.679688-9.59375l-68.265625-42.667968c-4.007812-2.496094-9.28125-1.273438-11.777344 2.730468-2.5 4.007813-1.2773432 9.28125 2.730469 11.777344l68.265625 42.667969c1.359375.832031 2.921875 1.269531 4.515625 1.261719zm0 0\"><\/path><path d=\"m63.808594 194.96875 68.265625 42.667969c4.003906 2.496093 9.277343 1.273437 11.773437-2.730469 2.5-4.007812 1.277344-9.277344-2.730468-11.777344l-68.265626-42.664062c-4.003906-2.5-9.277343-1.277344-11.777343 2.730468-2.496094 4.003907-1.273438 9.277344 2.734375 11.773438zm0 0\"><\/path><\/svg>\t\t\t\t<\/a>\n\t\t\t<\/div>\n\t\t\t\n\t\t\t\t\t\t<div class=\"elementor-icon-box-content\">\n\n\t\t\t\t\t\t\t\t\t<h3 class=\"elementor-icon-box-title\">\n\t\t\t\t\t\t<a href=\"https:\/\/skischule-innsbruck.com\/en\/familie-ski\/\" >\n\t\t\t\t\t\t\tSki\t\t\t\t\t\t<\/a>\n\t\t\t\t\t<\/h3>\n\t\t\t\t\n\t\t\t\t\n\t\t\t<\/div>\n\t\t\t\n\t\t<\/div>\n\t\t\t\t\t\t<\/div>\n\t\t\t\t<\/div>\n\t\t\t\t\t<\/div>\n\t\t<\/div>\n\t\t\t\t<div class=\"make-column-clickable-elementor elementor-column elementor-col-50 elementor-inner-column elementor-element elementor-element-1ac6e72 hoverscale\" style=\"cursor: pointer;\" data-column-clickable=\"https:\/\/skischule-innsbruck.com\/en\/familie-snowboard\/\" data-column-clickable-blank=\"_self\" data-id=\"1ac6e72\" data-element_type=\"column\" data-e-type=\"column\">\n\t\t\t<div class=\"elementor-widget-wrap elementor-element-populated\">\n\t\t\t\t\t\t<div class=\"elementor-element elementor-element-d3db115 elementor-view-default elementor-position-block-start elementor-mobile-position-block-start elementor-widget elementor-widget-icon-box\" data-id=\"d3db115\" data-element_type=\"widget\" data-e-type=\"widget\" data-widget_type=\"icon-box.default\">\n\t\t\t\t<div class=\"elementor-widget-container\">\n\t\t\t\t\t\t\t<div class=\"elementor-icon-box-wrapper\">\n\n\t\t\t\t\t\t<div class=\"elementor-icon-box-icon\">\n\t\t\t\t<a href=\"https:\/\/skischule-innsbruck.com\/en\/familie-snowboard\/\" class=\"elementor-icon\" tabindex=\"-1\" aria-label=\"Snowboard\">\n\t\t\t\t<svg xmlns=\"http:\/\/www.w3.org\/2000\/svg\" xmlns:xlink=\"http:\/\/www.w3.org\/1999\/xlink\" id=\"Capa_1\" x=\"0px\" y=\"0px\" viewbox=\"0 0 512.002 512.002\" style=\"enable-background:new 0 0 512.002 512.002;\" xml:space=\"preserve\"><g>\t<g>\t\t<path d=\"M428.927,400.113l-66.784-18.922l35.854-35.854c12.363-12.365,12.363-32.482,0-44.847l-69.04-69.04l-0.391-47.553    c-0.057-6.913,2.539-13.432,7.318-18.404c5.077-5.281,12.223-8.068,19.549-8.068h79.797c9.066,0,17.599-3.532,24.036-9.957    c6.576-6.59,10.107-15.342,9.941-24.646c-0.33-18.401-15.843-33.37-34.582-33.37h-57.717c-4.191,0-7.588,3.398-7.588,7.588    s3.398,7.588,7.588,7.588h31.813v37.621h-53.172c-11.261,0-22.213,4.259-30.143,12.254c-7.84,7.904-12.108,18.388-12.016,29.52    l0.367,44.739l-50.765,13.191v-72.447c34.128-3.548,61.328-30.75,64.876-64.879h13.628c4.191,0,7.588-3.398,7.588-7.588    s-3.398-7.588-7.588-7.588h-13.628c-3.809-36.62-34.852-65.268-72.463-65.268c-12.934,0-25.084,3.404-35.624,9.339    c-0.606-19.488-17.388-34.971-37.343-33.416c-16.925,1.317-30.567,15.067-31.763,32.002c-1.428,20.21,14.611,37.112,34.523,37.112    c0.99,0,1.966-0.052,2.934-0.134c-2.662,6.383-4.446,13.22-5.189,20.363H75.578c-9.086,0-17.622,3.54-24.03,9.961    c-6.569,6.569-10.102,15.309-9.947,24.61c0.309,18.418,15.815,33.403,34.567,33.403h80.099c14.501,0,26.256,11.756,26.256,26.256    v56.334c0,20.547,8.001,39.863,22.53,54.391l28.493,28.494l-17.101,17.018l-87.404-24.766    c-30.248-8.562-61.83,9.075-70.403,39.315c-1.441,5.079-2.171,10.317-2.171,15.57c0,25.363,17.059,47.913,41.487,54.838    l24.163,6.846c4.032,1.142,8.227-1.2,9.369-5.232s-1.2-8.227-5.232-9.369l-24.162-6.846    c-17.927-5.082-30.448-21.628-30.448-40.236c0-3.852,0.536-7.698,1.596-11.43c6.291-22.192,29.465-35.138,51.667-28.854    l79.201,22.442l-24.923,24.801c-2.951,2.938-2.985,7.706-0.073,10.684l33.729,34.5c0.425,0.435,0.897,0.813,1.404,1.13    l19.449,19.724c1.414,1.434,3.344,2.241,5.358,2.241h0.026c2.012,0,3.942-0.799,5.365-2.222l3.323-3.322    c7.15-7.149,11.411-16.813,11.336-26.923c-0.053-7.186-2.144-14.048-5.998-19.928l20.951-20.871l5.688,1.612l-3.391,3.374    c-2.952,2.938-2.985,7.706-0.074,10.684l33.73,34.5c0.426,0.435,0.897,0.813,1.405,1.13l19.431,19.705    c1.419,1.44,3.354,2.253,5.376,2.26h0.026c2.012,0,3.943-0.799,5.366-2.223l3.834-3.835c12.295-12.294,14.081-31.235,5.349-45.47    l73.992,20.965c17.922,5.08,30.439,21.622,30.439,40.226c0,3.858-0.536,7.708-1.595,11.442    c-6.284,22.195-29.458,35.134-51.659,28.852l-240.794-68.219c-4.032-1.142-8.227,1.2-9.369,5.232    c-1.142,4.032,1.2,8.227,5.232,9.369l240.796,68.22c5.175,1.465,10.386,2.164,15.516,2.163    c24.862-0.002,47.78-16.41,54.878-41.479c1.44-5.079,2.17-10.32,2.17-15.578C470.404,429.582,453.348,407.036,428.927,400.113z     M434.627,104.628c10.518,0,19.225,8.284,19.408,18.465c0.092,5.153-1.865,10.002-5.498,13.643    c-3.562,3.554-8.285,5.512-13.304,5.512H423.9v-37.62H434.627z M255.405,154.726c-29.234,0-53.442-21.865-57.168-50.098h39.885    v8.023c0,4.191,3.398,7.588,7.588,7.588c4.191,0,7.588-3.398,7.588-7.588v-8.023h23.134v8.023c0,4.191,3.396,7.588,7.588,7.588    s7.588-3.398,7.588-7.588v-8.023h20.964C308.846,132.861,284.639,154.726,255.405,154.726z M255.405,39.36    c29.232,0,53.438,21.862,57.167,50.092H198.237C201.968,61.223,226.173,39.36,255.405,39.36z M185.197,54.045    c-10.717,0-19.435-8.718-19.435-19.435c0-10.717,8.718-19.435,19.435-19.435c10.717,0,19.435,8.718,19.435,19.435    C204.632,45.327,195.913,54.045,185.197,54.045z M86.91,142.249H76.168c-10.522-0.001-19.222-8.29-19.393-18.48    c-0.086-5.151,1.869-9.99,5.509-13.631c3.546-3.553,8.267-5.51,13.294-5.51H86.91V142.249z M200.417,258.213    c-1.787-5.82-2.717-11.937-2.717-18.198v-56.334c0-22.846-18.586-41.433-41.433-41.433h-54.18v-37.621h80.854    c3.546,34.128,30.748,61.33,64.876,64.879v76.39L200.417,258.213z M239.04,426.841l-15.222-15.438    c-0.412-0.417-0.866-0.781-1.354-1.09l-27.241-27.864l23.375-23.261l23.369,23.369l-4.406,4.389    c-1.428,1.423-2.231,3.354-2.233,5.368c-0.002,2.015,0.798,3.948,2.223,5.373c4.113,4.113,6.378,9.582,6.378,15.4    C243.928,418.16,242.207,422.966,239.04,426.841z M286.383,359.73l14.448-14.393c12.363-12.365,12.363-32.482-0.001-44.847    l-11.485-11.485c-0.173-0.172-0.698-0.698-0.32-1.611c0.377-0.913,1.121-0.913,1.366-0.913c1.863,0,5.352,1.446,6.669,2.762    l33.656,33.655l-38.634,38.446L286.383,359.73z M336.206,426.839l-15.222-15.437c-0.411-0.417-0.865-0.782-1.354-1.09    l-27.242-27.864l23.667-23.552l23.459,23.459l-4.702,4.702c-2.953,2.953-2.964,7.739-0.024,10.707    C342.673,405.722,343.139,418.331,336.206,426.839z M350.246,371.625l-23.433-23.433l19.998-19.9    c1.429-1.422,2.233-3.354,2.236-5.369c0.002-2.015-0.797-3.95-2.222-5.375l-39.034-39.034c-4.177-4.176-11.494-7.208-17.4-7.208    c-6.761,0-12.8,4.036-15.387,10.282c-2.587,6.246-1.17,13.37,3.611,18.15l11.484,11.484c6.447,6.447,6.447,16.937,0.011,23.374    l-37.393,37.251l-23.363-23.363l20.29-20.191c1.429-1.423,2.233-3.354,2.235-5.369s-0.797-3.949-2.222-5.374l-33.873-33.873    c-3.49-3.49-6.5-7.329-9.019-11.431l112.333-29.191l68.168,68.168c6.447,6.447,6.447,16.937,0,23.384L350.246,371.625z\"><\/path>\t<\/g><\/g><g><\/g><g><\/g><g><\/g><g><\/g><g><\/g><g><\/g><g><\/g><g><\/g><g><\/g><g><\/g><g><\/g><g><\/g><g><\/g><g><\/g><g><\/g><\/svg>\t\t\t\t<\/a>\n\t\t\t<\/div>\n\t\t\t\n\t\t\t\t\t\t<div class=\"elementor-icon-box-content\">\n\n\t\t\t\t\t\t\t\t\t<h3 class=\"elementor-icon-box-title\">\n\t\t\t\t\t\t<a href=\"https:\/\/skischule-innsbruck.com\/en\/familie-snowboard\/\" >\n\t\t\t\t\t\t\tSnowboard\t\t\t\t\t\t<\/a>\n\t\t\t\t\t<\/h3>\n\t\t\t\t\n\t\t\t\t\n\t\t\t<\/div>\n\t\t\t\n\t\t<\/div>\n\t\t\t\t\t\t<\/div>\n\t\t\t\t<\/div>\n\t\t\t\t\t<\/div>\n\t\t<\/div>\n\t\t\t\t\t<\/div>\n\t\t<\/section>\n\t\t\t\t\t<\/div>\n\t\t<\/div>\n\t\t\t\t\t<\/div>\n\t\t<\/section>\n\t\t\t\t<\/div>","protected":false},"excerpt":{"rendered":"<p>Familie Ski &#038; Snowboard-Kurse Professioneller Unterricht f\u00fcr alle K\u00f6nnensstufen W\u00e4hle deinen gew\u00fcnschten Kurs aus: Ski Snowboard Ski Snowboard<\/p>","protected":false},"author":2,"featured_media":0,"parent":0,"menu_order":0,"comment_status":"closed","ping_status":"closed","template":"elementor_header_footer","meta":{"footnotes":""},"class_list":["post-3179","page","type-page","status-publish","hentry"],"acf":[],"_links":{"self":[{"href":"https:\/\/skischule-innsbruck.com\/en\/wp-json\/wp\/v2\/pages\/3179","targetHints":{"allow":["GET"]}}],"collection":[{"href":"https:\/\/skischule-innsbruck.com\/en\/wp-json\/wp\/v2\/pages"}],"about":[{"href":"https:\/\/skischule-innsbruck.com\/en\/wp-json\/wp\/v2\/types\/page"}],"author":[{"embeddable":true,"href":"https:\/\/skischule-innsbruck.com\/en\/wp-json\/wp\/v2\/users\/2"}],"replies":[{"embeddable":true,"href":"https:\/\/skischule-innsbruck.com\/en\/wp-json\/wp\/v2\/comments?post=3179"}],"version-history":[{"count":19,"href":"https:\/\/skischule-innsbruck.com\/en\/wp-json\/wp\/v2\/pages\/3179\/revisions"}],"predecessor-version":[{"id":4353,"href":"https:\/\/skischule-innsbruck.com\/en\/wp-json\/wp\/v2\/pages\/3179\/revisions\/4353"}],"wp:attachment":[{"href":"https:\/\/skischule-innsbruck.com\/en\/wp-json\/wp\/v2\/media?parent=3179"}],"curies":[{"name":"wp","href":"https:\/\/api.w.org\/{rel}","templated":true}]}}