{"id":2532,"date":"2021-11-26T15:01:53","date_gmt":"2021-11-26T14:01:53","guid":{"rendered":"https:\/\/skischule-innsbruck.com\/?page_id=2532"},"modified":"2025-08-06T23:23:23","modified_gmt":"2025-08-06T21:23:23","slug":"baernhards-snowshuttle","status":"publish","type":"page","link":"https:\/\/skischule-innsbruck.com\/en\/baernhards-snowshuttle\/","title":{"rendered":"B\u00e4rnhards SnowShuttle"},"content":{"rendered":"<div data-elementor-type=\"wp-page\" data-elementor-id=\"2532\" class=\"elementor elementor-2532\" data-elementor-post-type=\"page\">\n\t\t\t\t\t\t<section class=\"elementor-section elementor-top-section elementor-element elementor-element-f8f2afa elementor-section-height-min-height elementor-section-boxed elementor-section-height-default elementor-section-items-middle\" data-id=\"f8f2afa\" data-element_type=\"section\" data-e-type=\"section\" data-settings=\"{&quot;background_background&quot;:&quot;classic&quot;}\">\n\t\t\t\t\t\t\t<div class=\"elementor-background-overlay\"><\/div>\n\t\t\t\t\t\t\t<div class=\"elementor-container elementor-column-gap-default\">\n\t\t\t\t\t<div class=\"elementor-column elementor-col-50 elementor-top-column elementor-element elementor-element-234fb03\" data-id=\"234fb03\" data-element_type=\"column\" data-e-type=\"column\">\n\t\t\t<div class=\"elementor-widget-wrap elementor-element-populated\">\n\t\t\t\t\t\t<div class=\"elementor-element elementor-element-17cc9b8 elementor-widget elementor-widget-heading\" data-id=\"17cc9b8\" data-element_type=\"widget\" data-e-type=\"widget\" data-widget_type=\"heading.default\">\n\t\t\t\t<div class=\"elementor-widget-container\">\n\t\t\t\t\t<h1 class=\"elementor-heading-title elementor-size-default\">B\u00e4rnhards SnowShuttle<\/h1>\t\t\t\t<\/div>\n\t\t\t\t<\/div>\n\t\t\t\t<div class=\"elementor-element elementor-element-290c2a9 elementor-widget elementor-widget-text-editor\" data-id=\"290c2a9\" data-element_type=\"widget\" data-e-type=\"widget\" data-widget_type=\"text-editor.default\">\n\t\t\t\t<div class=\"elementor-widget-container\">\n\t\t\t\t\t\t\t\t\t<p>Shuttle from Innsbruck City to Mountain Patscherkofel and back.<\/p>\t\t\t\t\t\t\t\t<\/div>\n\t\t\t\t<\/div>\n\t\t\t\t\t<\/div>\n\t\t<\/div>\n\t\t\t\t<div class=\"elementor-column elementor-col-50 elementor-top-column elementor-element elementor-element-41ff798\" data-id=\"41ff798\" data-element_type=\"column\" data-e-type=\"column\">\n\t\t\t<div class=\"elementor-widget-wrap elementor-element-populated\">\n\t\t\t\t\t\t<div class=\"elementor-element elementor-element-7ede393 elementor-widget elementor-widget-image\" data-id=\"7ede393\" data-element_type=\"widget\" data-e-type=\"widget\" data-widget_type=\"image.default\">\n\t\t\t\t<div class=\"elementor-widget-container\">\n\t\t\t\t\t\t\t\t\t\t\t\t\t\t\t<img fetchpriority=\"high\" decoding=\"async\" width=\"284\" height=\"300\" src=\"https:\/\/skischule-innsbruck.com\/wp-content\/uploads\/2021\/09\/2048-2048-max-e1630866114956-284x300.png\" class=\"attachment-medium size-medium wp-image-129\" alt=\"\" srcset=\"https:\/\/skischule-innsbruck.com\/wp-content\/uploads\/2021\/09\/2048-2048-max-e1630866114956-284x300.png 284w, https:\/\/skischule-innsbruck.com\/wp-content\/uploads\/2021\/09\/2048-2048-max-e1630866114956-600x633.png 600w, https:\/\/skischule-innsbruck.com\/wp-content\/uploads\/2021\/09\/2048-2048-max-e1630866114956-971x1024.png 971w, https:\/\/skischule-innsbruck.com\/wp-content\/uploads\/2021\/09\/2048-2048-max-e1630866114956-768x810.png 768w, https:\/\/skischule-innsbruck.com\/wp-content\/uploads\/2021\/09\/2048-2048-max-e1630866114956-1456x1536.png 1456w, https:\/\/skischule-innsbruck.com\/wp-content\/uploads\/2021\/09\/2048-2048-max-e1630866114956.png 1500w\" sizes=\"(max-width: 284px) 100vw, 284px\" \/>\t\t\t\t\t\t\t\t\t\t\t\t\t\t\t<\/div>\n\t\t\t\t<\/div>\n\t\t\t\t\t<\/div>\n\t\t<\/div>\n\t\t\t\t\t<\/div>\n\t\t<\/section>\n\t\t\t\t<section class=\"elementor-section elementor-top-section elementor-element elementor-element-d41f3d8 elementor-section-boxed elementor-section-height-default elementor-section-height-default\" data-id=\"d41f3d8\" data-element_type=\"section\" data-e-type=\"section\">\n\t\t\t\t\t\t<div class=\"elementor-container elementor-column-gap-default\">\n\t\t\t\t\t<div class=\"elementor-column elementor-col-50 elementor-top-column elementor-element elementor-element-a8f39e2\" data-id=\"a8f39e2\" data-element_type=\"column\" data-e-type=\"column\">\n\t\t\t<div class=\"elementor-widget-wrap elementor-element-populated\">\n\t\t\t\t\t\t<div class=\"elementor-element elementor-element-7cef309 elementor-widget elementor-widget-heading\" data-id=\"7cef309\" data-element_type=\"widget\" data-e-type=\"widget\" data-widget_type=\"heading.default\">\n\t\t\t\t<div class=\"elementor-widget-container\">\n\t\t\t\t\t<h2 class=\"elementor-heading-title elementor-size-default\">Schedule of courses with transfer offer<\/h2>\t\t\t\t<\/div>\n\t\t\t\t<\/div>\n\t\t\t\t<div class=\"elementor-element elementor-element-bfb1a11 elementor-widget elementor-widget-text-editor\" data-id=\"bfb1a11\" data-element_type=\"widget\" data-e-type=\"widget\" data-widget_type=\"text-editor.default\">\n\t\t\t\t<div class=\"elementor-widget-container\">\n\t\t\t\t\t\t\t\t\t<p>For the following dates a shuttle bus from Innsbruck to the Patscherkofelbahn is offered:<\/p><ul><li>02-05 January 2026 (New Year holidays, 4-day course!)<\/li><li>09-13 February 2026 (Tyrolean semester break)<\/li><\/ul>\t\t\t\t\t\t\t\t<\/div>\n\t\t\t\t<\/div>\n\t\t\t\t\t<\/div>\n\t\t<\/div>\n\t\t\t\t<div class=\"elementor-column elementor-col-50 elementor-top-column elementor-element elementor-element-9ffd328\" data-id=\"9ffd328\" data-element_type=\"column\" data-e-type=\"column\" data-settings=\"{&quot;background_background&quot;:&quot;classic&quot;}\">\n\t\t\t<div class=\"elementor-widget-wrap elementor-element-populated\">\n\t\t\t\t\t\t<div class=\"elementor-element elementor-element-1e192cd elementor-widget elementor-widget-heading\" data-id=\"1e192cd\" data-element_type=\"widget\" data-e-type=\"widget\" data-widget_type=\"heading.default\">\n\t\t\t\t<div class=\"elementor-widget-container\">\n\t\t\t\t\t<h2 class=\"elementor-heading-title elementor-size-default\">Transfer costs<\/h2>\t\t\t\t<\/div>\n\t\t\t\t<\/div>\n\t\t\t\t<div class=\"elementor-element elementor-element-0d9fbdf elementor-widget elementor-widget-text-editor\" data-id=\"0d9fbdf\" data-element_type=\"widget\" data-e-type=\"widget\" data-widget_type=\"text-editor.default\">\n\t\t\t\t<div class=\"elementor-widget-container\">\n\t\t\t\t\t\t\t\t\t<p>5-day course \u20ac 55.00 per child<\/p><p>4-day course \u20ac 44.00 per child<\/p><p>3-day course \u20ac 33.00 per child<\/p>\t\t\t\t\t\t\t\t<\/div>\n\t\t\t\t<\/div>\n\t\t\t\t<div class=\"elementor-element elementor-element-a010569 elementor-widget elementor-widget-button\" data-id=\"a010569\" data-element_type=\"widget\" data-e-type=\"widget\" data-widget_type=\"button.default\">\n\t\t\t\t<div class=\"elementor-widget-container\">\n\t\t\t\t\t\t\t\t\t<div class=\"elementor-button-wrapper\">\n\t\t\t\t\t<a class=\"elementor-button elementor-button-link elementor-size-sm\" href=\"https:\/\/skischule-innsbruck.com\/wp-content\/uploads\/2022\/10\/Shuttlebus_Ferienkurs_2022_23-3.pdf\" target=\"_blank\">\n\t\t\t\t\t\t<span class=\"elementor-button-content-wrapper\">\n\t\t\t\t\t\t<span class=\"elementor-button-icon\">\n\t\t\t\t<i aria-hidden=\"true\" class=\"far fa-file-pdf\"><\/i>\t\t\t<\/span>\n\t\t\t\t\t\t\t\t\t<span class=\"elementor-button-text\">Info in PDF<\/span>\n\t\t\t\t\t<\/span>\n\t\t\t\t\t<\/a>\n\t\t\t\t<\/div>\n\t\t\t\t\t\t\t\t<\/div>\n\t\t\t\t<\/div>\n\t\t\t\t\t<\/div>\n\t\t<\/div>\n\t\t\t\t\t<\/div>\n\t\t<\/section>\n\t\t\t\t<section class=\"elementor-section elementor-top-section elementor-element elementor-element-1c47088 elementor-section-boxed elementor-section-height-default elementor-section-height-default\" data-id=\"1c47088\" data-element_type=\"section\" data-e-type=\"section\">\n\t\t\t\t\t\t<div class=\"elementor-container elementor-column-gap-default\">\n\t\t\t\t\t<div class=\"elementor-column elementor-col-50 elementor-top-column elementor-element elementor-element-231987e\" data-id=\"231987e\" data-element_type=\"column\" data-e-type=\"column\">\n\t\t\t<div class=\"elementor-widget-wrap elementor-element-populated\">\n\t\t\t\t\t\t<div class=\"elementor-element elementor-element-d4a1e19 elementor-widget elementor-widget-heading\" data-id=\"d4a1e19\" data-element_type=\"widget\" data-e-type=\"widget\" data-widget_type=\"heading.default\">\n\t\t\t\t<div class=\"elementor-widget-container\">\n\t\t\t\t\t<h2 class=\"elementor-heading-title elementor-size-default\">Einstiegsm\u00f6glichkeiten &amp; Uhrzeiten<\/h2>\t\t\t\t<\/div>\n\t\t\t\t<\/div>\n\t\t\t\t<div class=\"elementor-element elementor-element-cc05ed6 elementor-widget elementor-widget-text-editor\" data-id=\"cc05ed6\" data-element_type=\"widget\" data-e-type=\"widget\" data-widget_type=\"text-editor.default\">\n\t\t\t\t<div class=\"elementor-widget-container\">\n\t\t\t\t\t\t\t\t\t<ul><li>\"Marktplatz\" (J-line bus stop, Patscherkofel direction)<ul><li>Meeting point 1st course day 8.45 am \/ following days 9.00 am<\/li><li>Return time of arrival, half-day-courses 1.10 pm<\/li><li>Return time of arrival, full-day-courses 3.40 pm<\/li><\/ul><\/li><li>\"Tivoli\" (J-line bus stop, Patscherkofel direction)<ul><li>Meeting point 1st course day 9.00 am \/ following days 9.15 am<\/li><li>Return time of arrival, half-day-courses 1.00 pm<\/li><li>Return time of arrival, full-day-courses 3.30 pm<\/li><\/ul><\/li><li>\"Igls Altes Rathaus\" (J-line bus stop, Patscherkofel direction)<ul><li>Meeting point 1st course day 9.10 am \/ following days 9.25 am<\/li><li>Return time of arrival, half-day-courses 12.50 pm<\/li><li>Return time of arrival, full-day-courses 3.20 pm<\/li><\/ul><\/li><\/ul><p>Arrival time may vary by a few minutes depending on the number of children and traffic, please be there at the scheduled time to avoid waiting times.<\/p>\t\t\t\t\t\t\t\t<\/div>\n\t\t\t\t<\/div>\n\t\t\t\t\t<\/div>\n\t\t<\/div>\n\t\t\t\t<div class=\"elementor-column elementor-col-50 elementor-top-column elementor-element elementor-element-5a997a8\" data-id=\"5a997a8\" data-element_type=\"column\" data-e-type=\"column\" data-settings=\"{&quot;background_background&quot;:&quot;classic&quot;}\">\n\t\t\t<div class=\"elementor-widget-wrap elementor-element-populated\">\n\t\t\t\t\t\t<div class=\"elementor-element elementor-element-95e16e0 elementor-widget elementor-widget-heading\" data-id=\"95e16e0\" data-element_type=\"widget\" data-e-type=\"widget\" data-widget_type=\"heading.default\">\n\t\t\t\t<div class=\"elementor-widget-container\">\n\t\t\t\t\t<h2 class=\"elementor-heading-title elementor-size-default\">Bus stops<\/h2>\t\t\t\t<\/div>\n\t\t\t\t<\/div>\n\t\t\t\t<div class=\"elementor-element elementor-element-8fe8d08 elementor-widget elementor-widget-text-editor\" data-id=\"8fe8d08\" data-element_type=\"widget\" data-e-type=\"widget\" data-widget_type=\"text-editor.default\">\n\t\t\t\t<div class=\"elementor-widget-container\">\n\t\t\t\t\t\t\t\t\t<p>Bus stop \"Marktplatz\"<\/p>\t\t\t\t\t\t\t\t<\/div>\n\t\t\t\t<\/div>\n\t\t\t\t<div class=\"elementor-element elementor-element-4b6910a elementor-widget elementor-widget-button\" data-id=\"4b6910a\" data-element_type=\"widget\" data-e-type=\"widget\" data-widget_type=\"button.default\">\n\t\t\t\t<div class=\"elementor-widget-container\">\n\t\t\t\t\t\t\t\t\t<div class=\"elementor-button-wrapper\">\n\t\t\t\t\t<a class=\"elementor-button elementor-button-link elementor-size-sm\" href=\"https:\/\/www.google.com\/maps\/place\/Innsbruck+Marktplatz\/@47.2675906,11.3907183,196m\/data=!3m1!1e3!4m12!1m6!3m5!1s0x479d6bfabfe97b0b:0xf5fa6040663867ec!2sInnsbruck+Terminal+Marktplatz!8m2!3d47.266459!4d11.390056!3m4!1s0x479d6bfaf48eabaf:0x44449a519d3abe20!8m2!3d47.2674347!4d11.3907097\" target=\"_blank\">\n\t\t\t\t\t\t<span class=\"elementor-button-content-wrapper\">\n\t\t\t\t\t\t<span class=\"elementor-button-icon\">\n\t\t\t\t<i aria-hidden=\"true\" class=\"fas fa-map-marker-alt\"><\/i>\t\t\t<\/span>\n\t\t\t\t\t\t\t\t\t<span class=\"elementor-button-text\">Show in Google Maps<\/span>\n\t\t\t\t\t<\/span>\n\t\t\t\t\t<\/a>\n\t\t\t\t<\/div>\n\t\t\t\t\t\t\t\t<\/div>\n\t\t\t\t<\/div>\n\t\t\t\t<div class=\"elementor-element elementor-element-3edcf3a elementor-widget elementor-widget-text-editor\" data-id=\"3edcf3a\" data-element_type=\"widget\" data-e-type=\"widget\" data-widget_type=\"text-editor.default\">\n\t\t\t\t<div class=\"elementor-widget-container\">\n\t\t\t\t\t\t\t\t\t<p>Bus stop \"Tivoli\"<\/p>\t\t\t\t\t\t\t\t<\/div>\n\t\t\t\t<\/div>\n\t\t\t\t<div class=\"elementor-element elementor-element-bd75387 elementor-widget elementor-widget-button\" data-id=\"bd75387\" data-element_type=\"widget\" data-e-type=\"widget\" data-widget_type=\"button.default\">\n\t\t\t\t<div class=\"elementor-widget-container\">\n\t\t\t\t\t\t\t\t\t<div class=\"elementor-button-wrapper\">\n\t\t\t\t\t<a class=\"elementor-button elementor-button-link elementor-size-sm\" href=\"https:\/\/www.google.com\/maps\/place\/Innsbruck+Tivoli\/@47.2616883,11.4053749,196m\/data=!3m1!1e3!4m9!1m2!2m1!1shaltestelle+in+der+N%C3%A4he+von+Tivoli,+Innsbruck!3m5!1s0x479d695a325a9c67:0x29bddee84ce8d660!8m2!3d47.2613264!4d11.4066278!15sCi5oYWx0ZXN0ZWxsZSBpbiBkZXIgTsOkaGUgdm9uIFRpdm9saSwgSW5uc2JydWNrkgEIYnVzX3N0b3A\" target=\"_blank\">\n\t\t\t\t\t\t<span class=\"elementor-button-content-wrapper\">\n\t\t\t\t\t\t<span class=\"elementor-button-icon\">\n\t\t\t\t<i aria-hidden=\"true\" class=\"fas fa-map-marker-alt\"><\/i>\t\t\t<\/span>\n\t\t\t\t\t\t\t\t\t<span class=\"elementor-button-text\">Show in Google Maps<\/span>\n\t\t\t\t\t<\/span>\n\t\t\t\t\t<\/a>\n\t\t\t\t<\/div>\n\t\t\t\t\t\t\t\t<\/div>\n\t\t\t\t<\/div>\n\t\t\t\t<div class=\"elementor-element elementor-element-c527cb2 elementor-widget elementor-widget-text-editor\" data-id=\"c527cb2\" data-element_type=\"widget\" data-e-type=\"widget\" data-widget_type=\"text-editor.default\">\n\t\t\t\t<div class=\"elementor-widget-container\">\n\t\t\t\t\t\t\t\t\t<p>Bus stop \"Igls Altes Rathaus\"<\/p>\t\t\t\t\t\t\t\t<\/div>\n\t\t\t\t<\/div>\n\t\t\t\t<div class=\"elementor-element elementor-element-d065619 elementor-widget elementor-widget-button\" data-id=\"d065619\" data-element_type=\"widget\" data-e-type=\"widget\" data-widget_type=\"button.default\">\n\t\t\t\t<div class=\"elementor-widget-container\">\n\t\t\t\t\t\t\t\t\t<div class=\"elementor-button-wrapper\">\n\t\t\t\t\t<a class=\"elementor-button elementor-button-link elementor-size-sm\" href=\"https:\/\/www.google.com\/maps\/place\/Igls+Altes+Rathaus\/@47.2303636,11.4048183,785m\/data=!3m2!1e3!4b1!4m5!3m4!1s0x479d699e96f71507:0x3feb0b45a5c0792!8m2!3d47.23036!4d11.407007\" target=\"_blank\">\n\t\t\t\t\t\t<span class=\"elementor-button-content-wrapper\">\n\t\t\t\t\t\t<span class=\"elementor-button-icon\">\n\t\t\t\t<i aria-hidden=\"true\" class=\"fas fa-map-marker-alt\"><\/i>\t\t\t<\/span>\n\t\t\t\t\t\t\t\t\t<span class=\"elementor-button-text\">Show in Google Maps<\/span>\n\t\t\t\t\t<\/span>\n\t\t\t\t\t<\/a>\n\t\t\t\t<\/div>\n\t\t\t\t\t\t\t\t<\/div>\n\t\t\t\t<\/div>\n\t\t\t\t\t<\/div>\n\t\t<\/div>\n\t\t\t\t\t<\/div>\n\t\t<\/section>\n\t\t\t\t<section class=\"elementor-section elementor-top-section elementor-element elementor-element-e9fcc52 elementor-section-boxed elementor-section-height-default elementor-section-height-default\" data-id=\"e9fcc52\" data-element_type=\"section\" data-e-type=\"section\">\n\t\t\t\t\t\t<div class=\"elementor-container elementor-column-gap-default\">\n\t\t\t\t\t<div class=\"elementor-column elementor-col-50 elementor-top-column elementor-element elementor-element-6877b16\" data-id=\"6877b16\" data-element_type=\"column\" data-e-type=\"column\">\n\t\t\t<div class=\"elementor-widget-wrap\">\n\t\t\t\t\t\t\t<\/div>\n\t\t<\/div>\n\t\t\t\t<div class=\"elementor-column elementor-col-50 elementor-top-column elementor-element elementor-element-f78bae8\" data-id=\"f78bae8\" data-element_type=\"column\" data-e-type=\"column\">\n\t\t\t<div class=\"elementor-widget-wrap elementor-element-populated\">\n\t\t\t\t\t\t<div class=\"elementor-element elementor-element-71497b2 elementor-invisible elementor-widget elementor-widget-heading\" data-id=\"71497b2\" data-element_type=\"widget\" data-e-type=\"widget\" data-settings=\"{&quot;_animation&quot;:&quot;pulse&quot;}\" data-widget_type=\"heading.default\">\n\t\t\t\t<div class=\"elementor-widget-container\">\n\t\t\t\t\t<h3 class=\"elementor-heading-title elementor-size-default\"><a href=\"https:\/\/skischule-innsbruck.com\/en\/booking\/baernhards-snowshuttle\/\">Booking<\/a><\/h3>\t\t\t\t<\/div>\n\t\t\t\t<\/div>\n\t\t\t\t<div class=\"elementor-element elementor-element-f61c631 elementor-invisible elementor-widget elementor-widget-heading\" data-id=\"f61c631\" data-element_type=\"widget\" data-e-type=\"widget\" data-settings=\"{&quot;_animation&quot;:&quot;pulse&quot;}\" data-widget_type=\"heading.default\">\n\t\t\t\t<div class=\"elementor-widget-container\">\n\t\t\t\t\t<h3 class=\"elementor-heading-title elementor-size-default\"><a href=\"https:\/\/skischule-innsbruck.com\/en\/kinder\/\">Show children-courses<\/a><\/h3>\t\t\t\t<\/div>\n\t\t\t\t<\/div>\n\t\t\t\t\t<\/div>\n\t\t<\/div>\n\t\t\t\t\t<\/div>\n\t\t<\/section>\n\t\t\t\t<\/div>","protected":false},"excerpt":{"rendered":"<p>B\u00e4rnhards SnowShuttle Transfer von Innsbruck Stadt zum Patscherkofel &amp; retour Kurstermine mit Transfer-Angebot F\u00fcr folgende Termine wird ein Transfer von Innsbruck zum Patscherkofel und retour angeboten: 02.-05. J\u00e4nner 2026 (Neujahrsferien, 4-Tageskurs!) 09.-13. Feber 2026 (Tiroler Semesterferien) Transferkosten 5-Tageskurs \u20ac 55,00 pro Kind 4-Tageskurs \u20ac 44,00 pro Kind 3-Tageskurs \u20ac 33,00 pro Kind Infos als PDF [&hellip;]<\/p>\n","protected":false},"author":1,"featured_media":0,"parent":0,"menu_order":0,"comment_status":"closed","ping_status":"closed","template":"elementor_header_footer","meta":{"footnotes":""},"class_list":["post-2532","page","type-page","status-publish","hentry"],"acf":[],"_links":{"self":[{"href":"https:\/\/skischule-innsbruck.com\/en\/wp-json\/wp\/v2\/pages\/2532","targetHints":{"allow":["GET"]}}],"collection":[{"href":"https:\/\/skischule-innsbruck.com\/en\/wp-json\/wp\/v2\/pages"}],"about":[{"href":"https:\/\/skischule-innsbruck.com\/en\/wp-json\/wp\/v2\/types\/page"}],"author":[{"embeddable":true,"href":"https:\/\/skischule-innsbruck.com\/en\/wp-json\/wp\/v2\/users\/1"}],"replies":[{"embeddable":true,"href":"https:\/\/skischule-innsbruck.com\/en\/wp-json\/wp\/v2\/comments?post=2532"}],"version-history":[{"count":72,"href":"https:\/\/skischule-innsbruck.com\/en\/wp-json\/wp\/v2\/pages\/2532\/revisions"}],"predecessor-version":[{"id":7264,"href":"https:\/\/skischule-innsbruck.com\/en\/wp-json\/wp\/v2\/pages\/2532\/revisions\/7264"}],"wp:attachment":[{"href":"https:\/\/skischule-innsbruck.com\/en\/wp-json\/wp\/v2\/media?parent=2532"}],"curies":[{"name":"wp","href":"https:\/\/api.w.org\/{rel}","templated":true}]}}