{"id":200,"date":"2021-09-06T13:54:19","date_gmt":"2021-09-06T11:54:19","guid":{"rendered":"https:\/\/www.skischule-innsbruck.at\/?page_id=200"},"modified":"2021-09-18T18:33:22","modified_gmt":"2021-09-18T16:33:22","slug":"kinder","status":"publish","type":"page","link":"https:\/\/skischule-innsbruck.com\/en\/kinder\/","title":{"rendered":"Kids &amp; Teens"},"content":{"rendered":"<div data-elementor-type=\"wp-page\" data-elementor-id=\"200\" class=\"elementor elementor-200\" data-elementor-post-type=\"page\">\n\t\t\t\t\t\t<section class=\"elementor-section elementor-top-section elementor-element elementor-element-f8f2afa elementor-section-height-min-height elementor-section-boxed elementor-section-height-default elementor-section-items-middle\" data-id=\"f8f2afa\" data-element_type=\"section\" data-e-type=\"section\" data-settings=\"{&quot;background_background&quot;:&quot;classic&quot;}\">\n\t\t\t\t\t\t\t<div class=\"elementor-background-overlay\"><\/div>\n\t\t\t\t\t\t\t<div class=\"elementor-container elementor-column-gap-default\">\n\t\t\t\t\t<div class=\"elementor-column elementor-col-100 elementor-top-column elementor-element elementor-element-234fb03\" data-id=\"234fb03\" data-element_type=\"column\" data-e-type=\"column\">\n\t\t\t<div class=\"elementor-widget-wrap elementor-element-populated\">\n\t\t\t\t\t\t<div class=\"elementor-element elementor-element-17cc9b8 elementor-widget elementor-widget-heading\" data-id=\"17cc9b8\" data-element_type=\"widget\" data-e-type=\"widget\" data-widget_type=\"heading.default\">\n\t\t\t\t<div class=\"elementor-widget-container\">\n\t\t\t\t\t<h1 class=\"elementor-heading-title elementor-size-default\"><span style=\"color:#5BABC3\">Kids &amp; Teens<\/span> Ski &amp; Snowboard-Kurse<\/h1>\t\t\t\t<\/div>\n\t\t\t\t<\/div>\n\t\t\t\t<div class=\"elementor-element elementor-element-9ae83b3 elementor-widget elementor-widget-text-editor\" data-id=\"9ae83b3\" data-element_type=\"widget\" data-e-type=\"widget\" data-widget_type=\"text-editor.default\">\n\t\t\t\t<div class=\"elementor-widget-container\">\n\t\t\t\t\t\t\t\t\t<p>Varied ski and snowboard lessons for Kids from 3 years and Teenagers<\/p>\t\t\t\t\t\t\t\t<\/div>\n\t\t\t\t<\/div>\n\t\t\t\t\t<\/div>\n\t\t<\/div>\n\t\t\t\t\t<\/div>\n\t\t<\/section>\n\t\t\t\t<section class=\"elementor-section elementor-top-section elementor-element elementor-element-d41f3d8 elementor-section-boxed elementor-section-height-default elementor-section-height-default\" data-id=\"d41f3d8\" data-element_type=\"section\" data-e-type=\"section\">\n\t\t\t\t\t\t<div class=\"elementor-container elementor-column-gap-default\">\n\t\t\t\t\t<div class=\"elementor-column elementor-col-100 elementor-top-column elementor-element elementor-element-a8f39e2\" data-id=\"a8f39e2\" data-element_type=\"column\" data-e-type=\"column\">\n\t\t\t<div class=\"elementor-widget-wrap elementor-element-populated\">\n\t\t\t\t\t\t<div class=\"elementor-element elementor-element-717fec6 elementor-widget elementor-widget-heading\" data-id=\"717fec6\" data-element_type=\"widget\" data-e-type=\"widget\" data-widget_type=\"heading.default\">\n\t\t\t\t<div class=\"elementor-widget-container\">\n\t\t\t\t\t<h3 class=\"elementor-heading-title elementor-size-default\">Pick your desired course:<\/h3>\t\t\t\t<\/div>\n\t\t\t\t<\/div>\n\t\t\t\t<section class=\"elementor-section elementor-inner-section elementor-element elementor-element-05903a4 elementor-section-boxed elementor-section-height-default elementor-section-height-default\" data-id=\"05903a4\" data-element_type=\"section\" data-e-type=\"section\">\n\t\t\t\t\t\t<div class=\"elementor-container elementor-column-gap-default\">\n\t\t\t\t\t<div class=\"make-column-clickable-elementor elementor-column elementor-col-50 elementor-inner-column elementor-element elementor-element-01fbdc2 hoverscale\" style=\"cursor: pointer;\" data-column-clickable=\"https:\/\/skischule-innsbruck.com\/en\/kinder\/ski-kinder\/\" data-column-clickable-blank=\"_self\" data-id=\"01fbdc2\" data-element_type=\"column\" data-e-type=\"column\">\n\t\t\t<div class=\"elementor-widget-wrap elementor-element-populated\">\n\t\t\t\t\t\t<div class=\"elementor-element elementor-element-9b28f13 elementor-view-default elementor-position-block-start elementor-mobile-position-block-start elementor-widget elementor-widget-icon-box\" data-id=\"9b28f13\" data-element_type=\"widget\" data-e-type=\"widget\" data-widget_type=\"icon-box.default\">\n\t\t\t\t<div class=\"elementor-widget-container\">\n\t\t\t\t\t\t\t<div class=\"elementor-icon-box-wrapper\">\n\n\t\t\t\t\t\t<div class=\"elementor-icon-box-icon\">\n\t\t\t\t<span  class=\"elementor-icon\">\n\t\t\t\t<svg xmlns=\"http:\/\/www.w3.org\/2000\/svg\" xmlns:xlink=\"http:\/\/www.w3.org\/1999\/xlink\" id=\"Capa_1\" x=\"0px\" y=\"0px\" viewbox=\"0 0 512.001 512.001\" style=\"enable-background:new 0 0 512.001 512.001;\" xml:space=\"preserve\"><g>\t<g>\t\t<path d=\"M493.532,475.061c-2.807-3.076-7.652-3.144-10.81-0.431l-9.118,7.83c-19.109,16.41-46.611,18.985-68.437,6.41    l-124.486-71.738c7.665-21.37,0.593-45.213-17.539-58.937l42.281-71.574l63.556,31.239c5.239,2.575,10.837,3.88,16.64,3.88    c0.001,0,0.001,0,0.002,0c14.521,0,27.52-8.092,33.923-21.119c3.634-7.393,4.737-15.581,3.249-23.536l14.844,7.299    c1.079,0.53,2.224,0.782,3.35,0.782c2.983,0,5.844-1.762,7.062-4.767c1.513-3.737-0.335-8.008-3.952-9.787l-41.528-20.419    c-0.088-0.044-0.172-0.093-0.262-0.137l-43.774-21.516l-5.067-2.492c-0.005-0.002-0.01-0.004-0.015-0.006l-10.57-5.195    l13.358-13.358c4.144-4.144,7.199-9.085,9.038-14.472c12.841,6.87,27.172,10.397,42.019,10.228    c47.619-0.538,86.331-39.791,86.244-87.414c-0.088-48.039-39.198-87.094-87.257-87.094c-14.366,0-27.919,3.511-39.882,9.688    c0.031-0.615,0.047-1.234,0.047-1.857c0-21.027-17.841-37.967-39.18-36.476c-18.013,1.258-32.605,15.85-33.863,33.863    c-1.49,21.34,15.449,39.18,36.476,39.18c0.15,0,0.298-0.01,0.448-0.011c-5.998,10.584-9.845,22.533-10.95,35.261H183.326    c-14.958,0-28.54,4.841-39.277,14.003c-0.179,0.153-0.351,0.315-0.529,0.47l-33.452-16.442l5.655-11.309    c1.73-3.459,0.785-7.786-2.431-9.934c-3.888-2.599-9.033-1.143-11.057,2.904l-5.816,11.632L74.164,88.77    c-3.737-1.837-8.411-0.559-10.359,3.121c-2.016,3.808-0.474,8.501,3.364,10.386l22.449,11.033l-5.353,10.706    c-1.816,3.631-0.676,8.185,2.832,10.228c1.216,0.708,2.535,1.041,3.832,1.041c2.789,0,5.475-1.541,6.807-4.205l5.531-11.062    l29.903,14.698c-4.075,6.136-7.098,13.062-8.82,20.388c-3.016,12.833-1.93,26.352,3.06,38.067    c5.531,12.985,15.532,23.37,28.925,30.035l11.155,5.551c3.76,1.871,8.324,0.34,10.196-3.42c1.871-3.76,0.34-8.324-3.42-10.196    l-11.155-5.551c-23.753-11.82-27.75-34.864-23.955-51.005c1.333-5.67,3.912-11.67,7.838-17.074l112.892,55.486l-7.755,7.755    c-8.599,8.598-12.545,20.894-10.557,32.889c1.988,11.996,9.691,22.36,20.604,27.724l29.556,14.528l-28.119,47.6l-54.537-29.6    l25.752-43.5c1.582-2.672,1.426-6.131-0.673-8.722c-0.701-0.865-1.62-1.531-2.617-2.027l-25.998-12.937    c-3.76-1.871-8.324-0.34-10.196,3.42c-1.871,3.76-0.34,8.324,3.42,10.196l18.81,9.36l-56.097,94.758l-133.597-76.99    c-3.639-2.098-8.289-0.848-10.385,2.791c-2.097,3.639-0.847,8.289,2.791,10.385l377.286,217.42    c11.587,6.677,24.446,9.953,37.247,9.953c17.476,0,34.84-6.107,48.691-18.002l9.36-8.039    C496.118,483.174,496.436,478.244,493.532,475.061z M395.727,263.779c5.343,2.669,9.347,7.24,11.276,12.9    c1.945,5.705,1.551,11.826-1.107,17.236c-3.825,7.784-11.595,12.619-20.275,12.619c-3.457,0-6.799-0.781-9.931-2.321l-8.454-4.155    l19.907-40.5L395.727,263.779z M406.283,188.043c-14.08,0-27.569-4.016-39.238-11.632c-0.965-8.437-4.712-16.25-10.807-22.344    c-4.647-4.647-10.215-7.823-16.121-9.538c-2.899-6.682-4.734-13.689-5.485-20.935H441.98l-0.583,12.171    c-0.201,4.195,3.037,7.758,7.231,7.959c0.124,0.006,0.247,0.009,0.37,0.009c4.033,0,7.394-3.169,7.589-7.24l0.617-12.899h20.721    C474.118,159.762,443.443,188.043,406.283,188.043z M406.283,43.947c25.082,0,47.201,12.891,60.108,32.388h-15.209    c-4.2,0-7.604,3.405-7.604,7.604s3.405,7.604,7.604,7.604h22.87c1.937,5.35,3.257,10.993,3.874,16.842H334.639    c0.617-5.85,1.938-11.492,3.874-16.842h77.182c4.2,0,7.604-3.405,7.604-7.604s-3.405-7.604-7.604-7.604h-69.52    C359.081,56.839,381.201,43.947,406.283,43.947z M329.88,57.928c-11.778,0-21.358-9.581-21.358-21.359s9.581-21.359,21.358-21.359    s21.359,9.581,21.359,21.359S341.657,57.928,329.88,57.928z M158.777,130.358c6.506-4.134,14.642-6.764,24.549-6.764h136.023    c0.582,6.826,1.96,13.482,4.109,19.924c-7.563,1.222-14.823,4.731-20.642,10.549l-31.568,31.569L158.777,130.358z     M268.885,251.718c-6.517-3.205-11.12-9.397-12.307-16.563c-1.188-7.166,1.169-14.511,6.306-19.647l50.684-50.685    c4.4-4.399,10.179-6.598,15.958-6.598c5.778,0,11.559,2.2,15.957,6.598c4.262,4.263,6.611,9.93,6.611,15.958    s-2.347,11.695-6.611,15.958l-20.872,20.872c-1.735,1.735-2.527,4.201-2.125,6.621c0.402,2.42,1.946,4.499,4.147,5.581    l24.026,11.81l22.832,11.227l-19.908,40.501L268.885,251.718z M267.198,409.365l-92.54-53.328l26.668-45.046l54.549,29.607    l-9.528,16.128c-1.035,1.752-1.325,3.847-0.803,5.814c0.521,1.968,1.809,3.644,3.576,4.655l0.756,0.433    C264.829,376.172,271.583,393.433,267.198,409.365z\"><\/path>\t<\/g><\/g><g><\/g><g><\/g><g><\/g><g><\/g><g><\/g><g><\/g><g><\/g><g><\/g><g><\/g><g><\/g><g><\/g><g><\/g><g><\/g><g><\/g><g><\/g><\/svg>\t\t\t\t<\/span>\n\t\t\t<\/div>\n\t\t\t\n\t\t\t\t\t\t<div class=\"elementor-icon-box-content\">\n\n\t\t\t\t\t\t\t\t\t<h3 class=\"elementor-icon-box-title\">\n\t\t\t\t\t\t<span  >\n\t\t\t\t\t\t\tSki\t\t\t\t\t\t<\/span>\n\t\t\t\t\t<\/h3>\n\t\t\t\t\n\t\t\t\t\n\t\t\t<\/div>\n\t\t\t\n\t\t<\/div>\n\t\t\t\t\t\t<\/div>\n\t\t\t\t<\/div>\n\t\t\t\t\t<\/div>\n\t\t<\/div>\n\t\t\t\t<div class=\"make-column-clickable-elementor elementor-column elementor-col-50 elementor-inner-column elementor-element elementor-element-9f46380 hoverscale\" style=\"cursor: pointer;\" data-column-clickable=\"https:\/\/skischule-innsbruck.com\/en\/kinder\/snowboard-kinder\/\" data-column-clickable-blank=\"_self\" data-id=\"9f46380\" data-element_type=\"column\" data-e-type=\"column\">\n\t\t\t<div class=\"elementor-widget-wrap elementor-element-populated\">\n\t\t\t\t\t\t<div class=\"elementor-element elementor-element-293a885 elementor-view-default elementor-position-block-start elementor-mobile-position-block-start elementor-widget elementor-widget-icon-box\" data-id=\"293a885\" data-element_type=\"widget\" data-e-type=\"widget\" data-widget_type=\"icon-box.default\">\n\t\t\t\t<div class=\"elementor-widget-container\">\n\t\t\t\t\t\t\t<div class=\"elementor-icon-box-wrapper\">\n\n\t\t\t\t\t\t<div class=\"elementor-icon-box-icon\">\n\t\t\t\t<span  class=\"elementor-icon\">\n\t\t\t\t<svg xmlns=\"http:\/\/www.w3.org\/2000\/svg\" xmlns:xlink=\"http:\/\/www.w3.org\/1999\/xlink\" id=\"Capa_1\" x=\"0px\" y=\"0px\" viewbox=\"0 0 512.002 512.002\" style=\"enable-background:new 0 0 512.002 512.002;\" xml:space=\"preserve\"><g>\t<g>\t\t<path d=\"M428.927,400.113l-66.784-18.922l35.854-35.854c12.363-12.365,12.363-32.482,0-44.847l-69.04-69.04l-0.391-47.553    c-0.057-6.913,2.539-13.432,7.318-18.404c5.077-5.281,12.223-8.068,19.549-8.068h79.797c9.066,0,17.599-3.532,24.036-9.957    c6.576-6.59,10.107-15.342,9.941-24.646c-0.33-18.401-15.843-33.37-34.582-33.37h-57.717c-4.191,0-7.588,3.398-7.588,7.588    s3.398,7.588,7.588,7.588h31.813v37.621h-53.172c-11.261,0-22.213,4.259-30.143,12.254c-7.84,7.904-12.108,18.388-12.016,29.52    l0.367,44.739l-50.765,13.191v-72.447c34.128-3.548,61.328-30.75,64.876-64.879h13.628c4.191,0,7.588-3.398,7.588-7.588    s-3.398-7.588-7.588-7.588h-13.628c-3.809-36.62-34.852-65.268-72.463-65.268c-12.934,0-25.084,3.404-35.624,9.339    c-0.606-19.488-17.388-34.971-37.343-33.416c-16.925,1.317-30.567,15.067-31.763,32.002c-1.428,20.21,14.611,37.112,34.523,37.112    c0.99,0,1.966-0.052,2.934-0.134c-2.662,6.383-4.446,13.22-5.189,20.363H75.578c-9.086,0-17.622,3.54-24.03,9.961    c-6.569,6.569-10.102,15.309-9.947,24.61c0.309,18.418,15.815,33.403,34.567,33.403h80.099c14.501,0,26.256,11.756,26.256,26.256    v56.334c0,20.547,8.001,39.863,22.53,54.391l28.493,28.494l-17.101,17.018l-87.404-24.766    c-30.248-8.562-61.83,9.075-70.403,39.315c-1.441,5.079-2.171,10.317-2.171,15.57c0,25.363,17.059,47.913,41.487,54.838    l24.163,6.846c4.032,1.142,8.227-1.2,9.369-5.232s-1.2-8.227-5.232-9.369l-24.162-6.846    c-17.927-5.082-30.448-21.628-30.448-40.236c0-3.852,0.536-7.698,1.596-11.43c6.291-22.192,29.465-35.138,51.667-28.854    l79.201,22.442l-24.923,24.801c-2.951,2.938-2.985,7.706-0.073,10.684l33.729,34.5c0.425,0.435,0.897,0.813,1.404,1.13    l19.449,19.724c1.414,1.434,3.344,2.241,5.358,2.241h0.026c2.012,0,3.942-0.799,5.365-2.222l3.323-3.322    c7.15-7.149,11.411-16.813,11.336-26.923c-0.053-7.186-2.144-14.048-5.998-19.928l20.951-20.871l5.688,1.612l-3.391,3.374    c-2.952,2.938-2.985,7.706-0.074,10.684l33.73,34.5c0.426,0.435,0.897,0.813,1.405,1.13l19.431,19.705    c1.419,1.44,3.354,2.253,5.376,2.26h0.026c2.012,0,3.943-0.799,5.366-2.223l3.834-3.835c12.295-12.294,14.081-31.235,5.349-45.47    l73.992,20.965c17.922,5.08,30.439,21.622,30.439,40.226c0,3.858-0.536,7.708-1.595,11.442    c-6.284,22.195-29.458,35.134-51.659,28.852l-240.794-68.219c-4.032-1.142-8.227,1.2-9.369,5.232    c-1.142,4.032,1.2,8.227,5.232,9.369l240.796,68.22c5.175,1.465,10.386,2.164,15.516,2.163    c24.862-0.002,47.78-16.41,54.878-41.479c1.44-5.079,2.17-10.32,2.17-15.578C470.404,429.582,453.348,407.036,428.927,400.113z     M434.627,104.628c10.518,0,19.225,8.284,19.408,18.465c0.092,5.153-1.865,10.002-5.498,13.643    c-3.562,3.554-8.285,5.512-13.304,5.512H423.9v-37.62H434.627z M255.405,154.726c-29.234,0-53.442-21.865-57.168-50.098h39.885    v8.023c0,4.191,3.398,7.588,7.588,7.588c4.191,0,7.588-3.398,7.588-7.588v-8.023h23.134v8.023c0,4.191,3.396,7.588,7.588,7.588    s7.588-3.398,7.588-7.588v-8.023h20.964C308.846,132.861,284.639,154.726,255.405,154.726z M255.405,39.36    c29.232,0,53.438,21.862,57.167,50.092H198.237C201.968,61.223,226.173,39.36,255.405,39.36z M185.197,54.045    c-10.717,0-19.435-8.718-19.435-19.435c0-10.717,8.718-19.435,19.435-19.435c10.717,0,19.435,8.718,19.435,19.435    C204.632,45.327,195.913,54.045,185.197,54.045z M86.91,142.249H76.168c-10.522-0.001-19.222-8.29-19.393-18.48    c-0.086-5.151,1.869-9.99,5.509-13.631c3.546-3.553,8.267-5.51,13.294-5.51H86.91V142.249z M200.417,258.213    c-1.787-5.82-2.717-11.937-2.717-18.198v-56.334c0-22.846-18.586-41.433-41.433-41.433h-54.18v-37.621h80.854    c3.546,34.128,30.748,61.33,64.876,64.879v76.39L200.417,258.213z M239.04,426.841l-15.222-15.438    c-0.412-0.417-0.866-0.781-1.354-1.09l-27.241-27.864l23.375-23.261l23.369,23.369l-4.406,4.389    c-1.428,1.423-2.231,3.354-2.233,5.368c-0.002,2.015,0.798,3.948,2.223,5.373c4.113,4.113,6.378,9.582,6.378,15.4    C243.928,418.16,242.207,422.966,239.04,426.841z M286.383,359.73l14.448-14.393c12.363-12.365,12.363-32.482-0.001-44.847    l-11.485-11.485c-0.173-0.172-0.698-0.698-0.32-1.611c0.377-0.913,1.121-0.913,1.366-0.913c1.863,0,5.352,1.446,6.669,2.762    l33.656,33.655l-38.634,38.446L286.383,359.73z M336.206,426.839l-15.222-15.437c-0.411-0.417-0.865-0.782-1.354-1.09    l-27.242-27.864l23.667-23.552l23.459,23.459l-4.702,4.702c-2.953,2.953-2.964,7.739-0.024,10.707    C342.673,405.722,343.139,418.331,336.206,426.839z M350.246,371.625l-23.433-23.433l19.998-19.9    c1.429-1.422,2.233-3.354,2.236-5.369c0.002-2.015-0.797-3.95-2.222-5.375l-39.034-39.034c-4.177-4.176-11.494-7.208-17.4-7.208    c-6.761,0-12.8,4.036-15.387,10.282c-2.587,6.246-1.17,13.37,3.611,18.15l11.484,11.484c6.447,6.447,6.447,16.937,0.011,23.374    l-37.393,37.251l-23.363-23.363l20.29-20.191c1.429-1.423,2.233-3.354,2.235-5.369s-0.797-3.949-2.222-5.374l-33.873-33.873    c-3.49-3.49-6.5-7.329-9.019-11.431l112.333-29.191l68.168,68.168c6.447,6.447,6.447,16.937,0,23.384L350.246,371.625z\"><\/path>\t<\/g><\/g><g><\/g><g><\/g><g><\/g><g><\/g><g><\/g><g><\/g><g><\/g><g><\/g><g><\/g><g><\/g><g><\/g><g><\/g><g><\/g><g><\/g><g><\/g><\/svg>\t\t\t\t<\/span>\n\t\t\t<\/div>\n\t\t\t\n\t\t\t\t\t\t<div class=\"elementor-icon-box-content\">\n\n\t\t\t\t\t\t\t\t\t<h3 class=\"elementor-icon-box-title\">\n\t\t\t\t\t\t<span  >\n\t\t\t\t\t\t\tSnowboard\t\t\t\t\t\t<\/span>\n\t\t\t\t\t<\/h3>\n\t\t\t\t\n\t\t\t\t\n\t\t\t<\/div>\n\t\t\t\n\t\t<\/div>\n\t\t\t\t\t\t<\/div>\n\t\t\t\t<\/div>\n\t\t\t\t\t<\/div>\n\t\t<\/div>\n\t\t\t\t\t<\/div>\n\t\t<\/section>\n\t\t\t\t\t<\/div>\n\t\t<\/div>\n\t\t\t\t\t<\/div>\n\t\t<\/section>\n\t\t\t\t<\/div>","protected":false},"excerpt":{"rendered":"<p>Kinder &amp; Jugendliche Ski &amp; Snowboard-Kurse Abwechslungsreiches Ski- und Snowboardkursangebot f\u00fcr Kinder ab 3 Jahre und Jugendliche W\u00e4hle deinen gew\u00fcnschten Kurs aus: Ski Snowboard Ski Snowboard<\/p>","protected":false},"author":1,"featured_media":0,"parent":0,"menu_order":0,"comment_status":"closed","ping_status":"closed","template":"elementor_header_footer","meta":{"footnotes":""},"class_list":["post-200","page","type-page","status-publish","hentry"],"acf":[],"_links":{"self":[{"href":"https:\/\/skischule-innsbruck.com\/en\/wp-json\/wp\/v2\/pages\/200","targetHints":{"allow":["GET"]}}],"collection":[{"href":"https:\/\/skischule-innsbruck.com\/en\/wp-json\/wp\/v2\/pages"}],"about":[{"href":"https:\/\/skischule-innsbruck.com\/en\/wp-json\/wp\/v2\/types\/page"}],"author":[{"embeddable":true,"href":"https:\/\/skischule-innsbruck.com\/en\/wp-json\/wp\/v2\/users\/1"}],"replies":[{"embeddable":true,"href":"https:\/\/skischule-innsbruck.com\/en\/wp-json\/wp\/v2\/comments?post=200"}],"version-history":[{"count":86,"href":"https:\/\/skischule-innsbruck.com\/en\/wp-json\/wp\/v2\/pages\/200\/revisions"}],"predecessor-version":[{"id":1652,"href":"https:\/\/skischule-innsbruck.com\/en\/wp-json\/wp\/v2\/pages\/200\/revisions\/1652"}],"wp:attachment":[{"href":"https:\/\/skischule-innsbruck.com\/en\/wp-json\/wp\/v2\/media?parent=200"}],"curies":[{"name":"wp","href":"https:\/\/api.w.org\/{rel}","templated":true}]}}