{"id":1035,"date":"2021-09-12T16:37:01","date_gmt":"2021-09-12T14:37:01","guid":{"rendered":"https:\/\/www.skischule-innsbruck.at\/?page_id=1035"},"modified":"2021-09-12T16:38:05","modified_gmt":"2021-09-12T14:38:05","slug":"impressum","status":"publish","type":"page","link":"https:\/\/skischule-innsbruck.com\/en\/impressum\/","title":{"rendered":"Imprint"},"content":{"rendered":"<div data-elementor-type=\"wp-page\" data-elementor-id=\"1035\" class=\"elementor elementor-1035\" data-elementor-post-type=\"page\">\n\t\t\t\t\t\t<section class=\"elementor-section elementor-top-section elementor-element elementor-element-133ca23 elementor-section-boxed elementor-section-height-default elementor-section-height-default\" data-id=\"133ca23\" data-element_type=\"section\" data-e-type=\"section\">\n\t\t\t\t\t\t<div class=\"elementor-container elementor-column-gap-default\">\n\t\t\t\t\t<div class=\"elementor-column elementor-col-100 elementor-top-column elementor-element elementor-element-2524c24\" data-id=\"2524c24\" data-element_type=\"column\" data-e-type=\"column\">\n\t\t\t<div class=\"elementor-widget-wrap elementor-element-populated\">\n\t\t\t\t\t\t<div class=\"elementor-element elementor-element-72877c8 elementor-widget elementor-widget-heading\" data-id=\"72877c8\" data-element_type=\"widget\" data-e-type=\"widget\" data-widget_type=\"heading.default\">\n\t\t\t\t<div class=\"elementor-widget-container\">\n\t\t\t\t\t<h2 class=\"elementor-heading-title elementor-size-default\">Imprint<\/h2>\t\t\t\t<\/div>\n\t\t\t\t<\/div>\n\t\t\t\t<div class=\"elementor-element elementor-element-c417f02 elementor-widget elementor-widget-text-editor\" data-id=\"c417f02\" data-element_type=\"widget\" data-e-type=\"widget\" data-widget_type=\"text-editor.default\">\n\t\t\t\t<div class=\"elementor-widget-container\">\n\t\t\t\t\t\t\t\t\t<p><strong>Ski &amp; Snowboardschule Innsbruck GbR<\/strong><br \/>Leopoldstra\u00dfe 4<br \/>6020 Innsbruck | Tirol| Austria<\/p><table><tbody><tr><td>Mobil<\/td><td>+43 (0)699 101 28 730<\/td><\/tr><tr><td>Phone<\/td><td>+43 (0)660 21 44 660<\/td><\/tr><tr><td>Fax<\/td><td>+43 (0)512 27 26 51<\/td><\/tr><tr><td>E-Mail<\/td><td><span id=\"cloaka3b8e55fb20a4f3db87a62988e91c588\"><a href=\"mailto:info@skischule-innsbruck.com\">info@skischule-innsbruck.com<\/a><\/span><\/td><\/tr><tr><td>Web<\/td><td><a href=\"http:\/\/skischule-innsbruck.com\/en\/\" target=\"_self\">www.skischule-innsbruck.com<\/a><\/td><\/tr><tr><td>UID<\/td><td>ATU62422845<\/td><\/tr><\/tbody><\/table><p>Gerichtsstand Innsbruck<br \/>Zugeh\u00f6rig zum Tiroler Skilehrerverband, 6020 Innsbruck<br \/>Anwendbares Rechtsgrundlage: Tiroler Skischulgesetz<br \/>Alle auf dieser Website angegebenen Preise verstehen sich inklusive aller anf\u00e4lligen Steuern.<\/p><p><strong>Gesellschafter<\/strong><br \/>Bernhard Schlechter<br \/>MMag. Michael B\u00e4r<\/p><p>Rechtsform Gesellschaft b\u00fcrgerlichen Rechts.<br \/>Die zust\u00e4ndige Aufsichtsbeh\u00f6rde ist der Magistrat der Stadt Innsbruck.<\/p><p><strong>Gewerberechtliche Zuordnung<\/strong><\/p><p><strong>Bernhard Schlechter<\/strong><\/p><table><tbody><tr><td valign=\"top\">Kammer<\/td><td>Mitglied der Wirtschaftskammer Tirol, Sparte Tourismus und Freizeitwirtschaft \u2013 Fachgruppe Hotellerie;<\/td><\/tr><tr><td valign=\"top\">Berufsbezeichnung \u00a0 \u00a0 \u00a0 \u00a0<\/td><td>Almwirtschaftgewerbe, Ro\u00dffallweg 30, 6020 Innsbruck;<\/td><\/tr><\/tbody><\/table><p><br \/>\u00a0<br \/>\u00a0<\/p><p><strong>Rechtsvorschriften<\/strong><br \/><a href=\"https:\/\/www.ris.bka.gv.at\/GeltendeFassung.wxe?Abfrage=BundesnormenGesetzesnummer=10007517\" target=\"_blank\" rel=\"noopener\">https:\/\/www.ris.bka.gv.at\/GeltendeFassung.wxe?Abfrage=BundesnormenGesetzesnummer=10007517<\/a><\/p><p>Tiroler Mindestausstattungsverordnung<br \/><a href=\"https:\/\/www.ris.bka.gv.at\/GeltendeFassung.wxe?Abfrage=LrT&amp;Gesetzesnummer=10000101\" target=\"_blank\" rel=\"noopener\">https:\/\/www.ris.bka.gv.at\/GeltendeFassung.wxe?Abfrage=LrT&amp;Gesetzesnummer=10000101<\/a><\/p><p>Die Berechtigungen wurden in \u00d6sterreich verliehen.<\/p><p>MMag. Michael B\u00e4r<br \/>Kammer Mitglied der Wirtschaftskammer Tirol, Sparte Tourismus- und Freizeitwirtschaft &#8211; Fachgruppe Reiseb\u00fcros;<br \/>Fachgruppe Freizeit und Sportbetriebe; Sparte Transport und Verkehr &#8211; Fachgruppe f\u00fcr Bef\u00f6rderungsgewerbe mit Pkw;<br \/>Berufsbezeichnung Reiseb\u00fcrogewerbe mit Standort: Leopoldstra\u00dfe 4, 6020 Innsbruck;<br \/>Organisation von Veranstaltungen mit Standort: Leopoldstra\u00dfe 4, 6020 Innsbruck;Mietwagen-Gewerbe mit Standort: Innstrasse 71, 6020 Innsbruck;<\/p><p>Rechtsvorschriften<br \/>Gewerbeordnung 1994, insbesondere \u00a7 94 Z 56 und \u00a7 126:<\/p><p><a href=\"http:\/\/www.ris.bka.gv.at\/GeltendeFassung.wxe?Abfrage=Bundesnormen&amp;Gesetzesnummer=10007517\" target=\"_blank\" rel=\"noopener\">http:\/\/www.ris.bka.gv.at\/GeltendeFassung.wxe?Abfrage=Bundesnormen&amp;Gesetzesnummer=10007517<\/a><\/p><p>Aus\u00fcbungsvorschriften f\u00fcr das Reiseb\u00fcrogewerbe:<\/p><p><a href=\"http:\/\/www.ris.bka.gv.at\/GeltendeFassung.wxe?Abfrage=Bundesnormen&amp;Gesetzesnummer=10008014\" target=\"_blank\" rel=\"noopener\">http:\/\/www.ris.bka.gv.at\/GeltendeFassung.wxe?Abfrage=Bundesnormen&amp;Gesetzesnummer=10008014<\/a><br \/>Reiseb\u00fcro-Verordnung:<\/p><p><a href=\"http:\/\/www.ris.bka.gv.at\/GeltendeFassung.wxe?Abfrage=Bundesnormen&amp;Gesetzesnummer=20002480\" target=\"_blank\" rel=\"noopener\">http:\/\/www.ris.bka.gv.at\/GeltendeFassung.wxe?Abfrage=Bundesnormen&amp;Gesetzesnummer=20002480<\/a><br \/>Reiseb\u00fcrosicherungsverordnung:<\/p><p><a href=\"http:\/\/www.ris.bka.gv.at\/GeltendeFassung.wxe?Abfrage=Bundesnormen&amp;Gesetzesnummer=20000007\" target=\"_blank\" rel=\"noopener\">http:\/\/www.ris.bka.gv.at\/GeltendeFassung.wxe?Abfrage=Bundesnormen&amp;Gesetzesnummer=20000007<\/a><br \/>Konsumentenschutzgesetz, insbesondere \u00a7\u00a7 31b bis 31f:<\/p><p><a href=\"http:\/\/www.ris.bka.gv.at\/GeltendeFassung.wxe?Abfrage=Bundesnormen&amp;Gesetzesnummer=10002462\" target=\"_blank\" rel=\"noopener\">http:\/\/www.ris.bka.gv.at\/GeltendeFassung.wxe?Abfrage=Bundesnormen&amp;Gesetzesnummer=10002462<\/a><br \/>F\u00fcr das Mietwagen-Gewerbe &#8211; Gelegenheitsverkehrs-Gesetz:<\/p><p><a href=\"http:\/\/www.ris.bka.gv.at\/GeltendeFassung.wxe?Abfrage=Bundesnormen&amp;Gesetzesnummer=10007795\" target=\"_blank\" rel=\"noopener\">http:\/\/www.ris.bka.gv.at\/GeltendeFassung.wxe?Abfrage=Bundesnormen&amp;Gesetzesnummer=10007795<\/a><br \/>Berufszugangsverordnung Kraftfahrlinien- und Gelegenheitsverkehr:<\/p><p><a href=\"http:\/\/www.ris.bka.gv.at\/GeltendeFassung.wxe?Abfrage=Bundesnormen&amp;Gesetzesnummer=10007578\" target=\"_blank\" rel=\"noopener\">http:\/\/www.ris.bka.gv.at\/GeltendeFassung.wxe?Abfrage=Bundesnormen&amp;Gesetzesnummer=10007578<\/a><br \/>Betriebsordnung f\u00fcr den nichtlinienm\u00e4\u00dfigen Personenverkehr:<\/p><p><a href=\"http:\/\/www.ris.bka.gv.at\/GeltendeFassung.wxe?Abfrage=Bundesnormen&amp;Gesetzesnummer=10007383\" target=\"_blank\" rel=\"noopener\">http:\/\/www.ris.bka.gv.at\/GeltendeFassung.wxe?Abfrage=Bundesnormen&amp;Gesetzesnummer=10007383<\/a><br \/>Tiroler Personenbef\u00f6rderungs- Betriebsordnung 2000:<\/p><p><a href=\"http:\/\/www.ris.bka.gv.at\/GeltendeFassung.wxe?Abfrage=LrT&amp;Gesetzesnummer=20000201\" target=\"_blank\" rel=\"noopener\">http:\/\/www.ris.bka.gv.at\/GeltendeFassung.wxe?Abfrage=LrT&amp;Gesetzesnummer=20000201<\/a><\/p><p>Die Berechtigungen wurden in \u00d6sterreich verliehen.<\/p><p><br \/><strong>Urheberrechte, Nutzungsbedingungen<\/strong><br \/>Der Inhalt dieser Website ist urheberrechtlich gesch\u00fctzt. Die Ski &amp; Snowboardschule Innsbruck GbR ist bestrebt, in allen Publikationen die Urheberrechte der verwendeten Grafiken, Tondokumente, Videosequenzen und Texte zu beachten, von ihm selbst erstellte Grafiken, Tondokumente, Videosequenzen und Texte zu nutzen oder auf lizenzfreie Grafiken, Tondokumente, Videosequenzen und Texte zur\u00fcckzugreifen. Eine Vervielf\u00e4ltigung oder Verwendung solcher Grafiken, Tondokumente, Videosequenzen und Texte in anderen elektronischen oder gedruckten Publikationen ist nur mit ausdr\u00fccklicher Genehmigung der Ski &amp; Snowboardschule Innsbruck GbR erlaubt. Bestimmte Inhalte k\u00f6nnen auch den Urheberrechts- und Nutzungsbedingungen von Partnern oder Lieferanten unterliegen.<\/p><p><strong>Haftungshinweis, Inhalt, Verweise und Links<\/strong><br \/>Haftungsanspr\u00fcche gegen den Autor, welche sich auf Sch\u00e4den materieller oder ideeller Art beziehen, die durch die Nutzung oder Nichtnutzung der dargebotenen Informationen bzw. durch die Nutzung fehlerhafter und unvollst\u00e4ndiger Informationen verursacht wurden, sind grunds\u00e4tzlich ausgeschlossen, sofern seitens des Autors kein nachweislich vors\u00e4tzliches oder grob fahrl\u00e4ssiges Verschulden vorliegt. Alle Angebote sind freibleibend und unverbindlich. Der Autor beh\u00e4lt es sich ausdr\u00fccklich vor, Teile der Seiten oder das gesamte Angebot ohne gesonderte Ank\u00fcndigung zu ver\u00e4ndern, zu erg\u00e4nzen, zu l\u00f6schen oder die Ver\u00f6ffentlichung zeitweise oder endg\u00fcltig einzustellen. Das Copyright f\u00fcr ver\u00f6ffentlichte, vom Autor selbst erstellte Objekte bleibt allein beim Autor der Seiten.<br \/>Trotz sorgf\u00e4ltiger inhaltlicher Kontrolle \u00fcbernehmen wir keine Haftung f\u00fcr die Inhalte externer Links. F\u00fcr den Inhalt der verlinkten Seiten sind ausschlie\u00dflich deren Betreiber verantwortlich. Bei direkten oder indirekten Verweisen auf fremde Internetseiten (&#8222;Links&#8220;), die au\u00dferhalb des Verantwortungsbereiches des Autors liegen, w\u00fcrde eine Haftungsverpflichtung ausschlie\u00dflich in dem Fall in Kraft treten, in dem der Autor von den Inhalten Kenntnis hat und es ihm technisch m\u00f6glich und zumutbar w\u00e4re, die Nutzung im Falle rechtswidriger Inhalte zu verhindern. Der Autor erkl\u00e4rt hiermit ausdr\u00fccklich, dass zum Zeitpunkt der Linksetzung keine illegalen Inhalte auf den zu verlinkenden Seiten erkennbar waren. Auf die aktuelle und zuk\u00fcnftige Gestaltung, die Inhalte oder die Urheberschaft der gelinkten\/verkn\u00fcpften Seiten hat der Autor keinerlei Einfluss. Deshalb distanziert er sich hiermit ausdr\u00fccklich von allen Inhalten aller gelinkten\/verkn\u00fcpften Seiten, die nach der Linksetzung ver\u00e4ndert wurden. Diese Feststellung gilt f\u00fcr alle innerhalb des eigenen Internetangebotes gesetzten Links und Verweise sowie f\u00fcr Fremdeintr\u00e4ge in vom Autor eingerichteten G\u00e4steb\u00fcchern, Diskussionsforen und Mailinglisten.<br \/>F\u00fcr illegale, fehlerhafte oder unvollst\u00e4ndige Inhalte und insbesondere f\u00fcr Sch\u00e4den, die aus der Nutzung oder Nichtnutzung solcherart dargebotener Informationen entstehen, haftet allein der Anbieter der Seite, auf welche verwiesen wurde, nicht derjenige, der \u00fcber Links auf die jeweilige Ver\u00f6ffentlichung lediglich verweist.<\/p>\t\t\t\t\t\t\t\t<\/div>\n\t\t\t\t<\/div>\n\t\t\t\t\t<\/div>\n\t\t<\/div>\n\t\t\t\t\t<\/div>\n\t\t<\/section>\n\t\t\t\t<\/div>","protected":false},"excerpt":{"rendered":"<p>Impressum Ski &amp; Snowboardschule Innsbruck GbRLeopoldstra\u00dfe 46020 Innsbruck | Tirol| Austria Mobil +43 (0)699 101 28 730 Phone +43 (0)660 21 44 660 Fax +43 (0)512 27 26 51 E-Mail info@skischule-innsbruck.com Web www.skischule-innsbruck.com UID ATU62422845 Gerichtsstand InnsbruckZugeh\u00f6rig zum Tiroler Skilehrerverband, 6020 InnsbruckAnwendbares Rechtsgrundlage: Tiroler SkischulgesetzAlle auf dieser Website angegebenen Preise verstehen sich inklusive aller anf\u00e4lligen [&hellip;]<\/p>\n","protected":false},"author":1,"featured_media":0,"parent":0,"menu_order":0,"comment_status":"closed","ping_status":"closed","template":"elementor_header_footer","meta":{"footnotes":""},"class_list":["post-1035","page","type-page","status-publish","hentry"],"acf":[],"_links":{"self":[{"href":"https:\/\/skischule-innsbruck.com\/en\/wp-json\/wp\/v2\/pages\/1035","targetHints":{"allow":["GET"]}}],"collection":[{"href":"https:\/\/skischule-innsbruck.com\/en\/wp-json\/wp\/v2\/pages"}],"about":[{"href":"https:\/\/skischule-innsbruck.com\/en\/wp-json\/wp\/v2\/types\/page"}],"author":[{"embeddable":true,"href":"https:\/\/skischule-innsbruck.com\/en\/wp-json\/wp\/v2\/users\/1"}],"replies":[{"embeddable":true,"href":"https:\/\/skischule-innsbruck.com\/en\/wp-json\/wp\/v2\/comments?post=1035"}],"version-history":[{"count":4,"href":"https:\/\/skischule-innsbruck.com\/en\/wp-json\/wp\/v2\/pages\/1035\/revisions"}],"predecessor-version":[{"id":1047,"href":"https:\/\/skischule-innsbruck.com\/en\/wp-json\/wp\/v2\/pages\/1035\/revisions\/1047"}],"wp:attachment":[{"href":"https:\/\/skischule-innsbruck.com\/en\/wp-json\/wp\/v2\/media?parent=1035"}],"curies":[{"name":"wp","href":"https:\/\/api.w.org\/{rel}","templated":true}]}}