{"id":1003,"date":"2021-09-12T16:07:30","date_gmt":"2021-09-12T14:07:30","guid":{"rendered":"https:\/\/www.skischule-innsbruck.at\/?page_id=1003"},"modified":"2025-09-10T08:53:24","modified_gmt":"2025-09-10T06:53:24","slug":"veranstaltungsorte-treffpunkte","status":"publish","type":"page","link":"https:\/\/skischule-innsbruck.com\/en\/veranstaltungsorte-treffpunkte\/","title":{"rendered":"Venues &amp; meeting points"},"content":{"rendered":"<div data-elementor-type=\"wp-page\" data-elementor-id=\"1003\" class=\"elementor elementor-1003\" data-elementor-post-type=\"page\">\n\t\t\t\t\t\t<section class=\"elementor-section elementor-top-section elementor-element elementor-element-f8f2afa elementor-section-height-min-height elementor-section-boxed elementor-section-height-default elementor-section-items-middle\" data-id=\"f8f2afa\" data-element_type=\"section\" data-e-type=\"section\" data-settings=\"{&quot;background_background&quot;:&quot;classic&quot;}\">\n\t\t\t\t\t\t\t<div class=\"elementor-background-overlay\"><\/div>\n\t\t\t\t\t\t\t<div class=\"elementor-container elementor-column-gap-default\">\n\t\t\t\t\t<div class=\"elementor-column elementor-col-100 elementor-top-column elementor-element elementor-element-234fb03\" data-id=\"234fb03\" data-element_type=\"column\" data-e-type=\"column\">\n\t\t\t<div class=\"elementor-widget-wrap elementor-element-populated\">\n\t\t\t\t\t\t<div class=\"elementor-element elementor-element-17cc9b8 elementor-widget elementor-widget-heading\" data-id=\"17cc9b8\" data-element_type=\"widget\" data-e-type=\"widget\" data-widget_type=\"heading.default\">\n\t\t\t\t<div class=\"elementor-widget-container\">\n\t\t\t\t\t<h1 class=\"elementor-heading-title elementor-size-default\">Locations &amp; meeting points<\/h1>\t\t\t\t<\/div>\n\t\t\t\t<\/div>\n\t\t\t\t\t<\/div>\n\t\t<\/div>\n\t\t\t\t\t<\/div>\n\t\t<\/section>\n\t\t\t\t<section class=\"elementor-section elementor-top-section elementor-element elementor-element-d41f3d8 elementor-section-boxed elementor-section-height-default elementor-section-height-default\" data-id=\"d41f3d8\" data-element_type=\"section\" data-e-type=\"section\">\n\t\t\t\t\t\t<div class=\"elementor-container elementor-column-gap-default\">\n\t\t\t\t\t<div class=\"elementor-column elementor-col-50 elementor-top-column elementor-element elementor-element-a8f39e2\" data-id=\"a8f39e2\" data-element_type=\"column\" data-e-type=\"column\">\n\t\t\t<div class=\"elementor-widget-wrap elementor-element-populated\">\n\t\t\t\t\t\t<div class=\"elementor-element elementor-element-7cef309 elementor-widget elementor-widget-heading\" data-id=\"7cef309\" data-element_type=\"widget\" data-e-type=\"widget\" data-widget_type=\"heading.default\">\n\t\t\t\t<div class=\"elementor-widget-container\">\n\t\t\t\t\t<h2 class=\"elementor-heading-title elementor-size-default\">Office Patscherkofel<\/h2>\t\t\t\t<\/div>\n\t\t\t\t<\/div>\n\t\t\t\t<div class=\"elementor-element elementor-element-bfb1a11 elementor-widget elementor-widget-text-editor\" data-id=\"bfb1a11\" data-element_type=\"widget\" data-e-type=\"widget\" data-widget_type=\"text-editor.default\">\n\t\t\t\t<div class=\"elementor-widget-container\">\n\t\t\t\t\t\t\t\t\t<p>The office is located in the north-eastern part of the building complex. Our office is located in the basement of the building. It is covered in grey and red stickers, and there is a large red flag directly in front of it. <strong>gro\u00dfe rote Fahne.<\/strong><\/p>\n<p><strong><span class=\"miniheadline\">Arrival by public bus:<\/span><\/strong><\/p>\n<ul>\n<li>The \u2018J-Patscherkofel\u2019 bus line runs directly from the city centre to the Patscherkofelbahn valley station. The bus can be used free of charge with a guest card or ski equipment. When you arrive at the final stop, \u2018Igls Patscherkofel Talstation\u2019, get off, walk up the steps and continue straight ahead \u2013 you will find our office with the large red and white flag. The bus stops for the J line and the locations of our ski school offices and the \u2018die B\u00f6rse\u2019 ski hire in Innsbruck can be found here on Google Maps:&nbsp;<a href=\"https:\/\/maps.app.goo.gl\/4FKu8c7W63DXMrS49\" target=\"_blank\">https:\/\/maps.app.goo.gl\/4FKu8c7W63DXMrS49<\/a><\/li>\n<\/ul>\n<p><strong><span class=\"miniheadline\">Arrival by own car:<\/span><\/strong><\/p>\n<ul>\n<li>Park at parking lot P2. The building is located directly on the way from the parking lot to the cable car. Cross the large place: Straight ahead you will already see our red ski school flag!<\/li>\n<li>Do not forget to buy a parking ticket (bring coins!). The cost will be refunded when buying a ski pass.<\/li>\n<\/ul>\n<p><strong><span class=\"miniheadline\">Taxi:<\/span><\/strong><\/p>\n<ul>\n<li>Travel in comfort by taxi from your hotel or ski hire shop directly to the ski resort \u2013 see below or here for prices: <a href=\"https:\/\/skischule-innsbruck.com\/en\/sportsshuttle\/\">https:\/\/skischule-innsbruck.com\/sportsshuttle\/<\/a><br>Bookable by email, telephone or directly on site.&nbsp;<\/li>\n<\/ul>\t\t\t\t\t\t\t\t<\/div>\n\t\t\t\t<\/div>\n\t\t\t\t\t<\/div>\n\t\t<\/div>\n\t\t\t\t<div class=\"elementor-column elementor-col-50 elementor-top-column elementor-element elementor-element-9ffd328\" data-id=\"9ffd328\" data-element_type=\"column\" data-e-type=\"column\" data-settings=\"{&quot;background_background&quot;:&quot;classic&quot;}\">\n\t\t\t<div class=\"elementor-widget-wrap elementor-element-populated\">\n\t\t\t\t\t\t<div class=\"elementor-element elementor-element-1e192cd elementor-widget elementor-widget-heading\" data-id=\"1e192cd\" data-element_type=\"widget\" data-e-type=\"widget\" data-widget_type=\"heading.default\">\n\t\t\t\t<div class=\"elementor-widget-container\">\n\t\t\t\t\t<h2 class=\"elementor-heading-title elementor-size-default\">Details<\/h2>\t\t\t\t<\/div>\n\t\t\t\t<\/div>\n\t\t\t\t<div class=\"elementor-element elementor-element-0d9fbdf elementor-widget elementor-widget-text-editor\" data-id=\"0d9fbdf\" data-element_type=\"widget\" data-e-type=\"widget\" data-widget_type=\"text-editor.default\">\n\t\t\t\t<div class=\"elementor-widget-container\">\n\t\t\t\t\t\t\t\t\t<p>Office Igls | Station Patscherkofelbahn Valley<\/p><p>R\u00f6merstra\u00dfe 81, 6080 Igls<\/p><p><b>Opening times<\/b><\/p><p>Daily 9 am to 1:30 pm &amp; 2:30 pm to 4 pm<\/p><p>Phone: <a style=\"color: white;\" href=\"tel:+4369910790160\">+43 699 107 90 160<\/a><\/p>\t\t\t\t\t\t\t\t<\/div>\n\t\t\t\t<\/div>\n\t\t\t\t<div class=\"elementor-element elementor-element-d2df1ad elementor-widget elementor-widget-button\" data-id=\"d2df1ad\" data-element_type=\"widget\" data-e-type=\"widget\" data-widget_type=\"button.default\">\n\t\t\t\t<div class=\"elementor-widget-container\">\n\t\t\t\t\t\t\t\t\t<div class=\"elementor-button-wrapper\">\n\t\t\t\t\t<a class=\"elementor-button elementor-button-link elementor-size-sm\" href=\"https:\/\/maps.app.goo.gl\/dZGsfJyv7nA6n5jW8\">\n\t\t\t\t\t\t<span class=\"elementor-button-content-wrapper\">\n\t\t\t\t\t\t<span class=\"elementor-button-icon\">\n\t\t\t\t<i aria-hidden=\"true\" class=\"fas fa-map-marker-alt\"><\/i>\t\t\t<\/span>\n\t\t\t\t\t\t\t\t\t<span class=\"elementor-button-text\">Show in Google Maps<\/span>\n\t\t\t\t\t<\/span>\n\t\t\t\t\t<\/a>\n\t\t\t\t<\/div>\n\t\t\t\t\t\t\t\t<\/div>\n\t\t\t\t<\/div>\n\t\t\t\t\t<\/div>\n\t\t<\/div>\n\t\t\t\t\t<\/div>\n\t\t<\/section>\n\t\t\t\t<section class=\"elementor-section elementor-top-section elementor-element elementor-element-1c47088 elementor-section-boxed elementor-section-height-default elementor-section-height-default\" data-id=\"1c47088\" data-element_type=\"section\" data-e-type=\"section\">\n\t\t\t\t\t\t<div class=\"elementor-container elementor-column-gap-default\">\n\t\t\t\t\t<div class=\"elementor-column elementor-col-50 elementor-top-column elementor-element elementor-element-231987e\" data-id=\"231987e\" data-element_type=\"column\" data-e-type=\"column\">\n\t\t\t<div class=\"elementor-widget-wrap elementor-element-populated\">\n\t\t\t\t\t\t<div class=\"elementor-element elementor-element-d4a1e19 elementor-widget elementor-widget-heading\" data-id=\"d4a1e19\" data-element_type=\"widget\" data-e-type=\"widget\" data-widget_type=\"heading.default\">\n\t\t\t\t<div class=\"elementor-widget-container\">\n\t\t\t\t\t<h2 class=\"elementor-heading-title elementor-size-default\">Innsbruck Main Office<\/h2>\t\t\t\t<\/div>\n\t\t\t\t<\/div>\n\t\t\t\t<div class=\"elementor-element elementor-element-cc05ed6 elementor-widget elementor-widget-text-editor\" data-id=\"cc05ed6\" data-element_type=\"widget\" data-e-type=\"widget\" data-widget_type=\"text-editor.default\">\n\t\t\t\t<div class=\"elementor-widget-container\">\n\t\t\t\t\t\t\t\t\t<p>In the basement of the sports store \"Die B\u00f6rse\" you can personally make bookings and rent the equipment.<\/p>\t\t\t\t\t\t\t\t<\/div>\n\t\t\t\t<\/div>\n\t\t\t\t\t<\/div>\n\t\t<\/div>\n\t\t\t\t<div class=\"elementor-column elementor-col-50 elementor-top-column elementor-element elementor-element-5a997a8\" data-id=\"5a997a8\" data-element_type=\"column\" data-e-type=\"column\" data-settings=\"{&quot;background_background&quot;:&quot;classic&quot;}\">\n\t\t\t<div class=\"elementor-widget-wrap elementor-element-populated\">\n\t\t\t\t\t\t<div class=\"elementor-element elementor-element-95e16e0 elementor-widget elementor-widget-heading\" data-id=\"95e16e0\" data-element_type=\"widget\" data-e-type=\"widget\" data-widget_type=\"heading.default\">\n\t\t\t\t<div class=\"elementor-widget-container\">\n\t\t\t\t\t<h2 class=\"elementor-heading-title elementor-size-default\">Details<\/h2>\t\t\t\t<\/div>\n\t\t\t\t<\/div>\n\t\t\t\t<div class=\"elementor-element elementor-element-8fe8d08 elementor-widget elementor-widget-text-editor\" data-id=\"8fe8d08\" data-element_type=\"widget\" data-e-type=\"widget\" data-widget_type=\"text-editor.default\">\n\t\t\t\t<div class=\"elementor-widget-container\">\n\t\t\t\t\t\t\t\t\t<p>Sportsstore \u201eDie B\u00f6rse\u201d<br \/>Leopoldstra\u00dfe 4<br \/>6020 Innsbruck<\/p><p><span style=\"font-family: var( --e-global-typography-text-font-family ), Sans-serif; background-color: var( --e-global-color-secondary ); font-size: 1rem;\"><b>Opening times<\/b><\/span><\/p><p>Mo - Sat 8:30 am \u2013 6:30 pm<br \/>So 8:30 am\u2013 12 am &amp; 3 pm \u2013 6:30 pm<\/p><p>Phone: <span style=\"color: #ffffff;\"><a style=\"color: #ffffff;\" href=\"tel:+436602144660\">+43 660 21 44 660<\/a><\/span><br \/>Hotline: <span style=\"color: #ffffff;\"><a style=\"color: #ffffff;\" href=\"tel:+4369910128730\">+43 699 101 28 730<\/a><\/span><\/p>\t\t\t\t\t\t\t\t<\/div>\n\t\t\t\t<\/div>\n\t\t\t\t<div class=\"elementor-element elementor-element-4b6910a elementor-widget elementor-widget-button\" data-id=\"4b6910a\" data-element_type=\"widget\" data-e-type=\"widget\" data-widget_type=\"button.default\">\n\t\t\t\t<div class=\"elementor-widget-container\">\n\t\t\t\t\t\t\t\t\t<div class=\"elementor-button-wrapper\">\n\t\t\t\t\t<a class=\"elementor-button elementor-button-link elementor-size-sm\" href=\"https:\/\/maps.app.goo.gl\/riRSdcyk5UR1hrTe6\">\n\t\t\t\t\t\t<span class=\"elementor-button-content-wrapper\">\n\t\t\t\t\t\t<span class=\"elementor-button-icon\">\n\t\t\t\t<i aria-hidden=\"true\" class=\"fas fa-map-marker-alt\"><\/i>\t\t\t<\/span>\n\t\t\t\t\t\t\t\t\t<span class=\"elementor-button-text\">Show in Google Maps<\/span>\n\t\t\t\t\t<\/span>\n\t\t\t\t\t<\/a>\n\t\t\t\t<\/div>\n\t\t\t\t\t\t\t\t<\/div>\n\t\t\t\t<\/div>\n\t\t\t\t\t<\/div>\n\t\t<\/div>\n\t\t\t\t\t<\/div>\n\t\t<\/section>\n\t\t\t\t<section class=\"elementor-section elementor-top-section elementor-element elementor-element-fffdb24 elementor-section-boxed elementor-section-height-default elementor-section-height-default\" data-id=\"fffdb24\" data-element_type=\"section\" data-e-type=\"section\">\n\t\t\t\t\t\t<div class=\"elementor-container elementor-column-gap-default\">\n\t\t\t\t\t<div class=\"elementor-column elementor-col-50 elementor-top-column elementor-element elementor-element-b1e826e\" data-id=\"b1e826e\" data-element_type=\"column\" data-e-type=\"column\">\n\t\t\t<div class=\"elementor-widget-wrap elementor-element-populated\">\n\t\t\t\t\t\t<div class=\"elementor-element elementor-element-d6610d3 elementor-widget elementor-widget-heading\" data-id=\"d6610d3\" data-element_type=\"widget\" data-e-type=\"widget\" data-widget_type=\"heading.default\">\n\t\t\t\t<div class=\"elementor-widget-container\">\n\t\t\t\t\t<h2 class=\"elementor-heading-title elementor-size-default\">Office &amp; Ski Rental Nordkette\n<\/h2>\t\t\t\t<\/div>\n\t\t\t\t<\/div>\n\t\t\t\t<div class=\"elementor-element elementor-element-cbfe775 elementor-widget elementor-widget-text-editor\" data-id=\"cbfe775\" data-element_type=\"widget\" data-e-type=\"widget\" data-widget_type=\"text-editor.default\">\n\t\t\t\t<div class=\"elementor-widget-container\">\n\t\t\t\t\t\t\t\t\t<p>Get off the cable car at Seegrube station, leave the building and walk across the restaurant terrace. Round the corner to the right, you will find our office and the ski hire shop in the Nordkette\/Seegrube ski area.<\/p><p><strong><span class=\"miniheadline\">Arrival with Hungerburgbahn and gondola:<\/span><\/strong><\/p><ul><li>Take the Hungerburgbahn funicular from Innsbruck, departing from the \u2018Altstadt\u2019, \u2018ORF Tirol\u2019 or \u2018Alpenzoo\u2019 stations (runs every 15 minutes). At the Hungerburg terminus, change to the Seegrubenbahn funicular and continue to the Seegrube station. You can find the stops here: <a href=\"https:\/\/maps.app.goo.gl\/fSF84WXvHnqV3JtP7\">https:\/\/maps.app.goo.gl\/fSF84WXvHnqV3JtP7<\/a><\/li><\/ul><p><strong><span class=\"miniheadline\">Arrival by car and gondola:<\/span><\/strong><\/p><ul><li>Take your private car to the Hungerburg district (H\u00f6henstra\u00dfe 145, 6020 Innsbruck). From there, take the Seegrubenbahn cable car to the Seegrube station. Please note: If you arrive by private car, you will be required to pay a parking fee, which will be refunded when you purchase your ski pass. <strong>We recommend travelling by public transport, due to limited parking!<\/strong><\/li><\/ul><p><strong><span class=\"miniheadline\">Arrival by bus and gondola:<\/span><\/strong><\/p><ul><li><strong>The \u2018J-Nordkette\u2019 bus line <\/strong>runs directly from the city centre to the Seegrubenbahn valley station. The bus can be used free of charge with a guest card or ski equipment. Get off at the final stop, \u2018Innsbruck Nordkette\u2019, walk up the steps and go directly to the ticket office, where you can buy your lift tickets. Then take the Seegrubenbahn up the mountain. The bus stops for the J-Nordkette line and the locations of our ski school offices and the \u2018die B\u00f6rse\u2019 ski hire in Innsbruck and on the mountain can be found here on Google Maps: <a href=\"https:\/\/maps.app.goo.gl\/tKs8KrFZiwFueSqG7\">https:\/\/maps.app.goo.gl\/tKs8KrFZiwFueSqG7<\/a><\/li><\/ul><p><strong><span class=\"miniheadline\">Taxi:<\/span><\/strong><\/p><ul><li>Travel in comfort by taxi from your hotel or ski hire shop directly to the ski resort \u2013 see below or here for prices: <a href=\"https:\/\/skischule-innsbruck.com\/en\/sportsshuttle\/\">https:\/\/skischule-innsbruck.com\/sportsshuttle\/<\/a><br \/>Bookable by email, telephone or directly on site.\u00a0<\/li><\/ul><p>You can find information about ski tickets <a href=\"https:\/\/nordkette.com\/de\/ticketshop.html\">here.<\/a><\/p>\t\t\t\t\t\t\t\t<\/div>\n\t\t\t\t<\/div>\n\t\t\t\t\t<\/div>\n\t\t<\/div>\n\t\t\t\t<div class=\"elementor-column elementor-col-50 elementor-top-column elementor-element elementor-element-687a0ee\" data-id=\"687a0ee\" data-element_type=\"column\" data-e-type=\"column\" data-settings=\"{&quot;background_background&quot;:&quot;classic&quot;}\">\n\t\t\t<div class=\"elementor-widget-wrap elementor-element-populated\">\n\t\t\t\t\t\t<div class=\"elementor-element elementor-element-9ff0a67 elementor-widget elementor-widget-heading\" data-id=\"9ff0a67\" data-element_type=\"widget\" data-e-type=\"widget\" data-widget_type=\"heading.default\">\n\t\t\t\t<div class=\"elementor-widget-container\">\n\t\t\t\t\t<h2 class=\"elementor-heading-title elementor-size-default\">Details<\/h2>\t\t\t\t<\/div>\n\t\t\t\t<\/div>\n\t\t\t\t<div class=\"elementor-element elementor-element-28b7efb elementor-widget elementor-widget-text-editor\" data-id=\"28b7efb\" data-element_type=\"widget\" data-e-type=\"widget\" data-widget_type=\"text-editor.default\">\n\t\t\t\t<div class=\"elementor-widget-container\">\n\t\t\t\t\t\t\t\t\t<p><strong>At the mountain Seegrube<\/strong><\/p><p>The office is located at the back of the building complex on the Seegrube.<\/p><p>Daily 9 am \u2013 12 am &amp; 1 pm \u2013 4 pm<\/p><p>Phone: <span style=\"color: #ffffff;\"><a style=\"color: #ffffff;\" href=\"tel:+4369911008494\">+43 699 110 08 494<\/a><\/span><\/p>\t\t\t\t\t\t\t\t<\/div>\n\t\t\t\t<\/div>\n\t\t\t\t<div class=\"elementor-element elementor-element-f3cb868 elementor-widget elementor-widget-button\" data-id=\"f3cb868\" data-element_type=\"widget\" data-e-type=\"widget\" data-widget_type=\"button.default\">\n\t\t\t\t<div class=\"elementor-widget-container\">\n\t\t\t\t\t\t\t\t\t<div class=\"elementor-button-wrapper\">\n\t\t\t\t\t<a class=\"elementor-button elementor-button-link elementor-size-sm\" href=\"https:\/\/maps.app.goo.gl\/7qGj7ta3eT7oYXwG9\">\n\t\t\t\t\t\t<span class=\"elementor-button-content-wrapper\">\n\t\t\t\t\t\t<span class=\"elementor-button-icon\">\n\t\t\t\t<i aria-hidden=\"true\" class=\"fas fa-map-marker-alt\"><\/i>\t\t\t<\/span>\n\t\t\t\t\t\t\t\t\t<span class=\"elementor-button-text\">Show in Google Maps<\/span>\n\t\t\t\t\t<\/span>\n\t\t\t\t\t<\/a>\n\t\t\t\t<\/div>\n\t\t\t\t\t\t\t\t<\/div>\n\t\t\t\t<\/div>\n\t\t\t\t\t<\/div>\n\t\t<\/div>\n\t\t\t\t\t<\/div>\n\t\t<\/section>\n\t\t\t\t<section class=\"elementor-section elementor-top-section elementor-element elementor-element-309942e elementor-section-boxed elementor-section-height-default elementor-section-height-default\" data-id=\"309942e\" data-element_type=\"section\" data-e-type=\"section\">\n\t\t\t\t\t\t<div class=\"elementor-container elementor-column-gap-default\">\n\t\t\t\t\t<div class=\"elementor-column elementor-col-100 elementor-top-column elementor-element elementor-element-10765cb\" data-id=\"10765cb\" data-element_type=\"column\" data-e-type=\"column\">\n\t\t\t<div class=\"elementor-widget-wrap elementor-element-populated\">\n\t\t\t\t\t\t<div class=\"elementor-element elementor-element-9c5e1f7 elementor-widget elementor-widget-heading\" data-id=\"9c5e1f7\" data-element_type=\"widget\" data-e-type=\"widget\" data-widget_type=\"heading.default\">\n\t\t\t\t<div class=\"elementor-widget-container\">\n\t\t\t\t\t<h2 class=\"elementor-heading-title elementor-size-default\">SportsShuttle<\/h2>\t\t\t\t<\/div>\n\t\t\t\t<\/div>\n\t\t\t\t<div class=\"elementor-element elementor-element-b127727 elementor-widget elementor-widget-text-editor\" data-id=\"b127727\" data-element_type=\"widget\" data-e-type=\"widget\" data-widget_type=\"text-editor.default\">\n\t\t\t\t<div class=\"elementor-widget-container\">\n\t\t\t\t\t\t\t\t\t<p><strong><span class=\"miniheadline\">Your shuttle for a relaxed arrival to the ski resort<\/span><\/strong><\/p><p>We are happy to pick you up from the hotel and bring you, your children and all the equipment to the ski resort. For more information click here. <a href=\"https:\/\/skischule-innsbruck.com\/en\/sportsshuttle\/\">here<\/a>.<br \/>Schreiben Sie uns dazu einfach eine Anfrage!<\/p>\t\t\t\t\t\t\t\t<\/div>\n\t\t\t\t<\/div>\n\t\t\t\t\t<\/div>\n\t\t<\/div>\n\t\t\t\t\t<\/div>\n\t\t<\/section>\n\t\t\t\t<\/div>","protected":false},"excerpt":{"rendered":"<p>Veranstaltungsorte &amp; Treffpunkte B\u00fcro Patscherkofel Das B\u00fcro befindet sich im nord-\u00f6stlichen Teil des Geb\u00e4udekomplexes. Unser B\u00fcro befindet sich im Untergescho\u00df des Geb\u00e4udes. Es ist grau-rot beklebt und direkt davor steht eine gro\u00dfe rote Fahne. Anreise mit dem Bus: Die Buslinie \u201eJ-Patscherkofel\u201c (Innsbrucker Verkehrsbetriebe) f\u00e4hrt direkt vom Stadtzentrum zur Talstation der Patscherkofelbahn. Der Bus ist mit [&hellip;]<\/p>\n","protected":false},"author":1,"featured_media":0,"parent":0,"menu_order":0,"comment_status":"closed","ping_status":"closed","template":"elementor_header_footer","meta":{"footnotes":""},"class_list":["post-1003","page","type-page","status-publish","hentry"],"acf":[],"_links":{"self":[{"href":"https:\/\/skischule-innsbruck.com\/en\/wp-json\/wp\/v2\/pages\/1003","targetHints":{"allow":["GET"]}}],"collection":[{"href":"https:\/\/skischule-innsbruck.com\/en\/wp-json\/wp\/v2\/pages"}],"about":[{"href":"https:\/\/skischule-innsbruck.com\/en\/wp-json\/wp\/v2\/types\/page"}],"author":[{"embeddable":true,"href":"https:\/\/skischule-innsbruck.com\/en\/wp-json\/wp\/v2\/users\/1"}],"replies":[{"embeddable":true,"href":"https:\/\/skischule-innsbruck.com\/en\/wp-json\/wp\/v2\/comments?post=1003"}],"version-history":[{"count":154,"href":"https:\/\/skischule-innsbruck.com\/en\/wp-json\/wp\/v2\/pages\/1003\/revisions"}],"predecessor-version":[{"id":7417,"href":"https:\/\/skischule-innsbruck.com\/en\/wp-json\/wp\/v2\/pages\/1003\/revisions\/7417"}],"wp:attachment":[{"href":"https:\/\/skischule-innsbruck.com\/en\/wp-json\/wp\/v2\/media?parent=1003"}],"curies":[{"name":"wp","href":"https:\/\/api.w.org\/{rel}","templated":true}]}}